{"id":1020,"date":"2020-09-16T12:01:58","date_gmt":"2020-09-16T12:01:58","guid":{"rendered":"http:\/\/lpg.angels-garden.hu\/?page_id=1020"},"modified":"2025-03-29T17:34:06","modified_gmt":"2025-03-29T17:34:06","slug":"gratulalunk-a-kevezmenyeidhez","status":"publish","type":"page","link":"https:\/\/lpg.angels-garden.hu\/index.php\/regisztracio\/gratulalunk-a-kevezmenyeidhez\/","title":{"rendered":"Gratul\u00e1lunk a kedvezm\u00e9nyeidhez"},"content":{"rendered":"\n<h3 class=\"wp-block-heading\"><\/h3>\n\n\n\n<p>Meger\u0151s\u00edt\u00e9sed sikeres volt! Gratul\u00e1lunk, \u00e9lt\u00e9l a lehet\u0151s\u00e9ggel \u00e9s regisztr\u00e1lt\u00e1l kedvezm\u00e9nyeinkre! Mostant\u00f3l az 72 \u00f3r\u00e1d van , hogy, id\u0151pontot egyeztess vel\u00fcnk az \u00e1ltalad kiv\u00e1lasztott kezel\u00e9sre, 40 % -os kedvezm\u00e9nnyel. Pr\u00f3b\u00e1lj ki minket \u00e9s szaktud\u00e1sunkat most kock\u00e1zatmentesen tapasztald meg a k\u00fcl\u00f6nbs\u00e9get m\u00e1r az els\u0151 alkalommal.<\/p>\n\n\n\n<p>Eg\u00e9szs\u00e9gk\u00f6zpont- Mi a Te probl\u00e9m\u00e1dra f\u00f3kusz\u00e1lunk \u2013 nem sablon alapj\u00e1n dolgozzunk. C\u00e9lunk, hogy egy\u00e9nre szabottan Neked seg\u00edts\u00fcnk az eg\u00e9szs\u00e9ges test \u00e9s l\u00e9lek harm\u00f3nia el\u00e9r\u00e9s\u00e9ben. <\/p>\n\n\n\n<p>\u201c\u00c9rezted a v\u00e1ltoz\u00e1st az els\u0151 kezel\u00e9s ut\u00e1n? Most itt a lehet\u0151s\u00e9g, hogy m\u00e9g tart\u00f3sabb \u00e9s l\u00e1tv\u00e1nyosabb eredm\u00e9nyeket \u00e9rj el!<\/p>\n\n\n\n<p>Ha az els\u0151 alkalommal elnyerte a tetsz\u00e9sedet, \u00e9s szeretn\u00e9d fokozni a hat\u00e1st, most 20% kedvezm\u00e9nnyel v\u00e1s\u00e1rolhatsz b\u00e9rletet!<\/p>\n\n\n\n<figure class=\"wp-block-image\"><img decoding=\"async\" src=\"https:\/\/static.xx.fbcdn.net\/images\/emoji.php\/v9\/t33\/1\/16\/2705.png\" alt=\"\u2705\"\/><\/figure>\n\n\n\n<p>Hosszabb t\u00e1v\u00fa, l\u00e1tv\u00e1nyos eredm\u00e9nyek<\/p>\n\n\n\n<figure class=\"wp-block-image\"><img decoding=\"async\" src=\"https:\/\/static.xx.fbcdn.net\/images\/emoji.php\/v9\/t33\/1\/16\/2705.png\" alt=\"\u2705\"\/><\/figure>\n\n\n\n<p>M\u00e9g hat\u00e9konyabb alakform\u00e1l\u00e1s \u00e9s regener\u00e1ci\u00f3<\/p>\n\n\n\n<figure class=\"wp-block-image\"><img decoding=\"async\" src=\"https:\/\/static.xx.fbcdn.net\/images\/emoji.php\/v9\/t33\/1\/16\/2705.png\" alt=\"\u2705\"\/><\/figure>\n\n\n\n<p>Exkluz\u00edv aj\u00e1nlat csak az els\u0151 alkalom ut\u00e1n!<\/p>\n\n\n\n<p>Amikor elj\u00f6ssz hozz\u00e1nk az els\u0151 kedvezm\u00e9nyes kezel\u00e9sedre, lehet\u0151s\u00e9ged van b\u00e9rlet v\u00e1s\u00e1rl\u00e1sra a helyszinen 20 %-os kedvezm\u00e9nnyel.<\/p>\n\n\n\n\n\n<p>Ne feledd, a kedvezm\u00e9nyedet a regisztr\u00e1ci\u00f3t k\u00f6vet\u0151en  72 \u00f3r\u00e1n bel\u0171l k\u00e9rj id\u0151pontot , hogy megkaphasd a kedvezm\u00e9nyt.<\/p>\n\n\n\n<p>Foglalj id\u0151pontot most online az al\u00e1bbi linken, ne t\u00e9vesszen meg a kedvezm\u00e9nyed nem jelenik meg az id\u0151pontfoglal\u00e1sn\u00e1l, de \u00e9l a kedvezm\u00e9nyed a regisztr\u00e1ci\u00f3dra hivatkozva.<\/p>\n\n\n\n<p><\/p>\n\n\n\n<div class=\"wp-block-buttons is-layout-flex wp-block-buttons-is-layout-flex\">\n<div class=\"wp-block-button\"><a class=\"wp-block-button__link wp-element-button\" href=\"https:\/\/angels-garden-egeszsegkozpont.salonic.hu\/selectSpecialization\/?placeId=10891\">Online id\u0151pontfoglal\u00e1s<\/a><\/div>\n<\/div>\n\n\n\n<p>Vagy egyeztess\u00fcnk id\u0151pontot az al\u00e1bbi telefonsz\u00e1mon<\/p>\n\n\n\n<p> +36301717985<\/p>\n\n\n\n<p>Ha b\u00e1rmilyen k\u00e9rd\u00e9sed van, fordulj hozz\u00e1nk bizalommal!<\/p>\n\n\n\n<p><\/p>\n\n\n\n<figure class=\"wp-block-image size-full\"><img loading=\"lazy\" decoding=\"async\" width=\"746\" height=\"720\" src=\"http:\/\/lpg.angels-garden.hu\/wp-content\/uploads\/2025\/03\/velemany1.jpg\" alt=\"\" class=\"wp-image-1588\" srcset=\"https:\/\/lpg.angels-garden.hu\/wp-content\/uploads\/2025\/03\/velemany1.jpg 746w, https:\/\/lpg.angels-garden.hu\/wp-content\/uploads\/2025\/03\/velemany1-300x290.jpg 300w, https:\/\/lpg.angels-garden.hu\/wp-content\/uploads\/2025\/03\/velemany1-36x36.jpg 36w, https:\/\/lpg.angels-garden.hu\/wp-content\/uploads\/2025\/03\/velemany1-705x680.jpg 705w, https:\/\/lpg.angels-garden.hu\/wp-content\/uploads\/2025\/03\/velemany1-450x434.jpg 450w, https:\/\/lpg.angels-garden.hu\/wp-content\/uploads\/2025\/03\/velemany1-600x579.jpg 600w\" sizes=\"auto, (max-width: 746px) 100vw, 746px\" \/><\/figure>\n\n\n\n<figure class=\"wp-block-image size-full\"><img loading=\"lazy\" decoding=\"async\" width=\"966\" height=\"720\" src=\"http:\/\/lpg.angels-garden.hu\/wp-content\/uploads\/2025\/03\/velemeny.jpg\" alt=\"\" class=\"wp-image-1590\" srcset=\"https:\/\/lpg.angels-garden.hu\/wp-content\/uploads\/2025\/03\/velemeny.jpg 966w, https:\/\/lpg.angels-garden.hu\/wp-content\/uploads\/2025\/03\/velemeny-300x224.jpg 300w, https:\/\/lpg.angels-garden.hu\/wp-content\/uploads\/2025\/03\/velemeny-768x572.jpg 768w, https:\/\/lpg.angels-garden.hu\/wp-content\/uploads\/2025\/03\/velemeny-705x525.jpg 705w, https:\/\/lpg.angels-garden.hu\/wp-content\/uploads\/2025\/03\/velemeny-450x335.jpg 450w, https:\/\/lpg.angels-garden.hu\/wp-content\/uploads\/2025\/03\/velemeny-600x447.jpg 600w\" sizes=\"auto, (max-width: 966px) 100vw, 966px\" \/><\/figure>\n\n\n\n<figure class=\"wp-block-image size-full\"><img loading=\"lazy\" decoding=\"async\" width=\"834\" height=\"720\" src=\"http:\/\/lpg.angels-garden.hu\/wp-content\/uploads\/2025\/03\/velemny.jpg\" alt=\"\" class=\"wp-image-1589\" srcset=\"https:\/\/lpg.angels-garden.hu\/wp-content\/uploads\/2025\/03\/velemny.jpg 834w, https:\/\/lpg.angels-garden.hu\/wp-content\/uploads\/2025\/03\/velemny-300x259.jpg 300w, https:\/\/lpg.angels-garden.hu\/wp-content\/uploads\/2025\/03\/velemny-768x663.jpg 768w, https:\/\/lpg.angels-garden.hu\/wp-content\/uploads\/2025\/03\/velemny-705x609.jpg 705w, https:\/\/lpg.angels-garden.hu\/wp-content\/uploads\/2025\/03\/velemny-450x388.jpg 450w, https:\/\/lpg.angels-garden.hu\/wp-content\/uploads\/2025\/03\/velemny-600x518.jpg 600w\" sizes=\"auto, (max-width: 834px) 100vw, 834px\" \/><\/figure>\n","protected":false},"excerpt":{"rendered":"<p>Meger\u0151s\u00edt\u00e9sed sikeres volt! Gratul\u00e1lunk, \u00e9lt\u00e9l a lehet\u0151s\u00e9ggel \u00e9s regisztr\u00e1lt\u00e1l kedvezm\u00e9nyeinkre! Mostant\u00f3l az 72 \u00f3r\u00e1d van , hogy, id\u0151pontot egyeztess vel\u00fcnk az \u00e1ltalad kiv\u00e1lasztott kezel\u00e9sre, 40 % -os kedvezm\u00e9nnyel. Pr\u00f3b\u00e1lj ki minket \u00e9s szaktud\u00e1sunkat most kock\u00e1zatmentesen tapasztald meg a k\u00fcl\u00f6nbs\u00e9get m\u00e1r az els\u0151 alkalommal. Eg\u00e9szs\u00e9gk\u00f6zpont- Mi a Te probl\u00e9m\u00e1dra f\u00f3kusz\u00e1lunk \u2013 nem sablon alapj\u00e1n dolgozzunk. C\u00e9lunk, [&hellip;]<\/p>\n","protected":false},"author":2,"featured_media":584,"parent":1007,"menu_order":0,"comment_status":"closed","ping_status":"closed","template":"","meta":{"footnotes":""},"class_list":["post-1020","page","type-page","status-publish","has-post-thumbnail","hentry"],"yoast_head":"<!-- This site is optimized with the Yoast SEO plugin v27.5 - https:\/\/yoast.com\/product\/yoast-seo-wordpress\/ -->\n<title>Gratul\u00e1lunk a kedvezm\u00e9nyeidhez - lpg.angels-garden.hu<\/title>\n<meta name=\"robots\" content=\"index, follow, max-snippet:-1, max-image-preview:large, max-video-preview:-1\" \/>\n<link rel=\"canonical\" href=\"https:\/\/lpg.angels-garden.hu\/index.php\/regisztracio\/gratulalunk-a-kevezmenyeidhez\/\" \/>\n<meta property=\"og:locale\" content=\"hu_HU\" \/>\n<meta property=\"og:type\" content=\"article\" \/>\n<meta property=\"og:title\" content=\"Gratul\u00e1lunk a kedvezm\u00e9nyeidhez - lpg.angels-garden.hu\" \/>\n<meta property=\"og:description\" content=\"Meger\u0151s\u00edt\u00e9sed sikeres volt! Gratul\u00e1lunk, \u00e9lt\u00e9l a lehet\u0151s\u00e9ggel \u00e9s regisztr\u00e1lt\u00e1l kedvezm\u00e9nyeinkre! Mostant\u00f3l az 72 \u00f3r\u00e1d van , hogy, id\u0151pontot egyeztess vel\u00fcnk az \u00e1ltalad kiv\u00e1lasztott kezel\u00e9sre, 40 % -os kedvezm\u00e9nnyel. Pr\u00f3b\u00e1lj ki minket \u00e9s szaktud\u00e1sunkat most kock\u00e1zatmentesen tapasztald meg a k\u00fcl\u00f6nbs\u00e9get m\u00e1r az els\u0151 alkalommal. Eg\u00e9szs\u00e9gk\u00f6zpont- Mi a Te probl\u00e9m\u00e1dra f\u00f3kusz\u00e1lunk \u2013 nem sablon alapj\u00e1n dolgozzunk. C\u00e9lunk, [&hellip;]\" \/>\n<meta property=\"og:url\" content=\"https:\/\/lpg.angels-garden.hu\/index.php\/regisztracio\/gratulalunk-a-kevezmenyeidhez\/\" \/>\n<meta property=\"og:site_name\" content=\"lpg.angels-garden.hu\" \/>\n<meta property=\"article:modified_time\" content=\"2025-03-29T17:34:06+00:00\" \/>\n<meta property=\"og:image\" content=\"http:\/\/lpg.angels-garden.hu\/wp-content\/uploads\/2020\/07\/46486090_191523448461993_6815214840701779968_n.jpg\" \/>\n\t<meta property=\"og:image:width\" content=\"1024\" \/>\n\t<meta property=\"og:image:height\" content=\"545\" \/>\n\t<meta property=\"og:image:type\" content=\"image\/jpeg\" \/>\n<meta name=\"twitter:card\" content=\"summary_large_image\" \/>\n<meta name=\"twitter:label1\" content=\"Becs\u00fclt olvas\u00e1si id\u0151\" \/>\n\t<meta name=\"twitter:data1\" content=\"3 perc\" \/>\n<script type=\"application\/ld+json\" class=\"yoast-schema-graph\">{\"@context\":\"https:\\\/\\\/schema.org\",\"@graph\":[{\"@type\":\"WebPage\",\"@id\":\"https:\\\/\\\/lpg.angels-garden.hu\\\/index.php\\\/regisztracio\\\/gratulalunk-a-kevezmenyeidhez\\\/\",\"url\":\"https:\\\/\\\/lpg.angels-garden.hu\\\/index.php\\\/regisztracio\\\/gratulalunk-a-kevezmenyeidhez\\\/\",\"name\":\"Gratul\u00e1lunk a kedvezm\u00e9nyeidhez - lpg.angels-garden.hu\",\"isPartOf\":{\"@id\":\"https:\\\/\\\/lpg.angels-garden.hu\\\/#website\"},\"primaryImageOfPage\":{\"@id\":\"https:\\\/\\\/lpg.angels-garden.hu\\\/index.php\\\/regisztracio\\\/gratulalunk-a-kevezmenyeidhez\\\/#primaryimage\"},\"image\":{\"@id\":\"https:\\\/\\\/lpg.angels-garden.hu\\\/index.php\\\/regisztracio\\\/gratulalunk-a-kevezmenyeidhez\\\/#primaryimage\"},\"thumbnailUrl\":\"https:\\\/\\\/lpg.angels-garden.hu\\\/wp-content\\\/uploads\\\/2020\\\/07\\\/46486090_191523448461993_6815214840701779968_n.jpg\",\"datePublished\":\"2020-09-16T12:01:58+00:00\",\"dateModified\":\"2025-03-29T17:34:06+00:00\",\"breadcrumb\":{\"@id\":\"https:\\\/\\\/lpg.angels-garden.hu\\\/index.php\\\/regisztracio\\\/gratulalunk-a-kevezmenyeidhez\\\/#breadcrumb\"},\"inLanguage\":\"hu\",\"potentialAction\":[{\"@type\":\"ReadAction\",\"target\":[\"https:\\\/\\\/lpg.angels-garden.hu\\\/index.php\\\/regisztracio\\\/gratulalunk-a-kevezmenyeidhez\\\/\"]}]},{\"@type\":\"ImageObject\",\"inLanguage\":\"hu\",\"@id\":\"https:\\\/\\\/lpg.angels-garden.hu\\\/index.php\\\/regisztracio\\\/gratulalunk-a-kevezmenyeidhez\\\/#primaryimage\",\"url\":\"https:\\\/\\\/lpg.angels-garden.hu\\\/wp-content\\\/uploads\\\/2020\\\/07\\\/46486090_191523448461993_6815214840701779968_n.jpg\",\"contentUrl\":\"https:\\\/\\\/lpg.angels-garden.hu\\\/wp-content\\\/uploads\\\/2020\\\/07\\\/46486090_191523448461993_6815214840701779968_n.jpg\",\"width\":1024,\"height\":545},{\"@type\":\"BreadcrumbList\",\"@id\":\"https:\\\/\\\/lpg.angels-garden.hu\\\/index.php\\\/regisztracio\\\/gratulalunk-a-kevezmenyeidhez\\\/#breadcrumb\",\"itemListElement\":[{\"@type\":\"ListItem\",\"position\":1,\"name\":\"Kezd\u0151lap\",\"item\":\"https:\\\/\\\/lpg.angels-garden.hu\\\/\"},{\"@type\":\"ListItem\",\"position\":2,\"name\":\"Regisztr\u00e1ci\u00f3\",\"item\":\"https:\\\/\\\/lpg.angels-garden.hu\\\/index.php\\\/regisztracio\\\/\"},{\"@type\":\"ListItem\",\"position\":3,\"name\":\"Gratul\u00e1lunk a kedvezm\u00e9nyeidhez\"}]},{\"@type\":\"WebSite\",\"@id\":\"https:\\\/\\\/lpg.angels-garden.hu\\\/#website\",\"url\":\"https:\\\/\\\/lpg.angels-garden.hu\\\/\",\"name\":\"lpg.angels-garden.hu\",\"description\":\"Massz\u00e1zsok arc \u00e9s testkezel\u00e9sek Lpg kezel\u00e9s\",\"potentialAction\":[{\"@type\":\"SearchAction\",\"target\":{\"@type\":\"EntryPoint\",\"urlTemplate\":\"https:\\\/\\\/lpg.angels-garden.hu\\\/?s={search_term_string}\"},\"query-input\":{\"@type\":\"PropertyValueSpecification\",\"valueRequired\":true,\"valueName\":\"search_term_string\"}}],\"inLanguage\":\"hu\"}]}<\/script>\n<!-- \/ Yoast SEO plugin. -->","yoast_head_json":{"title":"Gratul\u00e1lunk a kedvezm\u00e9nyeidhez - lpg.angels-garden.hu","robots":{"index":"index","follow":"follow","max-snippet":"max-snippet:-1","max-image-preview":"max-image-preview:large","max-video-preview":"max-video-preview:-1"},"canonical":"https:\/\/lpg.angels-garden.hu\/index.php\/regisztracio\/gratulalunk-a-kevezmenyeidhez\/","og_locale":"hu_HU","og_type":"article","og_title":"Gratul\u00e1lunk a kedvezm\u00e9nyeidhez - lpg.angels-garden.hu","og_description":"Meger\u0151s\u00edt\u00e9sed sikeres volt! Gratul\u00e1lunk, \u00e9lt\u00e9l a lehet\u0151s\u00e9ggel \u00e9s regisztr\u00e1lt\u00e1l kedvezm\u00e9nyeinkre! Mostant\u00f3l az 72 \u00f3r\u00e1d van , hogy, id\u0151pontot egyeztess vel\u00fcnk az \u00e1ltalad kiv\u00e1lasztott kezel\u00e9sre, 40 % -os kedvezm\u00e9nnyel. Pr\u00f3b\u00e1lj ki minket \u00e9s szaktud\u00e1sunkat most kock\u00e1zatmentesen tapasztald meg a k\u00fcl\u00f6nbs\u00e9get m\u00e1r az els\u0151 alkalommal. Eg\u00e9szs\u00e9gk\u00f6zpont- Mi a Te probl\u00e9m\u00e1dra f\u00f3kusz\u00e1lunk \u2013 nem sablon alapj\u00e1n dolgozzunk. C\u00e9lunk, [&hellip;]","og_url":"https:\/\/lpg.angels-garden.hu\/index.php\/regisztracio\/gratulalunk-a-kevezmenyeidhez\/","og_site_name":"lpg.angels-garden.hu","article_modified_time":"2025-03-29T17:34:06+00:00","og_image":[{"width":1024,"height":545,"url":"http:\/\/lpg.angels-garden.hu\/wp-content\/uploads\/2020\/07\/46486090_191523448461993_6815214840701779968_n.jpg","type":"image\/jpeg"}],"twitter_card":"summary_large_image","twitter_misc":{"Becs\u00fclt olvas\u00e1si id\u0151":"3 perc"},"schema":{"@context":"https:\/\/schema.org","@graph":[{"@type":"WebPage","@id":"https:\/\/lpg.angels-garden.hu\/index.php\/regisztracio\/gratulalunk-a-kevezmenyeidhez\/","url":"https:\/\/lpg.angels-garden.hu\/index.php\/regisztracio\/gratulalunk-a-kevezmenyeidhez\/","name":"Gratul\u00e1lunk a kedvezm\u00e9nyeidhez - lpg.angels-garden.hu","isPartOf":{"@id":"https:\/\/lpg.angels-garden.hu\/#website"},"primaryImageOfPage":{"@id":"https:\/\/lpg.angels-garden.hu\/index.php\/regisztracio\/gratulalunk-a-kevezmenyeidhez\/#primaryimage"},"image":{"@id":"https:\/\/lpg.angels-garden.hu\/index.php\/regisztracio\/gratulalunk-a-kevezmenyeidhez\/#primaryimage"},"thumbnailUrl":"https:\/\/lpg.angels-garden.hu\/wp-content\/uploads\/2020\/07\/46486090_191523448461993_6815214840701779968_n.jpg","datePublished":"2020-09-16T12:01:58+00:00","dateModified":"2025-03-29T17:34:06+00:00","breadcrumb":{"@id":"https:\/\/lpg.angels-garden.hu\/index.php\/regisztracio\/gratulalunk-a-kevezmenyeidhez\/#breadcrumb"},"inLanguage":"hu","potentialAction":[{"@type":"ReadAction","target":["https:\/\/lpg.angels-garden.hu\/index.php\/regisztracio\/gratulalunk-a-kevezmenyeidhez\/"]}]},{"@type":"ImageObject","inLanguage":"hu","@id":"https:\/\/lpg.angels-garden.hu\/index.php\/regisztracio\/gratulalunk-a-kevezmenyeidhez\/#primaryimage","url":"https:\/\/lpg.angels-garden.hu\/wp-content\/uploads\/2020\/07\/46486090_191523448461993_6815214840701779968_n.jpg","contentUrl":"https:\/\/lpg.angels-garden.hu\/wp-content\/uploads\/2020\/07\/46486090_191523448461993_6815214840701779968_n.jpg","width":1024,"height":545},{"@type":"BreadcrumbList","@id":"https:\/\/lpg.angels-garden.hu\/index.php\/regisztracio\/gratulalunk-a-kevezmenyeidhez\/#breadcrumb","itemListElement":[{"@type":"ListItem","position":1,"name":"Kezd\u0151lap","item":"https:\/\/lpg.angels-garden.hu\/"},{"@type":"ListItem","position":2,"name":"Regisztr\u00e1ci\u00f3","item":"https:\/\/lpg.angels-garden.hu\/index.php\/regisztracio\/"},{"@type":"ListItem","position":3,"name":"Gratul\u00e1lunk a kedvezm\u00e9nyeidhez"}]},{"@type":"WebSite","@id":"https:\/\/lpg.angels-garden.hu\/#website","url":"https:\/\/lpg.angels-garden.hu\/","name":"lpg.angels-garden.hu","description":"Massz\u00e1zsok arc \u00e9s testkezel\u00e9sek Lpg kezel\u00e9s","potentialAction":[{"@type":"SearchAction","target":{"@type":"EntryPoint","urlTemplate":"https:\/\/lpg.angels-garden.hu\/?s={search_term_string}"},"query-input":{"@type":"PropertyValueSpecification","valueRequired":true,"valueName":"search_term_string"}}],"inLanguage":"hu"}]}},"_links":{"self":[{"href":"https:\/\/lpg.angels-garden.hu\/index.php\/wp-json\/wp\/v2\/pages\/1020","targetHints":{"allow":["GET"]}}],"collection":[{"href":"https:\/\/lpg.angels-garden.hu\/index.php\/wp-json\/wp\/v2\/pages"}],"about":[{"href":"https:\/\/lpg.angels-garden.hu\/index.php\/wp-json\/wp\/v2\/types\/page"}],"author":[{"embeddable":true,"href":"https:\/\/lpg.angels-garden.hu\/index.php\/wp-json\/wp\/v2\/users\/2"}],"replies":[{"embeddable":true,"href":"https:\/\/lpg.angels-garden.hu\/index.php\/wp-json\/wp\/v2\/comments?post=1020"}],"version-history":[{"count":7,"href":"https:\/\/lpg.angels-garden.hu\/index.php\/wp-json\/wp\/v2\/pages\/1020\/revisions"}],"predecessor-version":[{"id":1594,"href":"https:\/\/lpg.angels-garden.hu\/index.php\/wp-json\/wp\/v2\/pages\/1020\/revisions\/1594"}],"up":[{"embeddable":true,"href":"https:\/\/lpg.angels-garden.hu\/index.php\/wp-json\/wp\/v2\/pages\/1007"}],"wp:featuredmedia":[{"embeddable":true,"href":"https:\/\/lpg.angels-garden.hu\/index.php\/wp-json\/wp\/v2\/media\/584"}],"wp:attachment":[{"href":"https:\/\/lpg.angels-garden.hu\/index.php\/wp-json\/wp\/v2\/media?parent=1020"}],"curies":[{"name":"wp","href":"https:\/\/api.w.org\/{rel}","templated":true}]}}