{"id":1042,"date":"2020-09-17T09:00:39","date_gmt":"2020-09-17T09:00:39","guid":{"rendered":"http:\/\/lpg.angels-garden.hu\/?page_id=1042"},"modified":"2025-03-29T17:11:43","modified_gmt":"2025-03-29T17:11:43","slug":"regisztracio-megerositese","status":"publish","type":"page","link":"https:\/\/lpg.angels-garden.hu\/index.php\/regisztracio\/regisztracio-megerositese\/","title":{"rendered":"Regisztr\u00e1ci\u00f3 meger\u0151sit\u00e9se"},"content":{"rendered":"<section  class='av_textblock_section av-l92sho1b-daf3ca358288f573611c76f2a1a7ba00 '   itemscope=\"itemscope\" itemtype=\"https:\/\/schema.org\/CreativeWork\" ><div class='avia_textblock'  itemprop=\"text\" ><p>K\u00f6sz\u00f6nj\u00fck regisztr\u00e1ci\u00f3d de ahhoz, hogy ez v\u00e9gleges legyen \u00e9s megkaphasd a kedvezm\u00e9nyt m\u00e9g meg kell azt er\u0151s\u00edtsd,\u00a0<strong>k\u00e9rlek figyeld emailfi\u00f3kod, mert regisztr\u00e1ci\u00f3d v\u00e9gleges\u00edt\u00e9se c\u00e9lj\u00e1b\u00f3l k\u00fcld\u00f6k egy emailt.<\/strong><\/p>\n<p>Az emailben lesz egy regisztr\u00e1ci\u00f3 meger\u0151s\u00edt\u00e9st k\u00e9r\u0151 link, amire\u00a0<strong>r\u00e1 kell kattints.<\/strong><br \/>\nEz az int\u00e9zked\u00e9s a Te v\u00e9delmedet szolg\u00e1lja, hogy senki se \u00e9lhessen vissza email c\u00edmeddel.<\/p>\n<p>Fontos, hogy ne felejts el r\u00e1kattintani<strong>\u00a0a meger\u0151s\u00edt\u00e9st k\u00e9r\u0151 linkre, mert regisztr\u00e1ci\u00f3d csak ekkor v\u00e1lik v\u00e9glegess\u00e9.<\/strong><\/p>\n<p>Az email n\u00e9h\u00e1ny percen bel\u00fcl meg kell \u00e9rkezzen. El\u0151fordul, hogy pl.: a gmail spam-k\u00e9nt vagy prom\u00f3ci\u00f3s lev\u00e9lk\u00e9nt kezeli a leveleket, ez\u00e9rt k\u00e9rlek n\u00e9zd \u00e1t ezeket a mapp\u00e1kat is \u00e9s ha ide \u00e9rkezett a lev\u00e9l azt tedd \u00e1t a bej\u00f6v\u0151 levelek k\u00f6z\u00e9. Ha maximum 24 \u00f3r\u00e1n bel\u00fcl nem kapsz t\u0151lem emailt, k\u00e9rlek jelezd azt fel\u00e9m el\u00e9rhet\u0151s\u00e9geim egyik\u00e9n.<\/p>\n<p><em>&#8222;S\u00fclin\u00e9 K\u00f6bli Kl\u00e1r\u00e1nak h\u00edvnak, 34 \u00e9ves vagyok, k\u00e9t gyermek \u00e9desanyja. Terhess\u00e9geim alatt nem h\u00edztam sokat, a norm\u00e1lis 10-13 kg-mal gyarapodtam. A s\u00falyom nem is annyira zavart, mert a 64 kg a 170 cm-es magass\u00e1gomhoz pont az ide\u00e1lis tests\u00faly, ink\u00e1bb az \u00faj, g\u00f6mb\u00f6lydedebb form\u00e1m okozott egyre t\u00f6bbsz\u00f6r gondot, mert egy\u00e1ltal\u00e1n nem tetszettem \u00edgy magamnak, \u00e9s ahogy haladt az id\u0151 egyre ink\u00e1bb nem. Egy \u00e9vvel ezel\u0151tt elkezdtem hast\u00e1ncot tanulni, kis csoportunkat fell\u00e9p\u00e9sekre is felszokt\u00e1k k\u00e9rni. Az idei ny\u00e1r eleji fell\u00e9p\u00e9s\u00fcnk volt elkesered\u00e9sem tet\u0151pontja, amikor is az itthoni gyakorl\u00e1s sor\u00e1n \u00e1lltam a t\u00fck\u00f6r el\u0151tt a fell\u00e9p\u0151ruh\u00e1mban, itt h\u00e1j, ott h\u00e1j, itt hurka, ott hurka, h\u00e1t \u00edgy n\u00e9zek \u00e9n ki?Megsz\u00fcletett bennem az elhat\u00e1roz\u00e1s, hogy most tal\u00e1n valamit tennem kell. De egy\u00e1ltal\u00e1n nem tudtam, hogy mit csin\u00e1ljak. Hogy kell elkezdeni egy fogy\u00f3k\u00far\u00e1t? Mit egyek \u00e9s mit ne egyek? J\u00e1rjak torn\u00e1zni vagy fussak, biciklizzek? A lehet\u0151 legjobbkor ad\u00f3dott a lehet\u0151s\u00e9g erre a kezel\u00e9sre. Nagy v\u00e1rakoz\u00e1ssal mentem a legels\u0151re, \u00c9vi szak\u00e9rtelme \u00e9s kedvess\u00e9ge meggy\u0151z\u00f6tt arr\u00f3l, hogy nem hi\u00e1ba fogok ide j\u00e1rni. \u00c9s l\u00e1m m\u00e1r r\u00f6gt\u00f6n az els\u0151 alkalommal l\u00e1that\u00f3 volt, hogy szebb lett a combom \u00e9s a cs\u00edp\u0151m sem olyan volt, mint el\u0151tte. Kb. a harmadik alkalom ut\u00e1n \u00f6sszefutottam egy ismer\u0151ssel, aki nem l\u00e1t minden nap , \u00e9s megk\u00e9rdezte, hogy fogytam-e, \u00c9n meg csak mosolyogtam. az \u00f6t\u00f6dik kezel\u00e9s k\u00f6rny\u00e9k\u00e9n \u00e9szrevettem, hogy a ny\u00e1ri nadr\u00e1gomat szint\u00e9n nem t\u00f6lt\u0151m ki annyira, mint eddig. A farmerem nadr\u00e1gsz\u00edj\u00e1t is egy lukkal beljebb tudom csatolni. A bar\u00e1tn\u0151m a tizedik kezel\u00e9s ut\u00e1n l\u00e1tott, \u00e9s kikerekedett a szeme, hogy mennyit v\u00e1ltozott az alakom. Na \u00e9s persze a hast\u00e1ncos ruh\u00e1mban is jobban n\u00e9zek ki. Azt m\u00e1r csak pluszk\u00e9nt eml\u00edtem, hogy a b\u0151r\u00f6m sokkal szebb lett. A v\u00e1ltoz\u00e1s a legszembet\u0171n\u0151bb a f\u00e9nyk\u00e9peken volt. Amikor megn\u00e9ztem az els\u0151 \u00e9s a tizedik alkalomkor k\u00e9sz\u00fclt felv\u00e9teleket, azt hittem, el\u00e1julok. Nem akartam elhinni, hogy ekkorra a k\u00fcl\u00f6nbs\u00e9g. Nagyon sokat v\u00e1ltoztam, sokkal szebbnek l\u00e1tom most magamat. A c\u00e9lom most m\u00e1r az, hogy ezt az \u00e1llapotot meg\u0151rizzem.&#8221;<\/em><\/p>\n<\/div><\/section>\n\n<style type=\"text\/css\" data-created_by=\"avia_inline_auto\" id=\"style-css-av-m8ugwmvp-91d1e463728a47dec7ca27a019ce150f\">\n.avia-image-container.av-m8ugwmvp-91d1e463728a47dec7ca27a019ce150f img.avia_image{\nbox-shadow:none;\n}\n.avia-image-container.av-m8ugwmvp-91d1e463728a47dec7ca27a019ce150f .av-image-caption-overlay-center{\ncolor:#ffffff;\n}\n<\/style>\n<div  class='avia-image-container av-m8ugwmvp-91d1e463728a47dec7ca27a019ce150f av-styling- avia-align-center  avia-builder-el-1  el_after_av_textblock  el_before_av_image '   itemprop=\"image\" itemscope=\"itemscope\" itemtype=\"https:\/\/schema.org\/ImageObject\" ><div class=\"avia-image-container-inner\"><div class=\"avia-image-overlay-wrap\"><img decoding=\"async\" fetchpriority=\"high\" class='wp-image-1589 avia-img-lazy-loading-not-1589 avia_image ' src=\"https:\/\/lpg.angels-garden.hu\/wp-content\/uploads\/2025\/03\/velemny-300x259.jpg\" alt='' title='v\u00e9lemny'  height=\"259\" width=\"300\"  itemprop=\"thumbnailUrl\" srcset=\"https:\/\/lpg.angels-garden.hu\/wp-content\/uploads\/2025\/03\/velemny-300x259.jpg 300w, https:\/\/lpg.angels-garden.hu\/wp-content\/uploads\/2025\/03\/velemny-768x663.jpg 768w, https:\/\/lpg.angels-garden.hu\/wp-content\/uploads\/2025\/03\/velemny-705x609.jpg 705w, https:\/\/lpg.angels-garden.hu\/wp-content\/uploads\/2025\/03\/velemny-450x388.jpg 450w, https:\/\/lpg.angels-garden.hu\/wp-content\/uploads\/2025\/03\/velemny-600x518.jpg 600w, https:\/\/lpg.angels-garden.hu\/wp-content\/uploads\/2025\/03\/velemny.jpg 834w\" sizes=\"(max-width: 300px) 100vw, 300px\" \/><\/div><\/div><\/div>\n\n<style type=\"text\/css\" data-created_by=\"avia_inline_auto\" id=\"style-css-av-m8ugx3te-ce6fbc0390fa45d37c14c4332aade630\">\n.avia-image-container.av-m8ugx3te-ce6fbc0390fa45d37c14c4332aade630 img.avia_image{\nbox-shadow:none;\n}\n.avia-image-container.av-m8ugx3te-ce6fbc0390fa45d37c14c4332aade630 .av-image-caption-overlay-center{\ncolor:#ffffff;\n}\n<\/style>\n<div  class='avia-image-container av-m8ugx3te-ce6fbc0390fa45d37c14c4332aade630 av-styling- avia-align-center  avia-builder-el-2  el_after_av_image  avia-builder-el-last '   itemprop=\"image\" itemscope=\"itemscope\" itemtype=\"https:\/\/schema.org\/ImageObject\" ><div class=\"avia-image-container-inner\"><div class=\"avia-image-overlay-wrap\"><img decoding=\"async\" fetchpriority=\"high\" class='wp-image-1588 avia-img-lazy-loading-not-1588 avia_image ' src=\"https:\/\/lpg.angels-garden.hu\/wp-content\/uploads\/2025\/03\/velemany1-300x290.jpg\" alt='' title='velem\u00e1ny1'  height=\"290\" width=\"300\"  itemprop=\"thumbnailUrl\" srcset=\"https:\/\/lpg.angels-garden.hu\/wp-content\/uploads\/2025\/03\/velemany1-300x290.jpg 300w, https:\/\/lpg.angels-garden.hu\/wp-content\/uploads\/2025\/03\/velemany1-36x36.jpg 36w, https:\/\/lpg.angels-garden.hu\/wp-content\/uploads\/2025\/03\/velemany1-705x680.jpg 705w, https:\/\/lpg.angels-garden.hu\/wp-content\/uploads\/2025\/03\/velemany1-450x434.jpg 450w, https:\/\/lpg.angels-garden.hu\/wp-content\/uploads\/2025\/03\/velemany1-600x579.jpg 600w, https:\/\/lpg.angels-garden.hu\/wp-content\/uploads\/2025\/03\/velemany1.jpg 746w\" sizes=\"(max-width: 300px) 100vw, 300px\" \/><\/div><\/div><\/div>\n","protected":false},"excerpt":{"rendered":"","protected":false},"author":2,"featured_media":0,"parent":1007,"menu_order":0,"comment_status":"closed","ping_status":"closed","template":"","meta":{"footnotes":""},"class_list":["post-1042","page","type-page","status-publish","hentry"],"yoast_head":"<!-- This site is optimized with the Yoast SEO plugin v27.5 - https:\/\/yoast.com\/product\/yoast-seo-wordpress\/ -->\n<title>Regisztr\u00e1ci\u00f3 meger\u0151sit\u00e9se - lpg.angels-garden.hu<\/title>\n<meta name=\"robots\" content=\"index, follow, max-snippet:-1, max-image-preview:large, max-video-preview:-1\" \/>\n<link rel=\"canonical\" href=\"https:\/\/lpg.angels-garden.hu\/index.php\/regisztracio\/regisztracio-megerositese\/\" \/>\n<meta property=\"og:locale\" content=\"hu_HU\" \/>\n<meta property=\"og:type\" content=\"article\" \/>\n<meta property=\"og:title\" content=\"Regisztr\u00e1ci\u00f3 meger\u0151sit\u00e9se - lpg.angels-garden.hu\" \/>\n<meta property=\"og:url\" content=\"https:\/\/lpg.angels-garden.hu\/index.php\/regisztracio\/regisztracio-megerositese\/\" \/>\n<meta property=\"og:site_name\" content=\"lpg.angels-garden.hu\" \/>\n<meta property=\"article:modified_time\" content=\"2025-03-29T17:11:43+00:00\" \/>\n<meta name=\"twitter:card\" content=\"summary_large_image\" \/>\n<meta name=\"twitter:label1\" content=\"Becs\u00fclt olvas\u00e1si id\u0151\" \/>\n\t<meta name=\"twitter:data1\" content=\"3 perc\" \/>\n<script type=\"application\/ld+json\" class=\"yoast-schema-graph\">{\"@context\":\"https:\\\/\\\/schema.org\",\"@graph\":[{\"@type\":\"WebPage\",\"@id\":\"https:\\\/\\\/lpg.angels-garden.hu\\\/index.php\\\/regisztracio\\\/regisztracio-megerositese\\\/\",\"url\":\"https:\\\/\\\/lpg.angels-garden.hu\\\/index.php\\\/regisztracio\\\/regisztracio-megerositese\\\/\",\"name\":\"Regisztr\u00e1ci\u00f3 meger\u0151sit\u00e9se - lpg.angels-garden.hu\",\"isPartOf\":{\"@id\":\"https:\\\/\\\/lpg.angels-garden.hu\\\/#website\"},\"datePublished\":\"2020-09-17T09:00:39+00:00\",\"dateModified\":\"2025-03-29T17:11:43+00:00\",\"breadcrumb\":{\"@id\":\"https:\\\/\\\/lpg.angels-garden.hu\\\/index.php\\\/regisztracio\\\/regisztracio-megerositese\\\/#breadcrumb\"},\"inLanguage\":\"hu\",\"potentialAction\":[{\"@type\":\"ReadAction\",\"target\":[\"https:\\\/\\\/lpg.angels-garden.hu\\\/index.php\\\/regisztracio\\\/regisztracio-megerositese\\\/\"]}]},{\"@type\":\"BreadcrumbList\",\"@id\":\"https:\\\/\\\/lpg.angels-garden.hu\\\/index.php\\\/regisztracio\\\/regisztracio-megerositese\\\/#breadcrumb\",\"itemListElement\":[{\"@type\":\"ListItem\",\"position\":1,\"name\":\"Kezd\u0151lap\",\"item\":\"https:\\\/\\\/lpg.angels-garden.hu\\\/\"},{\"@type\":\"ListItem\",\"position\":2,\"name\":\"Regisztr\u00e1ci\u00f3\",\"item\":\"https:\\\/\\\/lpg.angels-garden.hu\\\/index.php\\\/regisztracio\\\/\"},{\"@type\":\"ListItem\",\"position\":3,\"name\":\"Regisztr\u00e1ci\u00f3 meger\u0151sit\u00e9se\"}]},{\"@type\":\"WebSite\",\"@id\":\"https:\\\/\\\/lpg.angels-garden.hu\\\/#website\",\"url\":\"https:\\\/\\\/lpg.angels-garden.hu\\\/\",\"name\":\"lpg.angels-garden.hu\",\"description\":\"Massz\u00e1zsok arc \u00e9s testkezel\u00e9sek Lpg kezel\u00e9s\",\"potentialAction\":[{\"@type\":\"SearchAction\",\"target\":{\"@type\":\"EntryPoint\",\"urlTemplate\":\"https:\\\/\\\/lpg.angels-garden.hu\\\/?s={search_term_string}\"},\"query-input\":{\"@type\":\"PropertyValueSpecification\",\"valueRequired\":true,\"valueName\":\"search_term_string\"}}],\"inLanguage\":\"hu\"}]}<\/script>\n<!-- \/ Yoast SEO plugin. -->","yoast_head_json":{"title":"Regisztr\u00e1ci\u00f3 meger\u0151sit\u00e9se - lpg.angels-garden.hu","robots":{"index":"index","follow":"follow","max-snippet":"max-snippet:-1","max-image-preview":"max-image-preview:large","max-video-preview":"max-video-preview:-1"},"canonical":"https:\/\/lpg.angels-garden.hu\/index.php\/regisztracio\/regisztracio-megerositese\/","og_locale":"hu_HU","og_type":"article","og_title":"Regisztr\u00e1ci\u00f3 meger\u0151sit\u00e9se - lpg.angels-garden.hu","og_url":"https:\/\/lpg.angels-garden.hu\/index.php\/regisztracio\/regisztracio-megerositese\/","og_site_name":"lpg.angels-garden.hu","article_modified_time":"2025-03-29T17:11:43+00:00","twitter_card":"summary_large_image","twitter_misc":{"Becs\u00fclt olvas\u00e1si id\u0151":"3 perc"},"schema":{"@context":"https:\/\/schema.org","@graph":[{"@type":"WebPage","@id":"https:\/\/lpg.angels-garden.hu\/index.php\/regisztracio\/regisztracio-megerositese\/","url":"https:\/\/lpg.angels-garden.hu\/index.php\/regisztracio\/regisztracio-megerositese\/","name":"Regisztr\u00e1ci\u00f3 meger\u0151sit\u00e9se - lpg.angels-garden.hu","isPartOf":{"@id":"https:\/\/lpg.angels-garden.hu\/#website"},"datePublished":"2020-09-17T09:00:39+00:00","dateModified":"2025-03-29T17:11:43+00:00","breadcrumb":{"@id":"https:\/\/lpg.angels-garden.hu\/index.php\/regisztracio\/regisztracio-megerositese\/#breadcrumb"},"inLanguage":"hu","potentialAction":[{"@type":"ReadAction","target":["https:\/\/lpg.angels-garden.hu\/index.php\/regisztracio\/regisztracio-megerositese\/"]}]},{"@type":"BreadcrumbList","@id":"https:\/\/lpg.angels-garden.hu\/index.php\/regisztracio\/regisztracio-megerositese\/#breadcrumb","itemListElement":[{"@type":"ListItem","position":1,"name":"Kezd\u0151lap","item":"https:\/\/lpg.angels-garden.hu\/"},{"@type":"ListItem","position":2,"name":"Regisztr\u00e1ci\u00f3","item":"https:\/\/lpg.angels-garden.hu\/index.php\/regisztracio\/"},{"@type":"ListItem","position":3,"name":"Regisztr\u00e1ci\u00f3 meger\u0151sit\u00e9se"}]},{"@type":"WebSite","@id":"https:\/\/lpg.angels-garden.hu\/#website","url":"https:\/\/lpg.angels-garden.hu\/","name":"lpg.angels-garden.hu","description":"Massz\u00e1zsok arc \u00e9s testkezel\u00e9sek Lpg kezel\u00e9s","potentialAction":[{"@type":"SearchAction","target":{"@type":"EntryPoint","urlTemplate":"https:\/\/lpg.angels-garden.hu\/?s={search_term_string}"},"query-input":{"@type":"PropertyValueSpecification","valueRequired":true,"valueName":"search_term_string"}}],"inLanguage":"hu"}]}},"_links":{"self":[{"href":"https:\/\/lpg.angels-garden.hu\/index.php\/wp-json\/wp\/v2\/pages\/1042","targetHints":{"allow":["GET"]}}],"collection":[{"href":"https:\/\/lpg.angels-garden.hu\/index.php\/wp-json\/wp\/v2\/pages"}],"about":[{"href":"https:\/\/lpg.angels-garden.hu\/index.php\/wp-json\/wp\/v2\/types\/page"}],"author":[{"embeddable":true,"href":"https:\/\/lpg.angels-garden.hu\/index.php\/wp-json\/wp\/v2\/users\/2"}],"replies":[{"embeddable":true,"href":"https:\/\/lpg.angels-garden.hu\/index.php\/wp-json\/wp\/v2\/comments?post=1042"}],"version-history":[{"count":7,"href":"https:\/\/lpg.angels-garden.hu\/index.php\/wp-json\/wp\/v2\/pages\/1042\/revisions"}],"predecessor-version":[{"id":1592,"href":"https:\/\/lpg.angels-garden.hu\/index.php\/wp-json\/wp\/v2\/pages\/1042\/revisions\/1592"}],"up":[{"embeddable":true,"href":"https:\/\/lpg.angels-garden.hu\/index.php\/wp-json\/wp\/v2\/pages\/1007"}],"wp:attachment":[{"href":"https:\/\/lpg.angels-garden.hu\/index.php\/wp-json\/wp\/v2\/media?parent=1042"}],"curies":[{"name":"wp","href":"https:\/\/api.w.org\/{rel}","templated":true}]}}