{"id":1110,"date":"2020-09-21T08:21:15","date_gmt":"2020-09-21T08:21:15","guid":{"rendered":"http:\/\/lpg.angels-garden.hu\/?page_id=1110"},"modified":"2020-09-21T08:21:16","modified_gmt":"2020-09-21T08:21:16","slug":"laza-kotoszovet-megerositesere-kotoszovet-tonusanak-javitasara","status":"publish","type":"page","link":"https:\/\/lpg.angels-garden.hu\/index.php\/lpg-kezeles-nyirokmasszazs\/lpg-kezeles\/laza-kotoszovet-megerositesere-kotoszovet-tonusanak-javitasara\/","title":{"rendered":"Laza k\u00f6t\u0151sz\u00f6vet meger\u0151s\u00edt\u00e9s\u00e9re, k\u00f6t\u0151sz\u00f6vet t\u00f3nus\u00e1nak jav\u00edt\u00e1s\u00e1ra."},"content":{"rendered":"\n<div class=\"wp-block-media-text alignwide is-stacked-on-mobile\"><figure class=\"wp-block-media-text__media\"><img loading=\"lazy\" decoding=\"async\" width=\"300\" height=\"200\" src=\"http:\/\/lpg.angels-garden.hu\/wp-content\/uploads\/2020\/07\/uszogumi-300x200-1.jpg\" alt=\"\" class=\"wp-image-635\"\/><\/figure><div class=\"wp-block-media-text__content\">\n<p>A k\u00f6t\u0151sz\u00f6vet gyenges\u00e9ge lehet \u00f6r\u00f6kl\u00f6tt \u00e1llapot is. Emellett a mozg\u00e1shi\u00e1ny, a terhess\u00e9g sor\u00e1n kialakult nagy s\u00falyt\u00f6bblet, \u00e9s a gyakori h\u00edz\u00e1s-fogy\u00e1s (yo-yo effektus), a helytelen t\u00e1pl\u00e1lkoz\u00e1s,elsavasod\u00e1s, a k\u00f6t\u0151sz\u00f6vet edz\u0151 kollag\u00e9n \u00e9s a nyomelemek hi\u00e1nya (pl szic\u00edlium), folyad\u00e9khi\u00e1ny, a szervezetben felgy\u00fclemlett m\u00e9reganyagok is vezethetnek k\u00f6t\u0151sz\u00f6veti gyenges\u00e9ghez. A k\u00f6t\u0151sz\u00f6veti gyenges\u00e9g lehet\u0151s\u00e9get ad a stri\u00e1k \u00e9s a narancsb\u0151r megjelen\u00e9s\u00e9nek.Fontos teh\u00e1t, hogy a k\u00f6t\u0151sz\u00f6veteket meger\u0151s\u00edts\u00fck, illetve megakad\u00e1lyozzuk gyeng\u00fcl\u00e9s\u00fck.<\/p>\n\n\n\n<p>Lipomassage jelent\u00e9s: k\u00f6t\u0151sz\u00f6vetmassz\u00e1zs, k\u00f6t\u0151sz\u00f6vet er\u0151s\u00edt\u00e9s.<br>Az Lpg Lipomassage kezel\u00e9s NEM egy f\u00e1jdalmas k\u00e9k-lila foltokat h\u00e1trahagy\u00f3 -k\u00f6t\u0151sz\u00f6vetet roncsol\u00f3 ter\u00e1pia, hanem egy kellemes, f\u00e1jdalommentes, alakform\u00e1l\u00f3, feszes\u00edt\u0151 \u2013 \u00e9s narancsb\u0151r elleni kezel\u00e9s sorozat.<\/p>\n<\/div><\/div>\n","protected":false},"excerpt":{"rendered":"<p>A k\u00f6t\u0151sz\u00f6vet gyenges\u00e9ge lehet \u00f6r\u00f6kl\u00f6tt \u00e1llapot is. Emellett a mozg\u00e1shi\u00e1ny, a terhess\u00e9g sor\u00e1n kialakult nagy s\u00falyt\u00f6bblet, \u00e9s a gyakori h\u00edz\u00e1s-fogy\u00e1s (yo-yo effektus), a helytelen t\u00e1pl\u00e1lkoz\u00e1s,elsavasod\u00e1s, a k\u00f6t\u0151sz\u00f6vet edz\u0151 kollag\u00e9n \u00e9s a nyomelemek hi\u00e1nya (pl szic\u00edlium), folyad\u00e9khi\u00e1ny, a szervezetben felgy\u00fclemlett m\u00e9reganyagok is vezethetnek k\u00f6t\u0151sz\u00f6veti gyenges\u00e9ghez. A k\u00f6t\u0151sz\u00f6veti gyenges\u00e9g lehet\u0151s\u00e9get ad a stri\u00e1k \u00e9s a narancsb\u0151r megjelen\u00e9s\u00e9nek.Fontos [&hellip;]<\/p>\n","protected":false},"author":2,"featured_media":0,"parent":154,"menu_order":0,"comment_status":"closed","ping_status":"closed","template":"","meta":{"footnotes":""},"class_list":["post-1110","page","type-page","status-publish","hentry"],"yoast_head":"<!-- This site is optimized with the Yoast SEO plugin v27.5 - https:\/\/yoast.com\/product\/yoast-seo-wordpress\/ -->\n<title>Laza k\u00f6t\u0151sz\u00f6vet meger\u0151s\u00edt\u00e9s\u00e9re, k\u00f6t\u0151sz\u00f6vet t\u00f3nus\u00e1nak jav\u00edt\u00e1s\u00e1ra. - lpg.angels-garden.hu<\/title>\n<meta name=\"robots\" content=\"index, follow, max-snippet:-1, max-image-preview:large, max-video-preview:-1\" \/>\n<link rel=\"canonical\" href=\"https:\/\/lpg.angels-garden.hu\/index.php\/lpg-masszazs-egeszseg-angels\/lpg-kezeles\/laza-kotoszovet-megerositesere-kotoszovet-tonusanak-javitasara\/\" \/>\n<meta property=\"og:locale\" content=\"hu_HU\" \/>\n<meta property=\"og:type\" content=\"article\" \/>\n<meta property=\"og:title\" content=\"Laza k\u00f6t\u0151sz\u00f6vet meger\u0151s\u00edt\u00e9s\u00e9re, k\u00f6t\u0151sz\u00f6vet t\u00f3nus\u00e1nak jav\u00edt\u00e1s\u00e1ra. - lpg.angels-garden.hu\" \/>\n<meta property=\"og:description\" content=\"A k\u00f6t\u0151sz\u00f6vet gyenges\u00e9ge lehet \u00f6r\u00f6kl\u00f6tt \u00e1llapot is. Emellett a mozg\u00e1shi\u00e1ny, a terhess\u00e9g sor\u00e1n kialakult nagy s\u00falyt\u00f6bblet, \u00e9s a gyakori h\u00edz\u00e1s-fogy\u00e1s (yo-yo effektus), a helytelen t\u00e1pl\u00e1lkoz\u00e1s,elsavasod\u00e1s, a k\u00f6t\u0151sz\u00f6vet edz\u0151 kollag\u00e9n \u00e9s a nyomelemek hi\u00e1nya (pl szic\u00edlium), folyad\u00e9khi\u00e1ny, a szervezetben felgy\u00fclemlett m\u00e9reganyagok is vezethetnek k\u00f6t\u0151sz\u00f6veti gyenges\u00e9ghez. A k\u00f6t\u0151sz\u00f6veti gyenges\u00e9g lehet\u0151s\u00e9get ad a stri\u00e1k \u00e9s a narancsb\u0151r megjelen\u00e9s\u00e9nek.Fontos [&hellip;]\" \/>\n<meta property=\"og:url\" content=\"https:\/\/lpg.angels-garden.hu\/index.php\/lpg-masszazs-egeszseg-angels\/lpg-kezeles\/laza-kotoszovet-megerositesere-kotoszovet-tonusanak-javitasara\/\" \/>\n<meta property=\"og:site_name\" content=\"lpg.angels-garden.hu\" \/>\n<meta property=\"article:modified_time\" content=\"2020-09-21T08:21:16+00:00\" \/>\n<meta property=\"og:image\" content=\"http:\/\/lpg.angels-garden.hu\/wp-content\/uploads\/2020\/07\/uszogumi-300x200-1.jpg\" \/>\n<meta name=\"twitter:card\" content=\"summary_large_image\" \/>\n<meta name=\"twitter:label1\" content=\"Becs\u00fclt olvas\u00e1si id\u0151\" \/>\n\t<meta name=\"twitter:data1\" content=\"1 perc\" \/>\n<script type=\"application\/ld+json\" class=\"yoast-schema-graph\">{\"@context\":\"https:\\\/\\\/schema.org\",\"@graph\":[{\"@type\":\"WebPage\",\"@id\":\"https:\\\/\\\/lpg.angels-garden.hu\\\/index.php\\\/lpg-masszazs-egeszseg-angels\\\/lpg-kezeles\\\/laza-kotoszovet-megerositesere-kotoszovet-tonusanak-javitasara\\\/\",\"url\":\"https:\\\/\\\/lpg.angels-garden.hu\\\/index.php\\\/lpg-masszazs-egeszseg-angels\\\/lpg-kezeles\\\/laza-kotoszovet-megerositesere-kotoszovet-tonusanak-javitasara\\\/\",\"name\":\"Laza k\u00f6t\u0151sz\u00f6vet meger\u0151s\u00edt\u00e9s\u00e9re, k\u00f6t\u0151sz\u00f6vet t\u00f3nus\u00e1nak jav\u00edt\u00e1s\u00e1ra. - lpg.angels-garden.hu\",\"isPartOf\":{\"@id\":\"https:\\\/\\\/lpg.angels-garden.hu\\\/#website\"},\"primaryImageOfPage\":{\"@id\":\"https:\\\/\\\/lpg.angels-garden.hu\\\/index.php\\\/lpg-masszazs-egeszseg-angels\\\/lpg-kezeles\\\/laza-kotoszovet-megerositesere-kotoszovet-tonusanak-javitasara\\\/#primaryimage\"},\"image\":{\"@id\":\"https:\\\/\\\/lpg.angels-garden.hu\\\/index.php\\\/lpg-masszazs-egeszseg-angels\\\/lpg-kezeles\\\/laza-kotoszovet-megerositesere-kotoszovet-tonusanak-javitasara\\\/#primaryimage\"},\"thumbnailUrl\":\"http:\\\/\\\/lpg.angels-garden.hu\\\/wp-content\\\/uploads\\\/2020\\\/07\\\/uszogumi-300x200-1.jpg\",\"datePublished\":\"2020-09-21T08:21:15+00:00\",\"dateModified\":\"2020-09-21T08:21:16+00:00\",\"breadcrumb\":{\"@id\":\"https:\\\/\\\/lpg.angels-garden.hu\\\/index.php\\\/lpg-masszazs-egeszseg-angels\\\/lpg-kezeles\\\/laza-kotoszovet-megerositesere-kotoszovet-tonusanak-javitasara\\\/#breadcrumb\"},\"inLanguage\":\"hu\",\"potentialAction\":[{\"@type\":\"ReadAction\",\"target\":[\"https:\\\/\\\/lpg.angels-garden.hu\\\/index.php\\\/lpg-masszazs-egeszseg-angels\\\/lpg-kezeles\\\/laza-kotoszovet-megerositesere-kotoszovet-tonusanak-javitasara\\\/\"]}]},{\"@type\":\"ImageObject\",\"inLanguage\":\"hu\",\"@id\":\"https:\\\/\\\/lpg.angels-garden.hu\\\/index.php\\\/lpg-masszazs-egeszseg-angels\\\/lpg-kezeles\\\/laza-kotoszovet-megerositesere-kotoszovet-tonusanak-javitasara\\\/#primaryimage\",\"url\":\"https:\\\/\\\/lpg.angels-garden.hu\\\/wp-content\\\/uploads\\\/2020\\\/07\\\/uszogumi-300x200-1.jpg\",\"contentUrl\":\"https:\\\/\\\/lpg.angels-garden.hu\\\/wp-content\\\/uploads\\\/2020\\\/07\\\/uszogumi-300x200-1.jpg\",\"width\":300,\"height\":200},{\"@type\":\"BreadcrumbList\",\"@id\":\"https:\\\/\\\/lpg.angels-garden.hu\\\/index.php\\\/lpg-masszazs-egeszseg-angels\\\/lpg-kezeles\\\/laza-kotoszovet-megerositesere-kotoszovet-tonusanak-javitasara\\\/#breadcrumb\",\"itemListElement\":[{\"@type\":\"ListItem\",\"position\":1,\"name\":\"Kezd\u0151lap\",\"item\":\"https:\\\/\\\/lpg.angels-garden.hu\\\/\"},{\"@type\":\"ListItem\",\"position\":2,\"name\":\"F\u0151oldal\",\"item\":\"https:\\\/\\\/lpg.angels-garden.hu\\\/\"},{\"@type\":\"ListItem\",\"position\":3,\"name\":\"Lpg Lipomassage Kezel\u00e9sek\",\"item\":\"https:\\\/\\\/lpg.angels-garden.hu\\\/index.php\\\/lpg-masszazs-egeszseg-angels\\\/lpg-kezeles\\\/\"},{\"@type\":\"ListItem\",\"position\":4,\"name\":\"Laza k\u00f6t\u0151sz\u00f6vet meger\u0151s\u00edt\u00e9s\u00e9re, k\u00f6t\u0151sz\u00f6vet t\u00f3nus\u00e1nak jav\u00edt\u00e1s\u00e1ra.\"}]},{\"@type\":\"WebSite\",\"@id\":\"https:\\\/\\\/lpg.angels-garden.hu\\\/#website\",\"url\":\"https:\\\/\\\/lpg.angels-garden.hu\\\/\",\"name\":\"lpg.angels-garden.hu\",\"description\":\"Massz\u00e1zsok arc \u00e9s testkezel\u00e9sek Lpg kezel\u00e9s\",\"potentialAction\":[{\"@type\":\"SearchAction\",\"target\":{\"@type\":\"EntryPoint\",\"urlTemplate\":\"https:\\\/\\\/lpg.angels-garden.hu\\\/?s={search_term_string}\"},\"query-input\":{\"@type\":\"PropertyValueSpecification\",\"valueRequired\":true,\"valueName\":\"search_term_string\"}}],\"inLanguage\":\"hu\"}]}<\/script>\n<!-- \/ Yoast SEO plugin. -->","yoast_head_json":{"title":"Laza k\u00f6t\u0151sz\u00f6vet meger\u0151s\u00edt\u00e9s\u00e9re, k\u00f6t\u0151sz\u00f6vet t\u00f3nus\u00e1nak jav\u00edt\u00e1s\u00e1ra. - lpg.angels-garden.hu","robots":{"index":"index","follow":"follow","max-snippet":"max-snippet:-1","max-image-preview":"max-image-preview:large","max-video-preview":"max-video-preview:-1"},"canonical":"https:\/\/lpg.angels-garden.hu\/index.php\/lpg-masszazs-egeszseg-angels\/lpg-kezeles\/laza-kotoszovet-megerositesere-kotoszovet-tonusanak-javitasara\/","og_locale":"hu_HU","og_type":"article","og_title":"Laza k\u00f6t\u0151sz\u00f6vet meger\u0151s\u00edt\u00e9s\u00e9re, k\u00f6t\u0151sz\u00f6vet t\u00f3nus\u00e1nak jav\u00edt\u00e1s\u00e1ra. - lpg.angels-garden.hu","og_description":"A k\u00f6t\u0151sz\u00f6vet gyenges\u00e9ge lehet \u00f6r\u00f6kl\u00f6tt \u00e1llapot is. Emellett a mozg\u00e1shi\u00e1ny, a terhess\u00e9g sor\u00e1n kialakult nagy s\u00falyt\u00f6bblet, \u00e9s a gyakori h\u00edz\u00e1s-fogy\u00e1s (yo-yo effektus), a helytelen t\u00e1pl\u00e1lkoz\u00e1s,elsavasod\u00e1s, a k\u00f6t\u0151sz\u00f6vet edz\u0151 kollag\u00e9n \u00e9s a nyomelemek hi\u00e1nya (pl szic\u00edlium), folyad\u00e9khi\u00e1ny, a szervezetben felgy\u00fclemlett m\u00e9reganyagok is vezethetnek k\u00f6t\u0151sz\u00f6veti gyenges\u00e9ghez. A k\u00f6t\u0151sz\u00f6veti gyenges\u00e9g lehet\u0151s\u00e9get ad a stri\u00e1k \u00e9s a narancsb\u0151r megjelen\u00e9s\u00e9nek.Fontos [&hellip;]","og_url":"https:\/\/lpg.angels-garden.hu\/index.php\/lpg-masszazs-egeszseg-angels\/lpg-kezeles\/laza-kotoszovet-megerositesere-kotoszovet-tonusanak-javitasara\/","og_site_name":"lpg.angels-garden.hu","article_modified_time":"2020-09-21T08:21:16+00:00","og_image":[{"url":"http:\/\/lpg.angels-garden.hu\/wp-content\/uploads\/2020\/07\/uszogumi-300x200-1.jpg","type":"","width":"","height":""}],"twitter_card":"summary_large_image","twitter_misc":{"Becs\u00fclt olvas\u00e1si id\u0151":"1 perc"},"schema":{"@context":"https:\/\/schema.org","@graph":[{"@type":"WebPage","@id":"https:\/\/lpg.angels-garden.hu\/index.php\/lpg-masszazs-egeszseg-angels\/lpg-kezeles\/laza-kotoszovet-megerositesere-kotoszovet-tonusanak-javitasara\/","url":"https:\/\/lpg.angels-garden.hu\/index.php\/lpg-masszazs-egeszseg-angels\/lpg-kezeles\/laza-kotoszovet-megerositesere-kotoszovet-tonusanak-javitasara\/","name":"Laza k\u00f6t\u0151sz\u00f6vet meger\u0151s\u00edt\u00e9s\u00e9re, k\u00f6t\u0151sz\u00f6vet t\u00f3nus\u00e1nak jav\u00edt\u00e1s\u00e1ra. - lpg.angels-garden.hu","isPartOf":{"@id":"https:\/\/lpg.angels-garden.hu\/#website"},"primaryImageOfPage":{"@id":"https:\/\/lpg.angels-garden.hu\/index.php\/lpg-masszazs-egeszseg-angels\/lpg-kezeles\/laza-kotoszovet-megerositesere-kotoszovet-tonusanak-javitasara\/#primaryimage"},"image":{"@id":"https:\/\/lpg.angels-garden.hu\/index.php\/lpg-masszazs-egeszseg-angels\/lpg-kezeles\/laza-kotoszovet-megerositesere-kotoszovet-tonusanak-javitasara\/#primaryimage"},"thumbnailUrl":"http:\/\/lpg.angels-garden.hu\/wp-content\/uploads\/2020\/07\/uszogumi-300x200-1.jpg","datePublished":"2020-09-21T08:21:15+00:00","dateModified":"2020-09-21T08:21:16+00:00","breadcrumb":{"@id":"https:\/\/lpg.angels-garden.hu\/index.php\/lpg-masszazs-egeszseg-angels\/lpg-kezeles\/laza-kotoszovet-megerositesere-kotoszovet-tonusanak-javitasara\/#breadcrumb"},"inLanguage":"hu","potentialAction":[{"@type":"ReadAction","target":["https:\/\/lpg.angels-garden.hu\/index.php\/lpg-masszazs-egeszseg-angels\/lpg-kezeles\/laza-kotoszovet-megerositesere-kotoszovet-tonusanak-javitasara\/"]}]},{"@type":"ImageObject","inLanguage":"hu","@id":"https:\/\/lpg.angels-garden.hu\/index.php\/lpg-masszazs-egeszseg-angels\/lpg-kezeles\/laza-kotoszovet-megerositesere-kotoszovet-tonusanak-javitasara\/#primaryimage","url":"https:\/\/lpg.angels-garden.hu\/wp-content\/uploads\/2020\/07\/uszogumi-300x200-1.jpg","contentUrl":"https:\/\/lpg.angels-garden.hu\/wp-content\/uploads\/2020\/07\/uszogumi-300x200-1.jpg","width":300,"height":200},{"@type":"BreadcrumbList","@id":"https:\/\/lpg.angels-garden.hu\/index.php\/lpg-masszazs-egeszseg-angels\/lpg-kezeles\/laza-kotoszovet-megerositesere-kotoszovet-tonusanak-javitasara\/#breadcrumb","itemListElement":[{"@type":"ListItem","position":1,"name":"Kezd\u0151lap","item":"https:\/\/lpg.angels-garden.hu\/"},{"@type":"ListItem","position":2,"name":"F\u0151oldal","item":"https:\/\/lpg.angels-garden.hu\/"},{"@type":"ListItem","position":3,"name":"Lpg Lipomassage Kezel\u00e9sek","item":"https:\/\/lpg.angels-garden.hu\/index.php\/lpg-masszazs-egeszseg-angels\/lpg-kezeles\/"},{"@type":"ListItem","position":4,"name":"Laza k\u00f6t\u0151sz\u00f6vet meger\u0151s\u00edt\u00e9s\u00e9re, k\u00f6t\u0151sz\u00f6vet t\u00f3nus\u00e1nak jav\u00edt\u00e1s\u00e1ra."}]},{"@type":"WebSite","@id":"https:\/\/lpg.angels-garden.hu\/#website","url":"https:\/\/lpg.angels-garden.hu\/","name":"lpg.angels-garden.hu","description":"Massz\u00e1zsok arc \u00e9s testkezel\u00e9sek Lpg kezel\u00e9s","potentialAction":[{"@type":"SearchAction","target":{"@type":"EntryPoint","urlTemplate":"https:\/\/lpg.angels-garden.hu\/?s={search_term_string}"},"query-input":{"@type":"PropertyValueSpecification","valueRequired":true,"valueName":"search_term_string"}}],"inLanguage":"hu"}]}},"_links":{"self":[{"href":"https:\/\/lpg.angels-garden.hu\/index.php\/wp-json\/wp\/v2\/pages\/1110","targetHints":{"allow":["GET"]}}],"collection":[{"href":"https:\/\/lpg.angels-garden.hu\/index.php\/wp-json\/wp\/v2\/pages"}],"about":[{"href":"https:\/\/lpg.angels-garden.hu\/index.php\/wp-json\/wp\/v2\/types\/page"}],"author":[{"embeddable":true,"href":"https:\/\/lpg.angels-garden.hu\/index.php\/wp-json\/wp\/v2\/users\/2"}],"replies":[{"embeddable":true,"href":"https:\/\/lpg.angels-garden.hu\/index.php\/wp-json\/wp\/v2\/comments?post=1110"}],"version-history":[{"count":1,"href":"https:\/\/lpg.angels-garden.hu\/index.php\/wp-json\/wp\/v2\/pages\/1110\/revisions"}],"predecessor-version":[{"id":1111,"href":"https:\/\/lpg.angels-garden.hu\/index.php\/wp-json\/wp\/v2\/pages\/1110\/revisions\/1111"}],"up":[{"embeddable":true,"href":"https:\/\/lpg.angels-garden.hu\/index.php\/wp-json\/wp\/v2\/pages\/154"}],"wp:attachment":[{"href":"https:\/\/lpg.angels-garden.hu\/index.php\/wp-json\/wp\/v2\/media?parent=1110"}],"curies":[{"name":"wp","href":"https:\/\/api.w.org\/{rel}","templated":true}]}}