{"id":1112,"date":"2020-09-21T08:25:49","date_gmt":"2020-09-21T08:25:49","guid":{"rendered":"http:\/\/lpg.angels-garden.hu\/?page_id=1112"},"modified":"2020-09-21T08:25:51","modified_gmt":"2020-09-21T08:25:51","slug":"centimeterekben-valo-kormeret-csokkentesre-fogyasra-es-alakformalasra","status":"publish","type":"page","link":"https:\/\/lpg.angels-garden.hu\/index.php\/lpg-kezeles-nyirokmasszazs\/lpg-kezeles\/centimeterekben-valo-kormeret-csokkentesre-fogyasra-es-alakformalasra\/","title":{"rendered":"Centim\u00e9terekben val\u00f3 k\u00f6rm\u00e9ret cs\u00f6kkent\u00e9sre, fogy\u00e1sra \u00e9s alakform\u00e1l\u00e1sra."},"content":{"rendered":"\n<div class=\"wp-block-media-text alignwide is-stacked-on-mobile\"><figure class=\"wp-block-media-text__media\"><img loading=\"lazy\" decoding=\"async\" width=\"900\" height=\"405\" src=\"http:\/\/lpg.angels-garden.hu\/wp-content\/uploads\/2020\/09\/fogyas2.jpg\" alt=\"\" class=\"wp-image-1046\" srcset=\"https:\/\/lpg.angels-garden.hu\/wp-content\/uploads\/2020\/09\/fogyas2.jpg 900w, https:\/\/lpg.angels-garden.hu\/wp-content\/uploads\/2020\/09\/fogyas2-600x270.jpg 600w, https:\/\/lpg.angels-garden.hu\/wp-content\/uploads\/2020\/09\/fogyas2-300x135.jpg 300w, https:\/\/lpg.angels-garden.hu\/wp-content\/uploads\/2020\/09\/fogyas2-768x346.jpg 768w, https:\/\/lpg.angels-garden.hu\/wp-content\/uploads\/2020\/09\/fogyas2-705x317.jpg 705w\" sizes=\"auto, (max-width: 900px) 100vw, 900px\" \/><\/figure><div class=\"wp-block-media-text__content\">\n<ul class=\"wp-block-list\"><li>M\u00e1r az els\u0151 alkalommal 0,5 -2,0 cm k\u00f6rm\u00e9retcs\u00f6kken\u00e9st\u00a0\u00e9rhetsz el, mely a zs\u00edrsejtek \u201csz\u00e9troppant\u00e1sa\u201d \u00e1ltal val\u00f3sithat\u00f3 meg. Ez egy f\u00e1jdalommentes, k\u00e9k-lila foltokat Nem h\u00e1trahagy\u00f3, m\u0171t\u00e9t n\u00e9lk\u00fcli kezel\u00e9s sorozat. A sorozat\u00a0form\u00e1lja a testedet, fogyaszt, feszes\u00edt, kont\u00faroz,er\u0151s\u00edti a k\u00f6t\u0151sz\u00f6vetedet, kezeli \u00e9s elt\u00fcnteti a\u00a0cellulitot, (narancsb\u0151r\u0151det), helyre\u00e1ll\u00edtja b\u0151r\u00f6d megereszked\u00e9s\u00e9t, jav\u00edtja laza t\u00f3nus\u00e1t. Mindemellett javitja a v\u00e9rkering\u00e9sed, nyirok kering\u00e9sed \u00e9s anyagcser\u00e9d.<\/li><\/ul>\n<\/div><\/div>\n","protected":false},"excerpt":{"rendered":"<p>M\u00e1r az els\u0151 alkalommal 0,5 -2,0 cm k\u00f6rm\u00e9retcs\u00f6kken\u00e9st\u00a0\u00e9rhetsz el, mely a zs\u00edrsejtek \u201csz\u00e9troppant\u00e1sa\u201d \u00e1ltal val\u00f3sithat\u00f3 meg. Ez egy f\u00e1jdalommentes, k\u00e9k-lila foltokat Nem h\u00e1trahagy\u00f3, m\u0171t\u00e9t n\u00e9lk\u00fcli kezel\u00e9s sorozat. A sorozat\u00a0form\u00e1lja a testedet, fogyaszt, feszes\u00edt, kont\u00faroz,er\u0151s\u00edti a k\u00f6t\u0151sz\u00f6vetedet, kezeli \u00e9s elt\u00fcnteti a\u00a0cellulitot, (narancsb\u0151r\u0151det), helyre\u00e1ll\u00edtja b\u0151r\u00f6d megereszked\u00e9s\u00e9t, jav\u00edtja laza t\u00f3nus\u00e1t. Mindemellett javitja a v\u00e9rkering\u00e9sed, nyirok kering\u00e9sed \u00e9s anyagcser\u00e9d.<\/p>\n","protected":false},"author":2,"featured_media":0,"parent":154,"menu_order":0,"comment_status":"closed","ping_status":"closed","template":"","meta":{"footnotes":""},"class_list":["post-1112","page","type-page","status-publish","hentry"],"yoast_head":"<!-- This site is optimized with the Yoast SEO plugin v27.5 - https:\/\/yoast.com\/product\/yoast-seo-wordpress\/ -->\n<title>Centim\u00e9terekben val\u00f3 k\u00f6rm\u00e9ret cs\u00f6kkent\u00e9sre, fogy\u00e1sra \u00e9s alakform\u00e1l\u00e1sra. - lpg.angels-garden.hu<\/title>\n<meta name=\"robots\" content=\"index, follow, max-snippet:-1, max-image-preview:large, max-video-preview:-1\" \/>\n<link rel=\"canonical\" href=\"https:\/\/lpg.angels-garden.hu\/index.php\/lpg-masszazs-egeszseg-angels\/lpg-kezeles\/centimeterekben-valo-kormeret-csokkentesre-fogyasra-es-alakformalasra\/\" \/>\n<meta property=\"og:locale\" content=\"hu_HU\" \/>\n<meta property=\"og:type\" content=\"article\" \/>\n<meta property=\"og:title\" content=\"Centim\u00e9terekben val\u00f3 k\u00f6rm\u00e9ret cs\u00f6kkent\u00e9sre, fogy\u00e1sra \u00e9s alakform\u00e1l\u00e1sra. - lpg.angels-garden.hu\" \/>\n<meta property=\"og:description\" content=\"M\u00e1r az els\u0151 alkalommal 0,5 -2,0 cm k\u00f6rm\u00e9retcs\u00f6kken\u00e9st\u00a0\u00e9rhetsz el, mely a zs\u00edrsejtek \u201csz\u00e9troppant\u00e1sa\u201d \u00e1ltal val\u00f3sithat\u00f3 meg. Ez egy f\u00e1jdalommentes, k\u00e9k-lila foltokat Nem h\u00e1trahagy\u00f3, m\u0171t\u00e9t n\u00e9lk\u00fcli kezel\u00e9s sorozat. A sorozat\u00a0form\u00e1lja a testedet, fogyaszt, feszes\u00edt, kont\u00faroz,er\u0151s\u00edti a k\u00f6t\u0151sz\u00f6vetedet, kezeli \u00e9s elt\u00fcnteti a\u00a0cellulitot, (narancsb\u0151r\u0151det), helyre\u00e1ll\u00edtja b\u0151r\u00f6d megereszked\u00e9s\u00e9t, jav\u00edtja laza t\u00f3nus\u00e1t. Mindemellett javitja a v\u00e9rkering\u00e9sed, nyirok kering\u00e9sed \u00e9s anyagcser\u00e9d.\" \/>\n<meta property=\"og:url\" content=\"https:\/\/lpg.angels-garden.hu\/index.php\/lpg-masszazs-egeszseg-angels\/lpg-kezeles\/centimeterekben-valo-kormeret-csokkentesre-fogyasra-es-alakformalasra\/\" \/>\n<meta property=\"og:site_name\" content=\"lpg.angels-garden.hu\" \/>\n<meta property=\"article:modified_time\" content=\"2020-09-21T08:25:51+00:00\" \/>\n<meta property=\"og:image\" content=\"http:\/\/lpg.angels-garden.hu\/wp-content\/uploads\/2020\/09\/fogyas2.jpg\" \/>\n<meta name=\"twitter:card\" content=\"summary_large_image\" \/>\n<script type=\"application\/ld+json\" class=\"yoast-schema-graph\">{\"@context\":\"https:\\\/\\\/schema.org\",\"@graph\":[{\"@type\":\"WebPage\",\"@id\":\"https:\\\/\\\/lpg.angels-garden.hu\\\/index.php\\\/lpg-masszazs-egeszseg-angels\\\/lpg-kezeles\\\/centimeterekben-valo-kormeret-csokkentesre-fogyasra-es-alakformalasra\\\/\",\"url\":\"https:\\\/\\\/lpg.angels-garden.hu\\\/index.php\\\/lpg-masszazs-egeszseg-angels\\\/lpg-kezeles\\\/centimeterekben-valo-kormeret-csokkentesre-fogyasra-es-alakformalasra\\\/\",\"name\":\"Centim\u00e9terekben val\u00f3 k\u00f6rm\u00e9ret cs\u00f6kkent\u00e9sre, fogy\u00e1sra \u00e9s alakform\u00e1l\u00e1sra. - lpg.angels-garden.hu\",\"isPartOf\":{\"@id\":\"https:\\\/\\\/lpg.angels-garden.hu\\\/#website\"},\"primaryImageOfPage\":{\"@id\":\"https:\\\/\\\/lpg.angels-garden.hu\\\/index.php\\\/lpg-masszazs-egeszseg-angels\\\/lpg-kezeles\\\/centimeterekben-valo-kormeret-csokkentesre-fogyasra-es-alakformalasra\\\/#primaryimage\"},\"image\":{\"@id\":\"https:\\\/\\\/lpg.angels-garden.hu\\\/index.php\\\/lpg-masszazs-egeszseg-angels\\\/lpg-kezeles\\\/centimeterekben-valo-kormeret-csokkentesre-fogyasra-es-alakformalasra\\\/#primaryimage\"},\"thumbnailUrl\":\"http:\\\/\\\/lpg.angels-garden.hu\\\/wp-content\\\/uploads\\\/2020\\\/09\\\/fogyas2.jpg\",\"datePublished\":\"2020-09-21T08:25:49+00:00\",\"dateModified\":\"2020-09-21T08:25:51+00:00\",\"breadcrumb\":{\"@id\":\"https:\\\/\\\/lpg.angels-garden.hu\\\/index.php\\\/lpg-masszazs-egeszseg-angels\\\/lpg-kezeles\\\/centimeterekben-valo-kormeret-csokkentesre-fogyasra-es-alakformalasra\\\/#breadcrumb\"},\"inLanguage\":\"hu\",\"potentialAction\":[{\"@type\":\"ReadAction\",\"target\":[\"https:\\\/\\\/lpg.angels-garden.hu\\\/index.php\\\/lpg-masszazs-egeszseg-angels\\\/lpg-kezeles\\\/centimeterekben-valo-kormeret-csokkentesre-fogyasra-es-alakformalasra\\\/\"]}]},{\"@type\":\"ImageObject\",\"inLanguage\":\"hu\",\"@id\":\"https:\\\/\\\/lpg.angels-garden.hu\\\/index.php\\\/lpg-masszazs-egeszseg-angels\\\/lpg-kezeles\\\/centimeterekben-valo-kormeret-csokkentesre-fogyasra-es-alakformalasra\\\/#primaryimage\",\"url\":\"https:\\\/\\\/lpg.angels-garden.hu\\\/wp-content\\\/uploads\\\/2020\\\/09\\\/fogyas2.jpg\",\"contentUrl\":\"https:\\\/\\\/lpg.angels-garden.hu\\\/wp-content\\\/uploads\\\/2020\\\/09\\\/fogyas2.jpg\",\"width\":900,\"height\":405},{\"@type\":\"BreadcrumbList\",\"@id\":\"https:\\\/\\\/lpg.angels-garden.hu\\\/index.php\\\/lpg-masszazs-egeszseg-angels\\\/lpg-kezeles\\\/centimeterekben-valo-kormeret-csokkentesre-fogyasra-es-alakformalasra\\\/#breadcrumb\",\"itemListElement\":[{\"@type\":\"ListItem\",\"position\":1,\"name\":\"Kezd\u0151lap\",\"item\":\"https:\\\/\\\/lpg.angels-garden.hu\\\/\"},{\"@type\":\"ListItem\",\"position\":2,\"name\":\"F\u0151oldal\",\"item\":\"https:\\\/\\\/lpg.angels-garden.hu\\\/\"},{\"@type\":\"ListItem\",\"position\":3,\"name\":\"Lpg Lipomassage Kezel\u00e9sek\",\"item\":\"https:\\\/\\\/lpg.angels-garden.hu\\\/index.php\\\/lpg-masszazs-egeszseg-angels\\\/lpg-kezeles\\\/\"},{\"@type\":\"ListItem\",\"position\":4,\"name\":\"Centim\u00e9terekben val\u00f3 k\u00f6rm\u00e9ret cs\u00f6kkent\u00e9sre, fogy\u00e1sra \u00e9s alakform\u00e1l\u00e1sra.\"}]},{\"@type\":\"WebSite\",\"@id\":\"https:\\\/\\\/lpg.angels-garden.hu\\\/#website\",\"url\":\"https:\\\/\\\/lpg.angels-garden.hu\\\/\",\"name\":\"lpg.angels-garden.hu\",\"description\":\"Massz\u00e1zsok arc \u00e9s testkezel\u00e9sek Lpg kezel\u00e9s\",\"potentialAction\":[{\"@type\":\"SearchAction\",\"target\":{\"@type\":\"EntryPoint\",\"urlTemplate\":\"https:\\\/\\\/lpg.angels-garden.hu\\\/?s={search_term_string}\"},\"query-input\":{\"@type\":\"PropertyValueSpecification\",\"valueRequired\":true,\"valueName\":\"search_term_string\"}}],\"inLanguage\":\"hu\"}]}<\/script>\n<!-- \/ Yoast SEO plugin. -->","yoast_head_json":{"title":"Centim\u00e9terekben val\u00f3 k\u00f6rm\u00e9ret cs\u00f6kkent\u00e9sre, fogy\u00e1sra \u00e9s alakform\u00e1l\u00e1sra. - lpg.angels-garden.hu","robots":{"index":"index","follow":"follow","max-snippet":"max-snippet:-1","max-image-preview":"max-image-preview:large","max-video-preview":"max-video-preview:-1"},"canonical":"https:\/\/lpg.angels-garden.hu\/index.php\/lpg-masszazs-egeszseg-angels\/lpg-kezeles\/centimeterekben-valo-kormeret-csokkentesre-fogyasra-es-alakformalasra\/","og_locale":"hu_HU","og_type":"article","og_title":"Centim\u00e9terekben val\u00f3 k\u00f6rm\u00e9ret cs\u00f6kkent\u00e9sre, fogy\u00e1sra \u00e9s alakform\u00e1l\u00e1sra. - lpg.angels-garden.hu","og_description":"M\u00e1r az els\u0151 alkalommal 0,5 -2,0 cm k\u00f6rm\u00e9retcs\u00f6kken\u00e9st\u00a0\u00e9rhetsz el, mely a zs\u00edrsejtek \u201csz\u00e9troppant\u00e1sa\u201d \u00e1ltal val\u00f3sithat\u00f3 meg. Ez egy f\u00e1jdalommentes, k\u00e9k-lila foltokat Nem h\u00e1trahagy\u00f3, m\u0171t\u00e9t n\u00e9lk\u00fcli kezel\u00e9s sorozat. A sorozat\u00a0form\u00e1lja a testedet, fogyaszt, feszes\u00edt, kont\u00faroz,er\u0151s\u00edti a k\u00f6t\u0151sz\u00f6vetedet, kezeli \u00e9s elt\u00fcnteti a\u00a0cellulitot, (narancsb\u0151r\u0151det), helyre\u00e1ll\u00edtja b\u0151r\u00f6d megereszked\u00e9s\u00e9t, jav\u00edtja laza t\u00f3nus\u00e1t. Mindemellett javitja a v\u00e9rkering\u00e9sed, nyirok kering\u00e9sed \u00e9s anyagcser\u00e9d.","og_url":"https:\/\/lpg.angels-garden.hu\/index.php\/lpg-masszazs-egeszseg-angels\/lpg-kezeles\/centimeterekben-valo-kormeret-csokkentesre-fogyasra-es-alakformalasra\/","og_site_name":"lpg.angels-garden.hu","article_modified_time":"2020-09-21T08:25:51+00:00","og_image":[{"url":"http:\/\/lpg.angels-garden.hu\/wp-content\/uploads\/2020\/09\/fogyas2.jpg","type":"","width":"","height":""}],"twitter_card":"summary_large_image","schema":{"@context":"https:\/\/schema.org","@graph":[{"@type":"WebPage","@id":"https:\/\/lpg.angels-garden.hu\/index.php\/lpg-masszazs-egeszseg-angels\/lpg-kezeles\/centimeterekben-valo-kormeret-csokkentesre-fogyasra-es-alakformalasra\/","url":"https:\/\/lpg.angels-garden.hu\/index.php\/lpg-masszazs-egeszseg-angels\/lpg-kezeles\/centimeterekben-valo-kormeret-csokkentesre-fogyasra-es-alakformalasra\/","name":"Centim\u00e9terekben val\u00f3 k\u00f6rm\u00e9ret cs\u00f6kkent\u00e9sre, fogy\u00e1sra \u00e9s alakform\u00e1l\u00e1sra. - lpg.angels-garden.hu","isPartOf":{"@id":"https:\/\/lpg.angels-garden.hu\/#website"},"primaryImageOfPage":{"@id":"https:\/\/lpg.angels-garden.hu\/index.php\/lpg-masszazs-egeszseg-angels\/lpg-kezeles\/centimeterekben-valo-kormeret-csokkentesre-fogyasra-es-alakformalasra\/#primaryimage"},"image":{"@id":"https:\/\/lpg.angels-garden.hu\/index.php\/lpg-masszazs-egeszseg-angels\/lpg-kezeles\/centimeterekben-valo-kormeret-csokkentesre-fogyasra-es-alakformalasra\/#primaryimage"},"thumbnailUrl":"http:\/\/lpg.angels-garden.hu\/wp-content\/uploads\/2020\/09\/fogyas2.jpg","datePublished":"2020-09-21T08:25:49+00:00","dateModified":"2020-09-21T08:25:51+00:00","breadcrumb":{"@id":"https:\/\/lpg.angels-garden.hu\/index.php\/lpg-masszazs-egeszseg-angels\/lpg-kezeles\/centimeterekben-valo-kormeret-csokkentesre-fogyasra-es-alakformalasra\/#breadcrumb"},"inLanguage":"hu","potentialAction":[{"@type":"ReadAction","target":["https:\/\/lpg.angels-garden.hu\/index.php\/lpg-masszazs-egeszseg-angels\/lpg-kezeles\/centimeterekben-valo-kormeret-csokkentesre-fogyasra-es-alakformalasra\/"]}]},{"@type":"ImageObject","inLanguage":"hu","@id":"https:\/\/lpg.angels-garden.hu\/index.php\/lpg-masszazs-egeszseg-angels\/lpg-kezeles\/centimeterekben-valo-kormeret-csokkentesre-fogyasra-es-alakformalasra\/#primaryimage","url":"https:\/\/lpg.angels-garden.hu\/wp-content\/uploads\/2020\/09\/fogyas2.jpg","contentUrl":"https:\/\/lpg.angels-garden.hu\/wp-content\/uploads\/2020\/09\/fogyas2.jpg","width":900,"height":405},{"@type":"BreadcrumbList","@id":"https:\/\/lpg.angels-garden.hu\/index.php\/lpg-masszazs-egeszseg-angels\/lpg-kezeles\/centimeterekben-valo-kormeret-csokkentesre-fogyasra-es-alakformalasra\/#breadcrumb","itemListElement":[{"@type":"ListItem","position":1,"name":"Kezd\u0151lap","item":"https:\/\/lpg.angels-garden.hu\/"},{"@type":"ListItem","position":2,"name":"F\u0151oldal","item":"https:\/\/lpg.angels-garden.hu\/"},{"@type":"ListItem","position":3,"name":"Lpg Lipomassage Kezel\u00e9sek","item":"https:\/\/lpg.angels-garden.hu\/index.php\/lpg-masszazs-egeszseg-angels\/lpg-kezeles\/"},{"@type":"ListItem","position":4,"name":"Centim\u00e9terekben val\u00f3 k\u00f6rm\u00e9ret cs\u00f6kkent\u00e9sre, fogy\u00e1sra \u00e9s alakform\u00e1l\u00e1sra."}]},{"@type":"WebSite","@id":"https:\/\/lpg.angels-garden.hu\/#website","url":"https:\/\/lpg.angels-garden.hu\/","name":"lpg.angels-garden.hu","description":"Massz\u00e1zsok arc \u00e9s testkezel\u00e9sek Lpg kezel\u00e9s","potentialAction":[{"@type":"SearchAction","target":{"@type":"EntryPoint","urlTemplate":"https:\/\/lpg.angels-garden.hu\/?s={search_term_string}"},"query-input":{"@type":"PropertyValueSpecification","valueRequired":true,"valueName":"search_term_string"}}],"inLanguage":"hu"}]}},"_links":{"self":[{"href":"https:\/\/lpg.angels-garden.hu\/index.php\/wp-json\/wp\/v2\/pages\/1112","targetHints":{"allow":["GET"]}}],"collection":[{"href":"https:\/\/lpg.angels-garden.hu\/index.php\/wp-json\/wp\/v2\/pages"}],"about":[{"href":"https:\/\/lpg.angels-garden.hu\/index.php\/wp-json\/wp\/v2\/types\/page"}],"author":[{"embeddable":true,"href":"https:\/\/lpg.angels-garden.hu\/index.php\/wp-json\/wp\/v2\/users\/2"}],"replies":[{"embeddable":true,"href":"https:\/\/lpg.angels-garden.hu\/index.php\/wp-json\/wp\/v2\/comments?post=1112"}],"version-history":[{"count":3,"href":"https:\/\/lpg.angels-garden.hu\/index.php\/wp-json\/wp\/v2\/pages\/1112\/revisions"}],"predecessor-version":[{"id":1115,"href":"https:\/\/lpg.angels-garden.hu\/index.php\/wp-json\/wp\/v2\/pages\/1112\/revisions\/1115"}],"up":[{"embeddable":true,"href":"https:\/\/lpg.angels-garden.hu\/index.php\/wp-json\/wp\/v2\/pages\/154"}],"wp:attachment":[{"href":"https:\/\/lpg.angels-garden.hu\/index.php\/wp-json\/wp\/v2\/media?parent=1112"}],"curies":[{"name":"wp","href":"https:\/\/api.w.org\/{rel}","templated":true}]}}