{"id":1118,"date":"2020-09-21T08:29:55","date_gmt":"2020-09-21T08:29:55","guid":{"rendered":"http:\/\/lpg.angels-garden.hu\/?page_id=1118"},"modified":"2020-09-22T07:27:58","modified_gmt":"2020-09-22T07:27:58","slug":"a-bor-esztetikai-kezelese-feszitese-kollagen-rostok-termelesenek-fokozasa","status":"publish","type":"page","link":"https:\/\/lpg.angels-garden.hu\/index.php\/lpg-kezeles-nyirokmasszazs\/lpg-kezeles\/a-bor-esztetikai-kezelese-feszitese-kollagen-rostok-termelesenek-fokozasa\/","title":{"rendered":"A b\u0151r eszt\u00e9tikai kezel\u00e9se, fesz\u00edt\u00e9se. Kollag\u00e9n rostok termel\u00e9s\u00e9nek fokoz\u00e1sa."},"content":{"rendered":"<div id='full_slider_1'  class='avia-fullwidth-slider main_color avia-shadow   avia-builder-el-0  el_before_av_hr  avia-builder-el-first   container_wrap sidebar_left'  ><div  class='avia-slideshow av-kfdmj3rs-a754613aa8a0fcb97581c2477c78cd8f avia-slideshow-featured av_slideshow_full avia-slide-slider av-slideshow-ui av-control-default av-slideshow-manual av-loop-once av-loop-manual-endless av-default-height-applied  image_no_stretch avia-slideshow-1' data-slideshow-options=\"{&quot;animation&quot;:&quot;slide&quot;,&quot;autoplay&quot;:false,&quot;loop_autoplay&quot;:&quot;once&quot;,&quot;interval&quot;:5,&quot;loop_manual&quot;:&quot;manual-endless&quot;,&quot;autoplay_stopper&quot;:false,&quot;noNavigation&quot;:false,&quot;bg_slider&quot;:false,&quot;keep_padding&quot;:false,&quot;hoverpause&quot;:false,&quot;show_slide_delay&quot;:0}\"  itemprop=\"image\" itemscope=\"itemscope\" itemtype=\"https:\/\/schema.org\/ImageObject\" ><ul class='avia-slideshow-inner ' style='padding-bottom: 50.588235294118%;'><li  class='avia-slideshow-slide av-kfdmj3rs-a754613aa8a0fcb97581c2477c78cd8f__0  av-single-slide slide-1 slide-odd'><div data-rel='slideshow-1' class='avia-slide-wrap '   ><img decoding=\"async\" fetchpriority=\"high\" class=\"wp-image-1070 avia-img-lazy-loading-not-1070\"  src=\"https:\/\/lpg.angels-garden.hu\/wp-content\/uploads\/2020\/09\/119739835_432961971011995_315126363871790254_n-850x430.jpg\" width=\"850\" height=\"430\" title='119739835_432961971011995_315126363871790254_n' alt=''  itemprop=\"thumbnailUrl\"   \/><\/div><\/li><\/ul><\/div><\/div><div id='after_full_slider_1'  class='main_color av_default_container_wrap container_wrap sidebar_left'  ><div class='container av-section-cont-open' ><div class='template-page content  av-content-small units'><div class='post-entry post-entry-type-page post-entry-1118'><div class='entry-content-wrapper clearfix'>\n\n<style type=\"text\/css\" data-created_by=\"avia_inline_auto\" id=\"style-css-av-kdhd0xpk-489ffe0be5cfbffeb40cd960e48ba892\">\n#top .hr.av-kdhd0xpk-489ffe0be5cfbffeb40cd960e48ba892{\nmargin-top:30px;\nmargin-bottom:30px;\n}\n.hr.av-kdhd0xpk-489ffe0be5cfbffeb40cd960e48ba892 .hr-inner{\nwidth:100px;\nborder-color:#e8b8b8;\nmax-width:45%;\n}\n<\/style>\n<div  class='hr av-kdhd0xpk-489ffe0be5cfbffeb40cd960e48ba892 hr-custom  avia-builder-el-1  el_after_av_slideshow_full  el_before_av_textblock  avia-builder-el-first  hr-center hr-icon-yes'><span class='hr-inner inner-border-av-border-fat'><span class=\"hr-inner-style\"><\/span><\/span><span class='av-seperator-icon avia-iconfont avia-font-entypo-fontello' data-av_icon='\ue8b8' data-av_iconfont='entypo-fontello' ><\/span><span class='hr-inner inner-border-av-border-fat'><span class=\"hr-inner-style\"><\/span><\/span><\/div>\n<section  class='av_textblock_section av-kfdmncyv-37e980afceaed010d8143e5abc0c57f1 '   itemscope=\"itemscope\" itemtype=\"https:\/\/schema.org\/CreativeWork\" ><div class='avia_textblock'  itemprop=\"text\" ><h1 class=\"border-title \" style=\"text-align: center;\"><span class=\"tag-line\">B\u0151rfeszes\u00edt\u00e9s mesterfokon LPG Endermologie<\/span><\/h1>\n<p>A kollag\u00e9n rostok termel\u00e9se mindannyiunkn\u00e1l cs\u00f6kken a harmadik X ut\u00e1na, ami azt jelenti, hogy a b\u0151r\u00f6d elveszti elasztikuss\u00e1g\u00e1t, rugalmass\u00e1g\u00e1t.<\/p>\n<p>Aminek k\u00f6vetkezm\u00e9nye, hogy a m\u00e1r megny\u00falt b\u0151r \u00e9s k\u00f6t\u0151sz\u00f6vet nehezen vagy egy\u00e1ltal\u00e1n nem tud regener\u00e1l\u00f3dni. Ez\u00e9rt fontos helyre\u00e1ll\u00edtanod a kollag\u00e9ntermel\u00e9sed, ha sima \u00e9s feszes b\u0151rt szeretn\u00e9l.<\/p>\n<p>\u00c9s ezt ki nem szeretn\u00e9!? Az Lpg Lipomassage kezel\u00e9s, ami csod\u00e1kra k\u00e9pes. A probl\u00e9ma gy\u00f6ker\u00e9t kezeli nem csak a t\u00fcneteket.<\/p>\n<p>Az LPG lehet\u0151v\u00e9 teszi a sz\u00f6vetek oly m\u00e9lys\u00e9g\u0171 stimul\u00e1ci\u00f3j\u00e1t, mely kor\u00e1bban elk\u00e9pzelhetetlen volt.<\/p>\n<p>A sz\u00f6vet saj\u00e1toss\u00e1gainak megfelel\u0151 t\u00edpus\u00fa kezel\u00e9st tesz lehet\u0151v\u00e9.<\/p>\n<p>Egyed\u00fcl\u00e1ll\u00f3 forg\u00f3 hengeres elj\u00e1r\u00e1s, ami k\u00e9pes a kezel\u00e9s<strong>\u00a0sor\u00e1n a k\u00f6t\u0151sz\u00f6vetet minden ir\u00e1nyban mozgatni<\/strong>, \u00e9s helyrehozni a k\u00f6t\u0151sz\u00f6vet elv\u00e1ltoz\u00e1sait, a mozg\u00e1s hat\u00e1s\u00e1ra a k\u00f6t\u0151sz\u00f6vetben elhelyezked\u0151 <strong>kollag\u00e9n rostok visszanyerik rugamass\u00e1gukat.<\/strong><\/p>\n<p>A feszesebb b\u0151r m\u00e1r az els\u0151 kezel\u00e9sn\u00e9l l\u00e1that\u00f3v\u00e1 v\u00e1lik. Klinikailag bizony\u00edtott, hogy minden b\u0151rt\u00edpus eset\u00e9ben regener\u00e1lja a kollag\u00e9nt rostokat, a b\u0151rt feszes\u00edti \u00e9s toniz\u00e1lja, \u00e9s jav\u00edtja a b\u0151r \u00e1ltal\u00e1nos \u00e1llag\u00e1t.<\/p>\n<\/div><\/section>\n\n<style type=\"text\/css\" data-created_by=\"avia_inline_auto\" id=\"style-css-av-kdhd0xpk-489ffe0be5cfbffeb40cd960e48ba892\">\n#top .hr.av-kdhd0xpk-489ffe0be5cfbffeb40cd960e48ba892{\nmargin-top:30px;\nmargin-bottom:30px;\n}\n.hr.av-kdhd0xpk-489ffe0be5cfbffeb40cd960e48ba892 .hr-inner{\nwidth:100px;\nborder-color:#e8b8b8;\nmax-width:45%;\n}\n<\/style>\n<div  class='hr av-kdhd0xpk-489ffe0be5cfbffeb40cd960e48ba892 hr-custom  avia-builder-el-3  el_after_av_textblock  el_before_av_one_half  hr-center hr-icon-yes'><span class='hr-inner inner-border-av-border-fat'><span class=\"hr-inner-style\"><\/span><\/span><span class='av-seperator-icon avia-iconfont avia-font-entypo-fontello' data-av_icon='\ue8b8' data-av_iconfont='entypo-fontello' ><\/span><span class='hr-inner inner-border-av-border-fat'><span class=\"hr-inner-style\"><\/span><\/span><\/div>\n\n<style type=\"text\/css\" data-created_by=\"avia_inline_auto\" id=\"style-css-av-268zfa-be1fe024ce871b9fe808d53352e87bb1\">\n.flex_column.av-268zfa-be1fe024ce871b9fe808d53352e87bb1{\nborder-radius:0px 0px 0px 0px;\npadding:0px 0px 0px 0px;\n}\n<\/style>\n<div  class='flex_column av-268zfa-be1fe024ce871b9fe808d53352e87bb1 av_one_half  avia-builder-el-4  el_after_av_hr  el_before_av_one_half  first flex_column_div av-zero-column-padding  '     ><div  class='avia-icon-list-container av-kdhdn86y-84e3553fbb8864da4cab040f6f75f763  avia-builder-el-5  avia-builder-el-no-sibling '><ul class='avia-icon-list avia_animate_when_almost_visible avia-icon-list-left av-iconlist-big av-kdhdn86y-84e3553fbb8864da4cab040f6f75f763 avia-iconlist-animate'>\n<li><div class='iconlist_icon av-24h39q-a9b446559cfb320f5acc72d8892fefcc avia-font-entypo-fontello avia-iconfont avia-font-entypo-fontello'><span class='av-icon-char' data-av_icon='\ue827' data-av_iconfont='entypo-fontello' aria-hidden=\"true\"><\/span><\/div><article class=\"article-icon-entry av-iconlist-empty\"  itemscope=\"itemscope\" itemtype=\"https:\/\/schema.org\/CreativeWork\" ><div class=\"iconlist_content_wrap\"><header class=\"entry-content-header\" aria-label=\"Icon: Ingyenes \u00e1llapotfelm\u00e9r\u00e9s\"><h4 class='av_iconlist_title iconlist_title  '  itemprop=\"headline\" >Ingyenes \u00e1llapotfelm\u00e9r\u00e9s<\/h4><\/header><div class='iconlist_content '  itemprop=\"text\" ><\/div><\/div><footer class=\"entry-footer\"><\/footer><\/article><div class=\"iconlist-timeline\"><\/div><\/li>\n<li><div class='iconlist_icon av-6n6hy-e70c90b7e304e0d45863655909ef421f avia-font-entypo-fontello avia-iconfont avia-font-entypo-fontello'><span class='av-icon-char' data-av_icon='\ue80a' data-av_iconfont='entypo-fontello' aria-hidden=\"true\"><\/span><\/div><article class=\"article-icon-entry av-iconlist-empty\"  itemscope=\"itemscope\" itemtype=\"https:\/\/schema.org\/CreativeWork\" ><div class=\"iconlist_content_wrap\"><header class=\"entry-content-header\" aria-label=\"Icon: Szem\u00e9lyre szabott kezel\u00e9sek\"><h4 class='av_iconlist_title iconlist_title  '  itemprop=\"headline\" >Szem\u00e9lyre szabott kezel\u00e9sek<\/h4><\/header><div class='iconlist_content '  itemprop=\"text\" ><\/div><\/div><footer class=\"entry-footer\"><\/footer><\/article><div class=\"iconlist-timeline\"><\/div><\/li>\n<li><div class='iconlist_icon av-1r6l6u-aab17cfe178efa95d6336af49b6b8013 avia-font-entypo-fontello avia-iconfont avia-font-entypo-fontello'><span class='av-icon-char' data-av_icon='\ue84d' data-av_iconfont='entypo-fontello' aria-hidden=\"true\"><\/span><\/div><article class=\"article-icon-entry av-iconlist-empty\"  itemscope=\"itemscope\" itemtype=\"https:\/\/schema.org\/CreativeWork\" ><div class=\"iconlist_content_wrap\"><header class=\"entry-content-header\" aria-label=\"Icon: 12 \u00e9v szakmai tapasztalat\"><h4 class='av_iconlist_title iconlist_title  '  itemprop=\"headline\" >12 \u00e9v szakmai tapasztalat<\/h4><\/header><div class='iconlist_content '  itemprop=\"text\" ><\/div><\/div><footer class=\"entry-footer\"><\/footer><\/article><div class=\"iconlist-timeline\"><\/div><\/li>\n<li><div class='iconlist_icon av-1kkpx2-3fbd53cdf88ef6473db388b86776d319 avia-font-entypo-fontello avia-iconfont avia-font-entypo-fontello'><span class='av-icon-char' data-av_icon='\ue800' data-av_iconfont='entypo-fontello' aria-hidden=\"true\"><\/span><\/div><article class=\"article-icon-entry av-iconlist-empty\"  itemscope=\"itemscope\" itemtype=\"https:\/\/schema.org\/CreativeWork\" ><div class=\"iconlist_content_wrap\"><header class=\"entry-content-header\" aria-label=\"Icon: Term\u00e9szetes arc- \u00e9s testkezel\u00e9sek\"><h4 class='av_iconlist_title iconlist_title  '  itemprop=\"headline\" >Term\u00e9szetes arc- \u00e9s testkezel\u00e9sek<\/h4><\/header><div class='iconlist_content '  itemprop=\"text\" ><\/div><\/div><footer class=\"entry-footer\"><\/footer><\/article><div class=\"iconlist-timeline\"><\/div><\/li>\n<li><div class='iconlist_icon av-1hbddq-fba862d2e2ee92cbf056651008e3f301 avia-font-entypo-fontello avia-iconfont avia-font-entypo-fontello'><span class='av-icon-char' data-av_icon='\ue8b8' data-av_iconfont='entypo-fontello' aria-hidden=\"true\"><\/span><\/div><article class=\"article-icon-entry av-iconlist-empty\"  itemscope=\"itemscope\" itemtype=\"https:\/\/schema.org\/CreativeWork\" ><div class=\"iconlist_content_wrap\"><header class=\"entry-content-header\" aria-label=\"Icon: B\u00e9rletv\u00e1s\u00e1rl\u00e1si kedvezm\u00e9nyek\"><h4 class='av_iconlist_title iconlist_title  '  itemprop=\"headline\" >B\u00e9rletv\u00e1s\u00e1rl\u00e1si kedvezm\u00e9nyek<\/h4><\/header><div class='iconlist_content '  itemprop=\"text\" ><\/div><\/div><footer class=\"entry-footer\"><\/footer><\/article><div class=\"iconlist-timeline\"><\/div><\/li>\n<\/ul><\/div><\/div>\n\n<style type=\"text\/css\" data-created_by=\"avia_inline_auto\" id=\"style-css-av-17nedi-31b0ece8e60d2e57054bf6268e4f7654\">\n.flex_column.av-17nedi-31b0ece8e60d2e57054bf6268e4f7654{\nborder-radius:0px 0px 0px 0px;\npadding:0px 0px 0px 0px;\n}\n<\/style>\n<div  class='flex_column av-17nedi-31b0ece8e60d2e57054bf6268e4f7654 av_one_half  avia-builder-el-6  el_after_av_one_half  avia-builder-el-last  flex_column_div av-zero-column-padding  '     ><div  class='avia-icon-list-container av-kdhdss2x-001befa2485ccc8a0f4c4efd6baf5d70  avia-builder-el-7  avia-builder-el-no-sibling '><ul class='avia-icon-list avia_animate_when_almost_visible avia-icon-list-left av-iconlist-big av-kdhdss2x-001befa2485ccc8a0f4c4efd6baf5d70 avia-iconlist-animate'>\n<li><div class='iconlist_icon av-10jocu-6e41841f2c876db7965e8c84df8777f9 avia-font-entypo-fontello avia-iconfont avia-font-entypo-fontello'><span class='av-icon-char' data-av_icon='\ue859' data-av_iconfont='entypo-fontello' aria-hidden=\"true\"><\/span><\/div><article class=\"article-icon-entry av-iconlist-empty\"  itemscope=\"itemscope\" itemtype=\"https:\/\/schema.org\/CreativeWork\" ><div class=\"iconlist_content_wrap\"><header class=\"entry-content-header\" aria-label=\"Icon: T\u00f6rzsvend\u00e9g kedvezm\u00e9nyek\"><h4 class='av_iconlist_title iconlist_title  '  itemprop=\"headline\" >T\u00f6rzsvend\u00e9g kedvezm\u00e9nyek<\/h4><\/header><div class='iconlist_content '  itemprop=\"text\" ><\/div><\/div><footer class=\"entry-footer\"><\/footer><\/article><div class=\"iconlist-timeline\"><\/div><\/li>\n<li><div class='iconlist_icon av-z1eni-2c793d30c864d572f64bc15dffc49e73 avia-font-entypo-fontello avia-iconfont avia-font-entypo-fontello'><span class='av-icon-char' data-av_icon='\ue8af' data-av_iconfont='entypo-fontello' aria-hidden=\"true\"><\/span><\/div><article class=\"article-icon-entry av-iconlist-empty\"  itemscope=\"itemscope\" itemtype=\"https:\/\/schema.org\/CreativeWork\" ><div class=\"iconlist_content_wrap\"><header class=\"entry-content-header\" aria-label=\"Icon: Ingyenes regiszt\u00e1ci\u00f3 akci\u00f3kkal\"><h4 class='av_iconlist_title iconlist_title  '  itemprop=\"headline\" >Ingyenes regiszt\u00e1ci\u00f3 akci\u00f3kkal<\/h4><\/header><div class='iconlist_content '  itemprop=\"text\" ><\/div><\/div><footer class=\"entry-footer\"><\/footer><\/article><div class=\"iconlist-timeline\"><\/div><\/li>\n<li><div class='iconlist_icon av-ovora-893dd67dc4196e62e4a7c33200fdfd26 avia-font-entypo-fontello avia-iconfont avia-font-entypo-fontello'><span class='av-icon-char' data-av_icon='\ue807' data-av_iconfont='entypo-fontello' aria-hidden=\"true\"><\/span><\/div><article class=\"article-icon-entry av-iconlist-empty\"  itemscope=\"itemscope\" itemtype=\"https:\/\/schema.org\/CreativeWork\" ><div class=\"iconlist_content_wrap\"><header class=\"entry-content-header\" aria-label=\"Icon: Belv\u00e1ros sziv\u00e9ben, k\u00f6nny\u0171 el\u00e9rhet\u00f6s\u00e9ggel\"><h4 class='av_iconlist_title iconlist_title  '  itemprop=\"headline\" >Belv\u00e1ros sziv\u00e9ben, k\u00f6nny\u0171 el\u00e9rhet\u00f6s\u00e9ggel<\/h4><\/header><div class='iconlist_content '  itemprop=\"text\" ><\/div><\/div><footer class=\"entry-footer\"><\/footer><\/article><div class=\"iconlist-timeline\"><\/div><\/li>\n<li><div class='iconlist_icon av-l3s0e-93a1afe7f4d3f14f1482eb18d4509ec3 avia-font-entypo-fontello avia-iconfont avia-font-entypo-fontello'><span class='av-icon-char' data-av_icon='\ue80e' data-av_iconfont='entypo-fontello' aria-hidden=\"true\"><\/span><\/div><article class=\"article-icon-entry av-iconlist-empty\"  itemscope=\"itemscope\" itemtype=\"https:\/\/schema.org\/CreativeWork\" ><div class=\"iconlist_content_wrap\"><header class=\"entry-content-header\" aria-label=\"Icon: Bank\u00e1rtya - \u00e9s sz\u00e9pk\u00e1rtya fizet\u00e9si lehet\u0151s\u00e9gekkel is\"><h4 class='av_iconlist_title iconlist_title  '  itemprop=\"headline\" >Bank\u00e1rtya - \u00e9s sz\u00e9pk\u00e1rtya fizet\u00e9si lehet\u0151s\u00e9gekkel is<\/h4><\/header><div class='iconlist_content '  itemprop=\"text\" ><\/div><\/div><footer class=\"entry-footer\"><\/footer><\/article><div class=\"iconlist-timeline\"><\/div><\/li>\n<li><div class='iconlist_icon av-g2vny-c3fa5cc31d4e97481e004ec8378e34dd avia-font-entypo-fontello avia-iconfont avia-font-entypo-fontello'><span class='av-icon-char' data-av_icon='\ue81f' data-av_iconfont='entypo-fontello' aria-hidden=\"true\"><\/span><\/div><article class=\"article-icon-entry av-iconlist-empty\"  itemscope=\"itemscope\" itemtype=\"https:\/\/schema.org\/CreativeWork\" ><div class=\"iconlist_content_wrap\"><header class=\"entry-content-header\" aria-label=\"Icon: P\u00e9nzvisszafizet\u00e9si garanci\u00e1val\"><h4 class='av_iconlist_title iconlist_title  '  itemprop=\"headline\" >P\u00e9nzvisszafizet\u00e9si garanci\u00e1val<\/h4><\/header><div class='iconlist_content '  itemprop=\"text\" ><\/div><\/div><footer class=\"entry-footer\"><\/footer><\/article><div class=\"iconlist-timeline\"><\/div><\/li>\n<\/ul><\/div><\/div>\n","protected":false},"excerpt":{"rendered":"","protected":false},"author":2,"featured_media":0,"parent":154,"menu_order":0,"comment_status":"closed","ping_status":"closed","template":"","meta":{"footnotes":""},"class_list":["post-1118","page","type-page","status-publish","hentry"],"yoast_head":"<!-- This site is optimized with the Yoast SEO plugin v27.5 - https:\/\/yoast.com\/product\/yoast-seo-wordpress\/ -->\n<title>A b\u0151r eszt\u00e9tikai kezel\u00e9se, fesz\u00edt\u00e9se. Kollag\u00e9n rostok termel\u00e9s\u00e9nek fokoz\u00e1sa. - lpg.angels-garden.hu<\/title>\n<meta name=\"robots\" content=\"index, follow, max-snippet:-1, max-image-preview:large, max-video-preview:-1\" \/>\n<link rel=\"canonical\" href=\"https:\/\/lpg.angels-garden.hu\/index.php\/lpg-masszazs-egeszseg-angels\/lpg-kezeles\/a-bor-esztetikai-kezelese-feszitese-kollagen-rostok-termelesenek-fokozasa\/\" \/>\n<meta property=\"og:locale\" content=\"hu_HU\" \/>\n<meta property=\"og:type\" content=\"article\" \/>\n<meta property=\"og:title\" content=\"A b\u0151r eszt\u00e9tikai kezel\u00e9se, fesz\u00edt\u00e9se. Kollag\u00e9n rostok termel\u00e9s\u00e9nek fokoz\u00e1sa. - lpg.angels-garden.hu\" \/>\n<meta property=\"og:url\" content=\"https:\/\/lpg.angels-garden.hu\/index.php\/lpg-masszazs-egeszseg-angels\/lpg-kezeles\/a-bor-esztetikai-kezelese-feszitese-kollagen-rostok-termelesenek-fokozasa\/\" \/>\n<meta property=\"og:site_name\" content=\"lpg.angels-garden.hu\" \/>\n<meta property=\"article:modified_time\" content=\"2020-09-22T07:27:58+00:00\" \/>\n<meta name=\"twitter:card\" content=\"summary_large_image\" \/>\n<meta name=\"twitter:label1\" content=\"Becs\u00fclt olvas\u00e1si id\u0151\" \/>\n\t<meta name=\"twitter:data1\" content=\"6 perc\" \/>\n<script type=\"application\/ld+json\" class=\"yoast-schema-graph\">{\"@context\":\"https:\\\/\\\/schema.org\",\"@graph\":[{\"@type\":\"WebPage\",\"@id\":\"https:\\\/\\\/lpg.angels-garden.hu\\\/index.php\\\/lpg-masszazs-egeszseg-angels\\\/lpg-kezeles\\\/a-bor-esztetikai-kezelese-feszitese-kollagen-rostok-termelesenek-fokozasa\\\/\",\"url\":\"https:\\\/\\\/lpg.angels-garden.hu\\\/index.php\\\/lpg-masszazs-egeszseg-angels\\\/lpg-kezeles\\\/a-bor-esztetikai-kezelese-feszitese-kollagen-rostok-termelesenek-fokozasa\\\/\",\"name\":\"A b\u0151r eszt\u00e9tikai kezel\u00e9se, fesz\u00edt\u00e9se. Kollag\u00e9n rostok termel\u00e9s\u00e9nek fokoz\u00e1sa. - lpg.angels-garden.hu\",\"isPartOf\":{\"@id\":\"https:\\\/\\\/lpg.angels-garden.hu\\\/#website\"},\"datePublished\":\"2020-09-21T08:29:55+00:00\",\"dateModified\":\"2020-09-22T07:27:58+00:00\",\"breadcrumb\":{\"@id\":\"https:\\\/\\\/lpg.angels-garden.hu\\\/index.php\\\/lpg-masszazs-egeszseg-angels\\\/lpg-kezeles\\\/a-bor-esztetikai-kezelese-feszitese-kollagen-rostok-termelesenek-fokozasa\\\/#breadcrumb\"},\"inLanguage\":\"hu\",\"potentialAction\":[{\"@type\":\"ReadAction\",\"target\":[\"https:\\\/\\\/lpg.angels-garden.hu\\\/index.php\\\/lpg-masszazs-egeszseg-angels\\\/lpg-kezeles\\\/a-bor-esztetikai-kezelese-feszitese-kollagen-rostok-termelesenek-fokozasa\\\/\"]}]},{\"@type\":\"BreadcrumbList\",\"@id\":\"https:\\\/\\\/lpg.angels-garden.hu\\\/index.php\\\/lpg-masszazs-egeszseg-angels\\\/lpg-kezeles\\\/a-bor-esztetikai-kezelese-feszitese-kollagen-rostok-termelesenek-fokozasa\\\/#breadcrumb\",\"itemListElement\":[{\"@type\":\"ListItem\",\"position\":1,\"name\":\"Kezd\u0151lap\",\"item\":\"https:\\\/\\\/lpg.angels-garden.hu\\\/\"},{\"@type\":\"ListItem\",\"position\":2,\"name\":\"F\u0151oldal\",\"item\":\"https:\\\/\\\/lpg.angels-garden.hu\\\/\"},{\"@type\":\"ListItem\",\"position\":3,\"name\":\"Lpg Lipomassage Kezel\u00e9sek\",\"item\":\"https:\\\/\\\/lpg.angels-garden.hu\\\/index.php\\\/lpg-masszazs-egeszseg-angels\\\/lpg-kezeles\\\/\"},{\"@type\":\"ListItem\",\"position\":4,\"name\":\"A b\u0151r eszt\u00e9tikai kezel\u00e9se, fesz\u00edt\u00e9se. Kollag\u00e9n rostok termel\u00e9s\u00e9nek fokoz\u00e1sa.\"}]},{\"@type\":\"WebSite\",\"@id\":\"https:\\\/\\\/lpg.angels-garden.hu\\\/#website\",\"url\":\"https:\\\/\\\/lpg.angels-garden.hu\\\/\",\"name\":\"lpg.angels-garden.hu\",\"description\":\"Massz\u00e1zsok arc \u00e9s testkezel\u00e9sek Lpg kezel\u00e9s\",\"potentialAction\":[{\"@type\":\"SearchAction\",\"target\":{\"@type\":\"EntryPoint\",\"urlTemplate\":\"https:\\\/\\\/lpg.angels-garden.hu\\\/?s={search_term_string}\"},\"query-input\":{\"@type\":\"PropertyValueSpecification\",\"valueRequired\":true,\"valueName\":\"search_term_string\"}}],\"inLanguage\":\"hu\"}]}<\/script>\n<!-- \/ Yoast SEO plugin. -->","yoast_head_json":{"title":"A b\u0151r eszt\u00e9tikai kezel\u00e9se, fesz\u00edt\u00e9se. Kollag\u00e9n rostok termel\u00e9s\u00e9nek fokoz\u00e1sa. - lpg.angels-garden.hu","robots":{"index":"index","follow":"follow","max-snippet":"max-snippet:-1","max-image-preview":"max-image-preview:large","max-video-preview":"max-video-preview:-1"},"canonical":"https:\/\/lpg.angels-garden.hu\/index.php\/lpg-masszazs-egeszseg-angels\/lpg-kezeles\/a-bor-esztetikai-kezelese-feszitese-kollagen-rostok-termelesenek-fokozasa\/","og_locale":"hu_HU","og_type":"article","og_title":"A b\u0151r eszt\u00e9tikai kezel\u00e9se, fesz\u00edt\u00e9se. Kollag\u00e9n rostok termel\u00e9s\u00e9nek fokoz\u00e1sa. - lpg.angels-garden.hu","og_url":"https:\/\/lpg.angels-garden.hu\/index.php\/lpg-masszazs-egeszseg-angels\/lpg-kezeles\/a-bor-esztetikai-kezelese-feszitese-kollagen-rostok-termelesenek-fokozasa\/","og_site_name":"lpg.angels-garden.hu","article_modified_time":"2020-09-22T07:27:58+00:00","twitter_card":"summary_large_image","twitter_misc":{"Becs\u00fclt olvas\u00e1si id\u0151":"6 perc"},"schema":{"@context":"https:\/\/schema.org","@graph":[{"@type":"WebPage","@id":"https:\/\/lpg.angels-garden.hu\/index.php\/lpg-masszazs-egeszseg-angels\/lpg-kezeles\/a-bor-esztetikai-kezelese-feszitese-kollagen-rostok-termelesenek-fokozasa\/","url":"https:\/\/lpg.angels-garden.hu\/index.php\/lpg-masszazs-egeszseg-angels\/lpg-kezeles\/a-bor-esztetikai-kezelese-feszitese-kollagen-rostok-termelesenek-fokozasa\/","name":"A b\u0151r eszt\u00e9tikai kezel\u00e9se, fesz\u00edt\u00e9se. Kollag\u00e9n rostok termel\u00e9s\u00e9nek fokoz\u00e1sa. - lpg.angels-garden.hu","isPartOf":{"@id":"https:\/\/lpg.angels-garden.hu\/#website"},"datePublished":"2020-09-21T08:29:55+00:00","dateModified":"2020-09-22T07:27:58+00:00","breadcrumb":{"@id":"https:\/\/lpg.angels-garden.hu\/index.php\/lpg-masszazs-egeszseg-angels\/lpg-kezeles\/a-bor-esztetikai-kezelese-feszitese-kollagen-rostok-termelesenek-fokozasa\/#breadcrumb"},"inLanguage":"hu","potentialAction":[{"@type":"ReadAction","target":["https:\/\/lpg.angels-garden.hu\/index.php\/lpg-masszazs-egeszseg-angels\/lpg-kezeles\/a-bor-esztetikai-kezelese-feszitese-kollagen-rostok-termelesenek-fokozasa\/"]}]},{"@type":"BreadcrumbList","@id":"https:\/\/lpg.angels-garden.hu\/index.php\/lpg-masszazs-egeszseg-angels\/lpg-kezeles\/a-bor-esztetikai-kezelese-feszitese-kollagen-rostok-termelesenek-fokozasa\/#breadcrumb","itemListElement":[{"@type":"ListItem","position":1,"name":"Kezd\u0151lap","item":"https:\/\/lpg.angels-garden.hu\/"},{"@type":"ListItem","position":2,"name":"F\u0151oldal","item":"https:\/\/lpg.angels-garden.hu\/"},{"@type":"ListItem","position":3,"name":"Lpg Lipomassage Kezel\u00e9sek","item":"https:\/\/lpg.angels-garden.hu\/index.php\/lpg-masszazs-egeszseg-angels\/lpg-kezeles\/"},{"@type":"ListItem","position":4,"name":"A b\u0151r eszt\u00e9tikai kezel\u00e9se, fesz\u00edt\u00e9se. Kollag\u00e9n rostok termel\u00e9s\u00e9nek fokoz\u00e1sa."}]},{"@type":"WebSite","@id":"https:\/\/lpg.angels-garden.hu\/#website","url":"https:\/\/lpg.angels-garden.hu\/","name":"lpg.angels-garden.hu","description":"Massz\u00e1zsok arc \u00e9s testkezel\u00e9sek Lpg kezel\u00e9s","potentialAction":[{"@type":"SearchAction","target":{"@type":"EntryPoint","urlTemplate":"https:\/\/lpg.angels-garden.hu\/?s={search_term_string}"},"query-input":{"@type":"PropertyValueSpecification","valueRequired":true,"valueName":"search_term_string"}}],"inLanguage":"hu"}]}},"_links":{"self":[{"href":"https:\/\/lpg.angels-garden.hu\/index.php\/wp-json\/wp\/v2\/pages\/1118","targetHints":{"allow":["GET"]}}],"collection":[{"href":"https:\/\/lpg.angels-garden.hu\/index.php\/wp-json\/wp\/v2\/pages"}],"about":[{"href":"https:\/\/lpg.angels-garden.hu\/index.php\/wp-json\/wp\/v2\/types\/page"}],"author":[{"embeddable":true,"href":"https:\/\/lpg.angels-garden.hu\/index.php\/wp-json\/wp\/v2\/users\/2"}],"replies":[{"embeddable":true,"href":"https:\/\/lpg.angels-garden.hu\/index.php\/wp-json\/wp\/v2\/comments?post=1118"}],"version-history":[{"count":5,"href":"https:\/\/lpg.angels-garden.hu\/index.php\/wp-json\/wp\/v2\/pages\/1118\/revisions"}],"predecessor-version":[{"id":1702,"href":"https:\/\/lpg.angels-garden.hu\/index.php\/wp-json\/wp\/v2\/pages\/1118\/revisions\/1702"}],"up":[{"embeddable":true,"href":"https:\/\/lpg.angels-garden.hu\/index.php\/wp-json\/wp\/v2\/pages\/154"}],"wp:attachment":[{"href":"https:\/\/lpg.angels-garden.hu\/index.php\/wp-json\/wp\/v2\/media?parent=1118"}],"curies":[{"name":"wp","href":"https:\/\/api.w.org\/{rel}","templated":true}]}}