{"id":1121,"date":"2020-09-21T08:35:04","date_gmt":"2020-09-21T08:35:04","guid":{"rendered":"http:\/\/lpg.angels-garden.hu\/?page_id=1121"},"modified":"2020-09-21T08:35:06","modified_gmt":"2020-09-21T08:35:06","slug":"mutetek-serulesek-utan-kotoszovet-regeneralasa-termeszetes-folyamatok-helyreallitasa","status":"publish","type":"page","link":"https:\/\/lpg.angels-garden.hu\/index.php\/lpg-kezeles-nyirokmasszazs\/lpg-kezeles\/mutetek-serulesek-utan-kotoszovet-regeneralasa-termeszetes-folyamatok-helyreallitasa\/","title":{"rendered":"M\u0171t\u00e9tek, s\u00e9r\u00fcl\u00e9sek ut\u00e1n k\u00f6t\u0151sz\u00f6vet regener\u00e1l\u00e1sa, term\u00e9szetes folyamatok helyre\u00e1llit\u00e1sa."},"content":{"rendered":"\n<div class=\"wp-block-media-text alignwide is-stacked-on-mobile\"><figure class=\"wp-block-media-text__media\"><img loading=\"lazy\" decoding=\"async\" width=\"640\" height=\"307\" src=\"http:\/\/lpg.angels-garden.hu\/wp-content\/uploads\/2020\/07\/lipomassagea.gif\" alt=\"\" class=\"wp-image-583\"\/><\/figure><div class=\"wp-block-media-text__content\">\n<p><strong><em>Az LPG technika<\/em><\/strong><\/p>\n\n\n\n<p><em>Az&nbsp;<strong>LPG technika<\/strong>&nbsp;az LPG eszk\u00f6z\u00f6kkel a sz\u00f6vetek mobiliz\u00e1l\u00e1s\u00e1t c\u00e9lozza. Az LPG Louis Paul Guitay, a ter\u00e1pi\u00e1s massz\u00edroz\u00f3 k\u00e9sz\u00fcl\u00e9k feltal\u00e1l\u00f3j\u00e1nak nev\u00e9t jel\u00f6li.&nbsp;<br>Louis Paul Guitay egy aut\u00f3balesetet k\u00f6vet\u0151en visszamaradt hegeit a sz\u00f6veteket mobiliz\u00e1l\u00f3, \u00fan. \u201eSkin Fold Rolling\u201d kezel\u00e9st kapott. Sz\u00e1mos kezel\u00e9s ut\u00e1n Louis Paul Guitay v\u00e1ltoz\u00e1st tapasztalt a Skin Fold technik\u00e1ban, mivel minden orvos m\u00e1s-m\u00e1s man\u0151verekkel, elt\u00e9r\u0151 ideig kezelte. Ekkor sz\u00fcletett meg az a sz\u00e1nd\u00e9k, hogy a m\u00f3dszert konzisztenss\u00e9 \u00e9s megism\u00e9telhet\u0151v\u00e9 tegye a v\u00e1kuum seg\u00edts\u00e9g\u00e9vel, amely kezel\u00e9s k\u00f6zben megemeli a b\u0151rt \u00e9s azt k\u00e9t motoriz\u00e1lt henger seg\u00edts\u00e9g\u00e9vel massz\u00edrozza.<\/em><\/p>\n<\/div><\/div>\n","protected":false},"excerpt":{"rendered":"<p>Az LPG technika Az&nbsp;LPG technika&nbsp;az LPG eszk\u00f6z\u00f6kkel a sz\u00f6vetek mobiliz\u00e1l\u00e1s\u00e1t c\u00e9lozza. Az LPG Louis Paul Guitay, a ter\u00e1pi\u00e1s massz\u00edroz\u00f3 k\u00e9sz\u00fcl\u00e9k feltal\u00e1l\u00f3j\u00e1nak nev\u00e9t jel\u00f6li.&nbsp;Louis Paul Guitay egy aut\u00f3balesetet k\u00f6vet\u0151en visszamaradt hegeit a sz\u00f6veteket mobiliz\u00e1l\u00f3, \u00fan. \u201eSkin Fold Rolling\u201d kezel\u00e9st kapott. Sz\u00e1mos kezel\u00e9s ut\u00e1n Louis Paul Guitay v\u00e1ltoz\u00e1st tapasztalt a Skin Fold technik\u00e1ban, mivel minden orvos m\u00e1s-m\u00e1s [&hellip;]<\/p>\n","protected":false},"author":2,"featured_media":0,"parent":154,"menu_order":0,"comment_status":"closed","ping_status":"closed","template":"","meta":{"footnotes":""},"class_list":["post-1121","page","type-page","status-publish","hentry"],"yoast_head":"<!-- This site is optimized with the Yoast SEO plugin v27.5 - https:\/\/yoast.com\/product\/yoast-seo-wordpress\/ -->\n<title>M\u0171t\u00e9tek, s\u00e9r\u00fcl\u00e9sek ut\u00e1n k\u00f6t\u0151sz\u00f6vet regener\u00e1l\u00e1sa, term\u00e9szetes folyamatok helyre\u00e1llit\u00e1sa. - lpg.angels-garden.hu<\/title>\n<meta name=\"robots\" content=\"index, follow, max-snippet:-1, max-image-preview:large, max-video-preview:-1\" \/>\n<link rel=\"canonical\" href=\"https:\/\/lpg.angels-garden.hu\/index.php\/lpg-masszazs-egeszseg-angels\/lpg-kezeles\/mutetek-serulesek-utan-kotoszovet-regeneralasa-termeszetes-folyamatok-helyreallitasa\/\" \/>\n<meta property=\"og:locale\" content=\"hu_HU\" \/>\n<meta property=\"og:type\" content=\"article\" \/>\n<meta property=\"og:title\" content=\"M\u0171t\u00e9tek, s\u00e9r\u00fcl\u00e9sek ut\u00e1n k\u00f6t\u0151sz\u00f6vet regener\u00e1l\u00e1sa, term\u00e9szetes folyamatok helyre\u00e1llit\u00e1sa. - lpg.angels-garden.hu\" \/>\n<meta property=\"og:description\" content=\"Az LPG technika Az&nbsp;LPG technika&nbsp;az LPG eszk\u00f6z\u00f6kkel a sz\u00f6vetek mobiliz\u00e1l\u00e1s\u00e1t c\u00e9lozza. Az LPG Louis Paul Guitay, a ter\u00e1pi\u00e1s massz\u00edroz\u00f3 k\u00e9sz\u00fcl\u00e9k feltal\u00e1l\u00f3j\u00e1nak nev\u00e9t jel\u00f6li.&nbsp;Louis Paul Guitay egy aut\u00f3balesetet k\u00f6vet\u0151en visszamaradt hegeit a sz\u00f6veteket mobiliz\u00e1l\u00f3, \u00fan. \u201eSkin Fold Rolling\u201d kezel\u00e9st kapott. Sz\u00e1mos kezel\u00e9s ut\u00e1n Louis Paul Guitay v\u00e1ltoz\u00e1st tapasztalt a Skin Fold technik\u00e1ban, mivel minden orvos m\u00e1s-m\u00e1s [&hellip;]\" \/>\n<meta property=\"og:url\" content=\"https:\/\/lpg.angels-garden.hu\/index.php\/lpg-masszazs-egeszseg-angels\/lpg-kezeles\/mutetek-serulesek-utan-kotoszovet-regeneralasa-termeszetes-folyamatok-helyreallitasa\/\" \/>\n<meta property=\"og:site_name\" content=\"lpg.angels-garden.hu\" \/>\n<meta property=\"article:modified_time\" content=\"2020-09-21T08:35:06+00:00\" \/>\n<meta property=\"og:image\" content=\"http:\/\/lpg.angels-garden.hu\/wp-content\/uploads\/2020\/07\/lipomassagea.gif\" \/>\n<meta name=\"twitter:card\" content=\"summary_large_image\" \/>\n<meta name=\"twitter:label1\" content=\"Becs\u00fclt olvas\u00e1si id\u0151\" \/>\n\t<meta name=\"twitter:data1\" content=\"1 perc\" \/>\n<script type=\"application\/ld+json\" class=\"yoast-schema-graph\">{\"@context\":\"https:\\\/\\\/schema.org\",\"@graph\":[{\"@type\":\"WebPage\",\"@id\":\"https:\\\/\\\/lpg.angels-garden.hu\\\/index.php\\\/lpg-masszazs-egeszseg-angels\\\/lpg-kezeles\\\/mutetek-serulesek-utan-kotoszovet-regeneralasa-termeszetes-folyamatok-helyreallitasa\\\/\",\"url\":\"https:\\\/\\\/lpg.angels-garden.hu\\\/index.php\\\/lpg-masszazs-egeszseg-angels\\\/lpg-kezeles\\\/mutetek-serulesek-utan-kotoszovet-regeneralasa-termeszetes-folyamatok-helyreallitasa\\\/\",\"name\":\"M\u0171t\u00e9tek, s\u00e9r\u00fcl\u00e9sek ut\u00e1n k\u00f6t\u0151sz\u00f6vet regener\u00e1l\u00e1sa, term\u00e9szetes folyamatok helyre\u00e1llit\u00e1sa. - lpg.angels-garden.hu\",\"isPartOf\":{\"@id\":\"https:\\\/\\\/lpg.angels-garden.hu\\\/#website\"},\"primaryImageOfPage\":{\"@id\":\"https:\\\/\\\/lpg.angels-garden.hu\\\/index.php\\\/lpg-masszazs-egeszseg-angels\\\/lpg-kezeles\\\/mutetek-serulesek-utan-kotoszovet-regeneralasa-termeszetes-folyamatok-helyreallitasa\\\/#primaryimage\"},\"image\":{\"@id\":\"https:\\\/\\\/lpg.angels-garden.hu\\\/index.php\\\/lpg-masszazs-egeszseg-angels\\\/lpg-kezeles\\\/mutetek-serulesek-utan-kotoszovet-regeneralasa-termeszetes-folyamatok-helyreallitasa\\\/#primaryimage\"},\"thumbnailUrl\":\"http:\\\/\\\/lpg.angels-garden.hu\\\/wp-content\\\/uploads\\\/2020\\\/07\\\/lipomassagea.gif\",\"datePublished\":\"2020-09-21T08:35:04+00:00\",\"dateModified\":\"2020-09-21T08:35:06+00:00\",\"breadcrumb\":{\"@id\":\"https:\\\/\\\/lpg.angels-garden.hu\\\/index.php\\\/lpg-masszazs-egeszseg-angels\\\/lpg-kezeles\\\/mutetek-serulesek-utan-kotoszovet-regeneralasa-termeszetes-folyamatok-helyreallitasa\\\/#breadcrumb\"},\"inLanguage\":\"hu\",\"potentialAction\":[{\"@type\":\"ReadAction\",\"target\":[\"https:\\\/\\\/lpg.angels-garden.hu\\\/index.php\\\/lpg-masszazs-egeszseg-angels\\\/lpg-kezeles\\\/mutetek-serulesek-utan-kotoszovet-regeneralasa-termeszetes-folyamatok-helyreallitasa\\\/\"]}]},{\"@type\":\"ImageObject\",\"inLanguage\":\"hu\",\"@id\":\"https:\\\/\\\/lpg.angels-garden.hu\\\/index.php\\\/lpg-masszazs-egeszseg-angels\\\/lpg-kezeles\\\/mutetek-serulesek-utan-kotoszovet-regeneralasa-termeszetes-folyamatok-helyreallitasa\\\/#primaryimage\",\"url\":\"https:\\\/\\\/lpg.angels-garden.hu\\\/wp-content\\\/uploads\\\/2020\\\/07\\\/lipomassagea.gif\",\"contentUrl\":\"https:\\\/\\\/lpg.angels-garden.hu\\\/wp-content\\\/uploads\\\/2020\\\/07\\\/lipomassagea.gif\",\"width\":640,\"height\":307},{\"@type\":\"BreadcrumbList\",\"@id\":\"https:\\\/\\\/lpg.angels-garden.hu\\\/index.php\\\/lpg-masszazs-egeszseg-angels\\\/lpg-kezeles\\\/mutetek-serulesek-utan-kotoszovet-regeneralasa-termeszetes-folyamatok-helyreallitasa\\\/#breadcrumb\",\"itemListElement\":[{\"@type\":\"ListItem\",\"position\":1,\"name\":\"Kezd\u0151lap\",\"item\":\"https:\\\/\\\/lpg.angels-garden.hu\\\/\"},{\"@type\":\"ListItem\",\"position\":2,\"name\":\"F\u0151oldal\",\"item\":\"https:\\\/\\\/lpg.angels-garden.hu\\\/\"},{\"@type\":\"ListItem\",\"position\":3,\"name\":\"Lpg Lipomassage Kezel\u00e9sek\",\"item\":\"https:\\\/\\\/lpg.angels-garden.hu\\\/index.php\\\/lpg-masszazs-egeszseg-angels\\\/lpg-kezeles\\\/\"},{\"@type\":\"ListItem\",\"position\":4,\"name\":\"M\u0171t\u00e9tek, s\u00e9r\u00fcl\u00e9sek ut\u00e1n k\u00f6t\u0151sz\u00f6vet regener\u00e1l\u00e1sa, term\u00e9szetes folyamatok helyre\u00e1llit\u00e1sa.\"}]},{\"@type\":\"WebSite\",\"@id\":\"https:\\\/\\\/lpg.angels-garden.hu\\\/#website\",\"url\":\"https:\\\/\\\/lpg.angels-garden.hu\\\/\",\"name\":\"lpg.angels-garden.hu\",\"description\":\"Massz\u00e1zsok arc \u00e9s testkezel\u00e9sek Lpg kezel\u00e9s\",\"potentialAction\":[{\"@type\":\"SearchAction\",\"target\":{\"@type\":\"EntryPoint\",\"urlTemplate\":\"https:\\\/\\\/lpg.angels-garden.hu\\\/?s={search_term_string}\"},\"query-input\":{\"@type\":\"PropertyValueSpecification\",\"valueRequired\":true,\"valueName\":\"search_term_string\"}}],\"inLanguage\":\"hu\"}]}<\/script>\n<!-- \/ Yoast SEO plugin. -->","yoast_head_json":{"title":"M\u0171t\u00e9tek, s\u00e9r\u00fcl\u00e9sek ut\u00e1n k\u00f6t\u0151sz\u00f6vet regener\u00e1l\u00e1sa, term\u00e9szetes folyamatok helyre\u00e1llit\u00e1sa. - lpg.angels-garden.hu","robots":{"index":"index","follow":"follow","max-snippet":"max-snippet:-1","max-image-preview":"max-image-preview:large","max-video-preview":"max-video-preview:-1"},"canonical":"https:\/\/lpg.angels-garden.hu\/index.php\/lpg-masszazs-egeszseg-angels\/lpg-kezeles\/mutetek-serulesek-utan-kotoszovet-regeneralasa-termeszetes-folyamatok-helyreallitasa\/","og_locale":"hu_HU","og_type":"article","og_title":"M\u0171t\u00e9tek, s\u00e9r\u00fcl\u00e9sek ut\u00e1n k\u00f6t\u0151sz\u00f6vet regener\u00e1l\u00e1sa, term\u00e9szetes folyamatok helyre\u00e1llit\u00e1sa. - lpg.angels-garden.hu","og_description":"Az LPG technika Az&nbsp;LPG technika&nbsp;az LPG eszk\u00f6z\u00f6kkel a sz\u00f6vetek mobiliz\u00e1l\u00e1s\u00e1t c\u00e9lozza. Az LPG Louis Paul Guitay, a ter\u00e1pi\u00e1s massz\u00edroz\u00f3 k\u00e9sz\u00fcl\u00e9k feltal\u00e1l\u00f3j\u00e1nak nev\u00e9t jel\u00f6li.&nbsp;Louis Paul Guitay egy aut\u00f3balesetet k\u00f6vet\u0151en visszamaradt hegeit a sz\u00f6veteket mobiliz\u00e1l\u00f3, \u00fan. \u201eSkin Fold Rolling\u201d kezel\u00e9st kapott. Sz\u00e1mos kezel\u00e9s ut\u00e1n Louis Paul Guitay v\u00e1ltoz\u00e1st tapasztalt a Skin Fold technik\u00e1ban, mivel minden orvos m\u00e1s-m\u00e1s [&hellip;]","og_url":"https:\/\/lpg.angels-garden.hu\/index.php\/lpg-masszazs-egeszseg-angels\/lpg-kezeles\/mutetek-serulesek-utan-kotoszovet-regeneralasa-termeszetes-folyamatok-helyreallitasa\/","og_site_name":"lpg.angels-garden.hu","article_modified_time":"2020-09-21T08:35:06+00:00","og_image":[{"url":"http:\/\/lpg.angels-garden.hu\/wp-content\/uploads\/2020\/07\/lipomassagea.gif","type":"","width":"","height":""}],"twitter_card":"summary_large_image","twitter_misc":{"Becs\u00fclt olvas\u00e1si id\u0151":"1 perc"},"schema":{"@context":"https:\/\/schema.org","@graph":[{"@type":"WebPage","@id":"https:\/\/lpg.angels-garden.hu\/index.php\/lpg-masszazs-egeszseg-angels\/lpg-kezeles\/mutetek-serulesek-utan-kotoszovet-regeneralasa-termeszetes-folyamatok-helyreallitasa\/","url":"https:\/\/lpg.angels-garden.hu\/index.php\/lpg-masszazs-egeszseg-angels\/lpg-kezeles\/mutetek-serulesek-utan-kotoszovet-regeneralasa-termeszetes-folyamatok-helyreallitasa\/","name":"M\u0171t\u00e9tek, s\u00e9r\u00fcl\u00e9sek ut\u00e1n k\u00f6t\u0151sz\u00f6vet regener\u00e1l\u00e1sa, term\u00e9szetes folyamatok helyre\u00e1llit\u00e1sa. - lpg.angels-garden.hu","isPartOf":{"@id":"https:\/\/lpg.angels-garden.hu\/#website"},"primaryImageOfPage":{"@id":"https:\/\/lpg.angels-garden.hu\/index.php\/lpg-masszazs-egeszseg-angels\/lpg-kezeles\/mutetek-serulesek-utan-kotoszovet-regeneralasa-termeszetes-folyamatok-helyreallitasa\/#primaryimage"},"image":{"@id":"https:\/\/lpg.angels-garden.hu\/index.php\/lpg-masszazs-egeszseg-angels\/lpg-kezeles\/mutetek-serulesek-utan-kotoszovet-regeneralasa-termeszetes-folyamatok-helyreallitasa\/#primaryimage"},"thumbnailUrl":"http:\/\/lpg.angels-garden.hu\/wp-content\/uploads\/2020\/07\/lipomassagea.gif","datePublished":"2020-09-21T08:35:04+00:00","dateModified":"2020-09-21T08:35:06+00:00","breadcrumb":{"@id":"https:\/\/lpg.angels-garden.hu\/index.php\/lpg-masszazs-egeszseg-angels\/lpg-kezeles\/mutetek-serulesek-utan-kotoszovet-regeneralasa-termeszetes-folyamatok-helyreallitasa\/#breadcrumb"},"inLanguage":"hu","potentialAction":[{"@type":"ReadAction","target":["https:\/\/lpg.angels-garden.hu\/index.php\/lpg-masszazs-egeszseg-angels\/lpg-kezeles\/mutetek-serulesek-utan-kotoszovet-regeneralasa-termeszetes-folyamatok-helyreallitasa\/"]}]},{"@type":"ImageObject","inLanguage":"hu","@id":"https:\/\/lpg.angels-garden.hu\/index.php\/lpg-masszazs-egeszseg-angels\/lpg-kezeles\/mutetek-serulesek-utan-kotoszovet-regeneralasa-termeszetes-folyamatok-helyreallitasa\/#primaryimage","url":"https:\/\/lpg.angels-garden.hu\/wp-content\/uploads\/2020\/07\/lipomassagea.gif","contentUrl":"https:\/\/lpg.angels-garden.hu\/wp-content\/uploads\/2020\/07\/lipomassagea.gif","width":640,"height":307},{"@type":"BreadcrumbList","@id":"https:\/\/lpg.angels-garden.hu\/index.php\/lpg-masszazs-egeszseg-angels\/lpg-kezeles\/mutetek-serulesek-utan-kotoszovet-regeneralasa-termeszetes-folyamatok-helyreallitasa\/#breadcrumb","itemListElement":[{"@type":"ListItem","position":1,"name":"Kezd\u0151lap","item":"https:\/\/lpg.angels-garden.hu\/"},{"@type":"ListItem","position":2,"name":"F\u0151oldal","item":"https:\/\/lpg.angels-garden.hu\/"},{"@type":"ListItem","position":3,"name":"Lpg Lipomassage Kezel\u00e9sek","item":"https:\/\/lpg.angels-garden.hu\/index.php\/lpg-masszazs-egeszseg-angels\/lpg-kezeles\/"},{"@type":"ListItem","position":4,"name":"M\u0171t\u00e9tek, s\u00e9r\u00fcl\u00e9sek ut\u00e1n k\u00f6t\u0151sz\u00f6vet regener\u00e1l\u00e1sa, term\u00e9szetes folyamatok helyre\u00e1llit\u00e1sa."}]},{"@type":"WebSite","@id":"https:\/\/lpg.angels-garden.hu\/#website","url":"https:\/\/lpg.angels-garden.hu\/","name":"lpg.angels-garden.hu","description":"Massz\u00e1zsok arc \u00e9s testkezel\u00e9sek Lpg kezel\u00e9s","potentialAction":[{"@type":"SearchAction","target":{"@type":"EntryPoint","urlTemplate":"https:\/\/lpg.angels-garden.hu\/?s={search_term_string}"},"query-input":{"@type":"PropertyValueSpecification","valueRequired":true,"valueName":"search_term_string"}}],"inLanguage":"hu"}]}},"_links":{"self":[{"href":"https:\/\/lpg.angels-garden.hu\/index.php\/wp-json\/wp\/v2\/pages\/1121","targetHints":{"allow":["GET"]}}],"collection":[{"href":"https:\/\/lpg.angels-garden.hu\/index.php\/wp-json\/wp\/v2\/pages"}],"about":[{"href":"https:\/\/lpg.angels-garden.hu\/index.php\/wp-json\/wp\/v2\/types\/page"}],"author":[{"embeddable":true,"href":"https:\/\/lpg.angels-garden.hu\/index.php\/wp-json\/wp\/v2\/users\/2"}],"replies":[{"embeddable":true,"href":"https:\/\/lpg.angels-garden.hu\/index.php\/wp-json\/wp\/v2\/comments?post=1121"}],"version-history":[{"count":1,"href":"https:\/\/lpg.angels-garden.hu\/index.php\/wp-json\/wp\/v2\/pages\/1121\/revisions"}],"predecessor-version":[{"id":1122,"href":"https:\/\/lpg.angels-garden.hu\/index.php\/wp-json\/wp\/v2\/pages\/1121\/revisions\/1122"}],"up":[{"embeddable":true,"href":"https:\/\/lpg.angels-garden.hu\/index.php\/wp-json\/wp\/v2\/pages\/154"}],"wp:attachment":[{"href":"https:\/\/lpg.angels-garden.hu\/index.php\/wp-json\/wp\/v2\/media?parent=1121"}],"curies":[{"name":"wp","href":"https:\/\/api.w.org\/{rel}","templated":true}]}}