{"id":1268,"date":"2025-08-29T16:57:40","date_gmt":"2025-08-29T16:57:40","guid":{"rendered":"https:\/\/lpg.angels-garden.hu\/?page_id=1268"},"modified":"2025-09-11T10:12:46","modified_gmt":"2025-09-11T10:12:46","slug":"arc-nyirokmasszazs-biokozmetikummokkal","status":"publish","type":"page","link":"https:\/\/lpg.angels-garden.hu\/index.php\/arc-nyirokmasszazs-biokozmetikummokkal\/","title":{"rendered":"Arc nyirokmassz\u00e1zs"},"content":{"rendered":"<section  class='av_textblock_section av-3zrkf8-5231d70fc7baaa598f7b7992a84a199a '   itemscope=\"itemscope\" itemtype=\"https:\/\/schema.org\/CreativeWork\" ><div class='avia_textblock'  itemprop=\"text\" ><p>Az arc nyirokmassz\u00e1zs\u00e1t nem csak vizesed\u00e9s eset\u00e9n haszn\u00e1lhatjuk, hanem abban az esetben is ha fiatal\u00edtani, feszes\u00edteni szeretn\u00e9nk az arcb\u0151rt. Mert a nyirokmassz\u00e1zs sor\u00e1n a nyirok utak kitisztulnak \u00e9s ennek hat\u00e1s\u00e1ra serken a nyirok kering\u00e9s ami seg\u00edti a t\u00e1panyagcser\u00e9t, ez pedig seg\u00edti a kollag\u00e9nrostok gyorsabb n\u00f6veked\u00e9s\u00e9t.<\/p>\n<p>Az arc\u00f6d\u00e9ma jelei lehetnek, hogy\u00a0szemaljunk egyszer csak feldagad, zacsk\u00f3sodik, arcunkon \u00e9s vagy a nyakunkon a b\u0151r kellemetlen\u00fcl fesz\u00fcl\u00a0\u00e9s er\u0151sen viszkethet. Ha csak egy adott ter\u00fcletre korl\u00e1toz\u00f3dik a vizesed\u00e9s \u00e9s nem volt kor\u00e1bban ezen a helyen s\u00e9r\u00fcl\u00e9s, m\u0171t\u00e9t, akkor az a legval\u00f3sz\u00edn\u0171bb, hogy a nyirok utak eldugultak.<\/p>\n<p>https:\/\/www.facebook.com\/plugins\/post.php?href=https%3A%2F%2Fwww.facebook.com%2Fjudit.szabo.7370%2Fposts%2F2239253056195776&#038;width=500<\/p>\n<p>Emellett jelent\u0151sen cs\u00f6kken a vizelet mennyis\u00e9ge \u00e9s fokoz\u00f3dik a szomj\u00fas\u00e1g\u00e9rzet.\u00a0A nyirok\u00f6d\u00e9ma leggyakoribb kiv\u00e1lt\u00f3 okai a nyirokcsom\u00f3-elt\u00e1vol\u00edt\u00e1s, vissz\u00e9rm\u0171t\u00e9t, \u00edz\u00fcleti gyullad\u00e1s, s\u00e9r\u00fcl\u00e9sek, m\u0171t\u00e9tek, illetve\u00a0balesetb\u0151l ad\u00f3d\u00f3 s\u00e9r\u00fcl\u00e9sek.<br \/>\nNyirokpang\u00e1shoz vezethet a t\u00fal kev\u00e9s mozg\u00e1s, a doh\u00e1nyz\u00e1s, az alkoholfogyaszt\u00e1s \u00e9s a t\u00fals\u00faly. Tov\u00e1bb\u00e1 vesebetegs\u00e9g, k\u00f6t\u0151sz\u00f6vet-gyenges\u00e9g.<\/p>\n<p><strong>Mikor aj\u00e1nlott a nyirokmassz\u00e1zs avagy a nyirokdren\u00e1zs indik\u00e1ci\u00f3i?<\/strong><\/p>\n<p><strong>Milyen kedvez\u0151 hat\u00e1sai vannak a nyirokdren\u00e1zsnak?<\/strong><\/p>\n<p><strong>Mik a nyirokdren\u00e1zs kontraindik\u00e1ci\u00f3?<\/strong><\/p>\n<\/div><\/section>\n\n<style type=\"text\/css\" data-created_by=\"avia_inline_auto\" id=\"style-css-av-b16tg-e232cf17f55623a03223d87ae0aa9dbc\">\n#top .av-special-heading.av-b16tg-e232cf17f55623a03223d87ae0aa9dbc{\npadding-bottom:10px;\n}\nbody .av-special-heading.av-b16tg-e232cf17f55623a03223d87ae0aa9dbc .av-special-heading-tag .heading-char{\nfont-size:25px;\n}\n.av-special-heading.av-b16tg-e232cf17f55623a03223d87ae0aa9dbc .av-subheading{\nfont-size:15px;\n}\n<\/style>\n<div  class='av-special-heading av-b16tg-e232cf17f55623a03223d87ae0aa9dbc av-special-heading-h3  avia-builder-el-1  el_after_av_textblock  avia-builder-el-last '><h3 class='av-special-heading-tag '  itemprop=\"headline\"  >Hello<\/h3><div class=\"special-heading-border\"><div class=\"special-heading-inner-border\"><\/div><\/div><\/div>\n","protected":false},"excerpt":{"rendered":"","protected":false},"author":1,"featured_media":0,"parent":0,"menu_order":0,"comment_status":"closed","ping_status":"closed","template":"","meta":{"footnotes":""},"class_list":["post-1268","page","type-page","status-publish","hentry"],"yoast_head":"<!-- This site is optimized with the Yoast SEO plugin v27.5 - https:\/\/yoast.com\/product\/yoast-seo-wordpress\/ -->\n<title>Arc nyirokmassz\u00e1zs - lpg.angels-garden.hu<\/title>\n<meta name=\"robots\" content=\"index, follow, max-snippet:-1, max-image-preview:large, max-video-preview:-1\" \/>\n<link rel=\"canonical\" href=\"https:\/\/lpg.angels-garden.hu\/index.php\/arc-nyirokmasszazs-biokozmetikummokkal\/\" \/>\n<meta property=\"og:locale\" content=\"hu_HU\" \/>\n<meta property=\"og:type\" content=\"article\" \/>\n<meta property=\"og:title\" content=\"Arc nyirokmassz\u00e1zs - lpg.angels-garden.hu\" \/>\n<meta property=\"og:url\" content=\"https:\/\/lpg.angels-garden.hu\/index.php\/arc-nyirokmasszazs-biokozmetikummokkal\/\" \/>\n<meta property=\"og:site_name\" content=\"lpg.angels-garden.hu\" \/>\n<meta property=\"article:modified_time\" content=\"2025-09-11T10:12:46+00:00\" \/>\n<meta name=\"twitter:card\" content=\"summary_large_image\" \/>\n<meta name=\"twitter:label1\" content=\"Becs\u00fclt olvas\u00e1si id\u0151\" \/>\n\t<meta name=\"twitter:data1\" content=\"1 perc\" \/>\n<script type=\"application\/ld+json\" class=\"yoast-schema-graph\">{\"@context\":\"https:\\\/\\\/schema.org\",\"@graph\":[{\"@type\":\"WebPage\",\"@id\":\"https:\\\/\\\/lpg.angels-garden.hu\\\/index.php\\\/arc-nyirokmasszazs-biokozmetikummokkal\\\/\",\"url\":\"https:\\\/\\\/lpg.angels-garden.hu\\\/index.php\\\/arc-nyirokmasszazs-biokozmetikummokkal\\\/\",\"name\":\"Arc nyirokmassz\u00e1zs - lpg.angels-garden.hu\",\"isPartOf\":{\"@id\":\"https:\\\/\\\/lpg.angels-garden.hu\\\/#website\"},\"datePublished\":\"2025-08-29T16:57:40+00:00\",\"dateModified\":\"2025-09-11T10:12:46+00:00\",\"breadcrumb\":{\"@id\":\"https:\\\/\\\/lpg.angels-garden.hu\\\/index.php\\\/arc-nyirokmasszazs-biokozmetikummokkal\\\/#breadcrumb\"},\"inLanguage\":\"hu\",\"potentialAction\":[{\"@type\":\"ReadAction\",\"target\":[\"https:\\\/\\\/lpg.angels-garden.hu\\\/index.php\\\/arc-nyirokmasszazs-biokozmetikummokkal\\\/\"]}]},{\"@type\":\"BreadcrumbList\",\"@id\":\"https:\\\/\\\/lpg.angels-garden.hu\\\/index.php\\\/arc-nyirokmasszazs-biokozmetikummokkal\\\/#breadcrumb\",\"itemListElement\":[{\"@type\":\"ListItem\",\"position\":1,\"name\":\"Kezd\u0151lap\",\"item\":\"https:\\\/\\\/lpg.angels-garden.hu\\\/\"},{\"@type\":\"ListItem\",\"position\":2,\"name\":\"Arc nyirokmassz\u00e1zs\"}]},{\"@type\":\"WebSite\",\"@id\":\"https:\\\/\\\/lpg.angels-garden.hu\\\/#website\",\"url\":\"https:\\\/\\\/lpg.angels-garden.hu\\\/\",\"name\":\"lpg.angels-garden.hu\",\"description\":\"Massz\u00e1zsok arc \u00e9s testkezel\u00e9sek Lpg kezel\u00e9s\",\"potentialAction\":[{\"@type\":\"SearchAction\",\"target\":{\"@type\":\"EntryPoint\",\"urlTemplate\":\"https:\\\/\\\/lpg.angels-garden.hu\\\/?s={search_term_string}\"},\"query-input\":{\"@type\":\"PropertyValueSpecification\",\"valueRequired\":true,\"valueName\":\"search_term_string\"}}],\"inLanguage\":\"hu\"}]}<\/script>\n<!-- \/ Yoast SEO plugin. -->","yoast_head_json":{"title":"Arc nyirokmassz\u00e1zs - lpg.angels-garden.hu","robots":{"index":"index","follow":"follow","max-snippet":"max-snippet:-1","max-image-preview":"max-image-preview:large","max-video-preview":"max-video-preview:-1"},"canonical":"https:\/\/lpg.angels-garden.hu\/index.php\/arc-nyirokmasszazs-biokozmetikummokkal\/","og_locale":"hu_HU","og_type":"article","og_title":"Arc nyirokmassz\u00e1zs - lpg.angels-garden.hu","og_url":"https:\/\/lpg.angels-garden.hu\/index.php\/arc-nyirokmasszazs-biokozmetikummokkal\/","og_site_name":"lpg.angels-garden.hu","article_modified_time":"2025-09-11T10:12:46+00:00","twitter_card":"summary_large_image","twitter_misc":{"Becs\u00fclt olvas\u00e1si id\u0151":"1 perc"},"schema":{"@context":"https:\/\/schema.org","@graph":[{"@type":"WebPage","@id":"https:\/\/lpg.angels-garden.hu\/index.php\/arc-nyirokmasszazs-biokozmetikummokkal\/","url":"https:\/\/lpg.angels-garden.hu\/index.php\/arc-nyirokmasszazs-biokozmetikummokkal\/","name":"Arc nyirokmassz\u00e1zs - lpg.angels-garden.hu","isPartOf":{"@id":"https:\/\/lpg.angels-garden.hu\/#website"},"datePublished":"2025-08-29T16:57:40+00:00","dateModified":"2025-09-11T10:12:46+00:00","breadcrumb":{"@id":"https:\/\/lpg.angels-garden.hu\/index.php\/arc-nyirokmasszazs-biokozmetikummokkal\/#breadcrumb"},"inLanguage":"hu","potentialAction":[{"@type":"ReadAction","target":["https:\/\/lpg.angels-garden.hu\/index.php\/arc-nyirokmasszazs-biokozmetikummokkal\/"]}]},{"@type":"BreadcrumbList","@id":"https:\/\/lpg.angels-garden.hu\/index.php\/arc-nyirokmasszazs-biokozmetikummokkal\/#breadcrumb","itemListElement":[{"@type":"ListItem","position":1,"name":"Kezd\u0151lap","item":"https:\/\/lpg.angels-garden.hu\/"},{"@type":"ListItem","position":2,"name":"Arc nyirokmassz\u00e1zs"}]},{"@type":"WebSite","@id":"https:\/\/lpg.angels-garden.hu\/#website","url":"https:\/\/lpg.angels-garden.hu\/","name":"lpg.angels-garden.hu","description":"Massz\u00e1zsok arc \u00e9s testkezel\u00e9sek Lpg kezel\u00e9s","potentialAction":[{"@type":"SearchAction","target":{"@type":"EntryPoint","urlTemplate":"https:\/\/lpg.angels-garden.hu\/?s={search_term_string}"},"query-input":{"@type":"PropertyValueSpecification","valueRequired":true,"valueName":"search_term_string"}}],"inLanguage":"hu"}]}},"_links":{"self":[{"href":"https:\/\/lpg.angels-garden.hu\/index.php\/wp-json\/wp\/v2\/pages\/1268","targetHints":{"allow":["GET"]}}],"collection":[{"href":"https:\/\/lpg.angels-garden.hu\/index.php\/wp-json\/wp\/v2\/pages"}],"about":[{"href":"https:\/\/lpg.angels-garden.hu\/index.php\/wp-json\/wp\/v2\/types\/page"}],"author":[{"embeddable":true,"href":"https:\/\/lpg.angels-garden.hu\/index.php\/wp-json\/wp\/v2\/users\/1"}],"replies":[{"embeddable":true,"href":"https:\/\/lpg.angels-garden.hu\/index.php\/wp-json\/wp\/v2\/comments?post=1268"}],"version-history":[{"count":4,"href":"https:\/\/lpg.angels-garden.hu\/index.php\/wp-json\/wp\/v2\/pages\/1268\/revisions"}],"predecessor-version":[{"id":1790,"href":"https:\/\/lpg.angels-garden.hu\/index.php\/wp-json\/wp\/v2\/pages\/1268\/revisions\/1790"}],"wp:attachment":[{"href":"https:\/\/lpg.angels-garden.hu\/index.php\/wp-json\/wp\/v2\/media?parent=1268"}],"curies":[{"name":"wp","href":"https:\/\/api.w.org\/{rel}","templated":true}]}}