{"id":1302,"date":"2024-10-07T19:22:12","date_gmt":"2024-10-07T19:22:12","guid":{"rendered":"https:\/\/lpg.angels-garden.hu\/index.php\/kosar\/"},"modified":"2024-10-07T19:27:21","modified_gmt":"2024-10-07T19:27:21","slug":"kosar","status":"publish","type":"page","link":"https:\/\/lpg.angels-garden.hu\/index.php\/kosar\/","title":{"rendered":"Kos\u00e1r"},"content":{"rendered":"\n<div data-block-name=\"woocommerce\/cart\" class=\"wp-block-woocommerce-cart alignwide is-loading\">\n<div data-block-name=\"woocommerce\/filled-cart-block\" class=\"wp-block-woocommerce-filled-cart-block\">\n<div data-block-name=\"woocommerce\/cart-items-block\" class=\"wp-block-woocommerce-cart-items-block\">\n<div data-block-name=\"woocommerce\/cart-line-items-block\" class=\"wp-block-woocommerce-cart-line-items-block\"><\/div>\n\n\n\n<div data-block-name=\"woocommerce\/cart-cross-sells-block\" class=\"wp-block-woocommerce-cart-cross-sells-block\">\n<h2 class=\"wp-block-heading has-large-font-size\">Tal\u00e1n \u00e9rdekelhetnek ezek&#8230;<\/h2>\n\n\n\n<div data-block-name=\"woocommerce\/cart-cross-sells-products-block\" class=\"wp-block-woocommerce-cart-cross-sells-products-block\"><\/div>\n<\/div>\n<\/div>\n\n\n\n<div data-block-name=\"woocommerce\/cart-totals-block\" class=\"wp-block-woocommerce-cart-totals-block\">\n<div data-block-name=\"woocommerce\/cart-order-summary-block\" class=\"wp-block-woocommerce-cart-order-summary-block\">\n<div data-block-name=\"woocommerce\/cart-order-summary-heading-block\" class=\"wp-block-woocommerce-cart-order-summary-heading-block\"><\/div><div data-block-name=\"woocommerce\/cart-order-summary-coupon-form-block\" class=\"wp-block-woocommerce-cart-order-summary-coupon-form-block\"><\/div><div data-block-name=\"woocommerce\/cart-order-summary-totals-block\" class=\"wp-block-woocommerce-cart-order-summary-totals-block\">\n<div data-block-name=\"woocommerce\/cart-order-summary-subtotal-block\" class=\"wp-block-woocommerce-cart-order-summary-subtotal-block\"><\/div>\n<div data-block-name=\"woocommerce\/cart-order-summary-discount-block\" class=\"wp-block-woocommerce-cart-order-summary-discount-block\"><\/div>\n<div data-block-name=\"woocommerce\/cart-order-summary-fee-block\" class=\"wp-block-woocommerce-cart-order-summary-fee-block\"><\/div>\n<div data-block-name=\"woocommerce\/cart-order-summary-shipping-block\" class=\"wp-block-woocommerce-cart-order-summary-shipping-block\"><\/div>\n<div data-block-name=\"woocommerce\/cart-order-summary-taxes-block\" class=\"wp-block-woocommerce-cart-order-summary-taxes-block\"><\/div><\/div>\n<\/div>\n\n\n\n<div data-block-name=\"woocommerce\/cart-express-payment-block\" class=\"wp-block-woocommerce-cart-express-payment-block\"><\/div>\n\n\n\n<div data-block-name=\"woocommerce\/proceed-to-checkout-block\" class=\"wp-block-woocommerce-proceed-to-checkout-block\"><\/div>\n\n\n\n<div data-block-name=\"woocommerce\/cart-accepted-payment-methods-block\" class=\"wp-block-woocommerce-cart-accepted-payment-methods-block\"><\/div>\n<\/div>\n<\/div>\n\n\n\n<div data-block-name=\"woocommerce\/empty-cart-block\" class=\"wp-block-woocommerce-empty-cart-block\">\n<h2 class=\"wp-block-heading has-text-align-center with-empty-cart-icon wc-block-cart__empty-cart__title\">Jelenleg \u00fcres a kosarad.<\/h2>\n\n\n\n<hr class=\"wp-block-separator has-alpha-channel-opacity is-style-dots\"\/>\n\n\n\n<h2 class=\"wp-block-heading has-text-align-center\">\u00dajdons\u00e1gok<\/h2>\n\n\n<div data-block-name=\"woocommerce\/product-new\" data-columns=\"4\" data-rows=\"1\" class=\"wc-block-grid wp-block-product-new wp-block-woocommerce-product-new wc-block-product-new has-4-columns\"><ul class=\"wc-block-grid__products\"><li class=\"wc-block-grid__product\">\n\t\t\t\t<a href=\"https:\/\/lpg.angels-garden.hu\/index.php\/termek\/fenek-lifting-kerek-popsiert\/\" class=\"wc-block-grid__product-link\">\n\t\t\t\t\t\n\t\t\t\t\t<div class=\"wc-block-grid__product-image\"><img loading=\"lazy\" decoding=\"async\" width=\"250\" height=\"250\" src=\"https:\/\/lpg.angels-garden.hu\/wp-content\/uploads\/2020\/08\/feneklifting-1.png\" class=\"attachment-woocommerce_thumbnail size-woocommerce_thumbnail\" alt=\"Fen\u00e9k Lifting -kerek popsi\u00e9rt\" srcset=\"https:\/\/lpg.angels-garden.hu\/wp-content\/uploads\/2020\/08\/feneklifting-1.png 250w, https:\/\/lpg.angels-garden.hu\/wp-content\/uploads\/2020\/08\/feneklifting-1-100x100.png 100w, https:\/\/lpg.angels-garden.hu\/wp-content\/uploads\/2020\/08\/feneklifting-1-80x80.png 80w, https:\/\/lpg.angels-garden.hu\/wp-content\/uploads\/2020\/08\/feneklifting-1-36x36.png 36w, https:\/\/lpg.angels-garden.hu\/wp-content\/uploads\/2020\/08\/feneklifting-1-180x180.png 180w\" sizes=\"auto, (max-width: 250px) 100vw, 250px\" \/><\/div>\n\t\t\t\t\t<div class=\"wc-block-grid__product-title\">Fen\u00e9k Lifting -kerek popsi\u00e9rt<\/div>\n\t\t\t\t<\/a>\n\t\t\t\t<div class=\"wc-block-grid__product-price price\"><span class=\"woocommerce-Price-amount amount\">9500,00&nbsp;<span class=\"woocommerce-Price-currencySymbol\">&#070;&#116;<\/span><\/span><\/div>\n\t\t\t\t\n\t\t\t\t<div class=\"wp-block-button wc-block-grid__product-add-to-cart\"><a href=\"https:\/\/angels-garden-egeszsegkozpont.salonic.hu\/giftcards\/details\/fenek-lifting-kezeles-2858\" aria-label=\"&ldquo;Fen\u00e9k Lifting -kerek popsi\u00e9rt&rdquo; v\u00e1s\u00e1rl\u00e1sa\" data-quantity=\"1\" data-product_id=\"1536\" data-product_sku=\"\" data-price=\"9500\" rel=\"nofollow\" class=\"wp-block-button__link  add_to_cart_button\">Term\u00e9k megv\u00e1s\u00e1rl\u00e1sa<\/a><\/div>\n\t\t\t<\/li><li class=\"wc-block-grid__product\">\n\t\t\t\t<a href=\"https:\/\/lpg.angels-garden.hu\/index.php\/termek\/lpg-testkezeles-ajandekutalvany\/\" class=\"wc-block-grid__product-link\">\n\t\t\t\t\t\n\t\t\t\t\t<div class=\"wc-block-grid__product-image\"><img loading=\"lazy\" decoding=\"async\" width=\"300\" height=\"300\" src=\"https:\/\/lpg.angels-garden.hu\/wp-content\/uploads\/2020\/09\/119739835_432961971011995_315126363871790254_n-e1600425740255-300x300.jpg\" class=\"attachment-woocommerce_thumbnail size-woocommerce_thumbnail\" alt=\"Lpg Lipomassage testkezel\u00e9s +ingyenes \u00e1llapotfelm\u00e9r\u00e9s\" srcset=\"https:\/\/lpg.angels-garden.hu\/wp-content\/uploads\/2020\/09\/119739835_432961971011995_315126363871790254_n-e1600425740255-300x300.jpg 300w, https:\/\/lpg.angels-garden.hu\/wp-content\/uploads\/2020\/09\/119739835_432961971011995_315126363871790254_n-e1600425740255-100x100.jpg 100w\" sizes=\"auto, (max-width: 300px) 100vw, 300px\" \/><\/div>\n\t\t\t\t\t<div class=\"wc-block-grid__product-title\">Lpg Lipomassage testkezel\u00e9s +ingyenes \u00e1llapotfelm\u00e9r\u00e9s<\/div>\n\t\t\t\t<\/a>\n\t\t\t\t<div class=\"wc-block-grid__product-price price\"><span class=\"woocommerce-Price-amount amount\">9200,00&nbsp;<span class=\"woocommerce-Price-currencySymbol\">&#070;&#116;<\/span><\/span><\/div>\n\t\t\t\t\n\t\t\t\t<div class=\"wp-block-button wc-block-grid__product-add-to-cart\"><a href=\"https:\/\/angels-garden-egeszsegkozpont.salonic.hu\/giftcards\/buy\/lpg-lipomassage-kezeles-35-perc---ingyenes-allapotfelmeres-2850\" aria-label=\"Megveszem\" data-quantity=\"1\" data-product_id=\"1506\" data-product_sku=\"\" data-price=\"9200\" rel=\"nofollow\" class=\"wp-block-button__link  add_to_cart_button\">Megveszem<\/a><\/div>\n\t\t\t<\/li><li class=\"wc-block-grid__product\">\n\t\t\t\t<a href=\"https:\/\/lpg.angels-garden.hu\/index.php\/termek\/hatmasszazs-50-perc-stresszoldas-mindenkinek-masolat\/\" class=\"wc-block-grid__product-link\">\n\t\t\t\t\t\n\t\t\t\t\t<div class=\"wc-block-grid__product-image\"><img loading=\"lazy\" decoding=\"async\" width=\"300\" height=\"300\" src=\"https:\/\/lpg.angels-garden.hu\/wp-content\/uploads\/2025\/02\/PKeVrAQY-300x300.jpg\" class=\"attachment-woocommerce_thumbnail size-woocommerce_thumbnail\" alt=\"H\u00e1tmassz\u00e1zs 50 perc Stresszold\u00e1s mindenkinek\" srcset=\"https:\/\/lpg.angels-garden.hu\/wp-content\/uploads\/2025\/02\/PKeVrAQY-300x300.jpg 300w, https:\/\/lpg.angels-garden.hu\/wp-content\/uploads\/2025\/02\/PKeVrAQY-100x100.jpg 100w, https:\/\/lpg.angels-garden.hu\/wp-content\/uploads\/2025\/02\/PKeVrAQY-80x80.jpg 80w, https:\/\/lpg.angels-garden.hu\/wp-content\/uploads\/2025\/02\/PKeVrAQY-36x36.jpg 36w, https:\/\/lpg.angels-garden.hu\/wp-content\/uploads\/2025\/02\/PKeVrAQY-180x180.jpg 180w, https:\/\/lpg.angels-garden.hu\/wp-content\/uploads\/2025\/02\/PKeVrAQY-120x120.jpg 120w, https:\/\/lpg.angels-garden.hu\/wp-content\/uploads\/2025\/02\/PKeVrAQY-450x450.jpg 450w\" sizes=\"auto, (max-width: 300px) 100vw, 300px\" \/><\/div>\n\t\t\t\t\t<div class=\"wc-block-grid__product-title\">H\u00e1tmassz\u00e1zs 50 perc Stresszold\u00e1s mindenkinek<\/div>\n\t\t\t\t<\/a>\n\t\t\t\t<div class=\"wc-block-grid__product-price price\"><span class=\"woocommerce-Price-amount amount\">10000,00&nbsp;<span class=\"woocommerce-Price-currencySymbol\">&#070;&#116;<\/span><\/span><\/div>\n\t\t\t\t\n\t\t\t\t<div class=\"wp-block-button wc-block-grid__product-add-to-cart\"><a href=\"https:\/\/angels-garden-egeszsegkozpont.salonic.hu\/giftcards\/details\/hatmasszazs-50-perces-frissito-fajdalomcsokkento-2852\" aria-label=\"Megveszem\" data-quantity=\"1\" data-product_id=\"1500\" data-product_sku=\"\" data-price=\"10000\" rel=\"nofollow\" class=\"wp-block-button__link  add_to_cart_button\">Megveszem<\/a><\/div>\n\t\t\t<\/li><li class=\"wc-block-grid__product\">\n\t\t\t\t<a href=\"https:\/\/lpg.angels-garden.hu\/index.php\/termek\/hatmasszazs-30-perc-stresszoldas-mindenkinek\/\" class=\"wc-block-grid__product-link\">\n\t\t\t\t\t\n\t\t\t\t\t<div class=\"wc-block-grid__product-image\"><img loading=\"lazy\" decoding=\"async\" width=\"300\" height=\"300\" src=\"https:\/\/lpg.angels-garden.hu\/wp-content\/uploads\/2025\/01\/gioEoppS-300x300.jpg\" class=\"attachment-woocommerce_thumbnail size-woocommerce_thumbnail\" alt=\"H\u00e1tmassz\u00e1zs 30 perc Stresszold\u00e1s mindenkinek\" srcset=\"https:\/\/lpg.angels-garden.hu\/wp-content\/uploads\/2025\/01\/gioEoppS-300x300.jpg 300w, https:\/\/lpg.angels-garden.hu\/wp-content\/uploads\/2025\/01\/gioEoppS-100x100.jpg 100w, https:\/\/lpg.angels-garden.hu\/wp-content\/uploads\/2025\/01\/gioEoppS-80x80.jpg 80w, https:\/\/lpg.angels-garden.hu\/wp-content\/uploads\/2025\/01\/gioEoppS-36x36.jpg 36w, https:\/\/lpg.angels-garden.hu\/wp-content\/uploads\/2025\/01\/gioEoppS-180x180.jpg 180w, https:\/\/lpg.angels-garden.hu\/wp-content\/uploads\/2025\/01\/gioEoppS-120x120.jpg 120w\" sizes=\"auto, (max-width: 300px) 100vw, 300px\" \/><\/div>\n\t\t\t\t\t<div class=\"wc-block-grid__product-title\">H\u00e1tmassz\u00e1zs 30 perc Stresszold\u00e1s mindenkinek<\/div>\n\t\t\t\t<\/a>\n\t\t\t\t<div class=\"wc-block-grid__product-price price\"><span class=\"woocommerce-Price-amount amount\">5000,00&nbsp;<span class=\"woocommerce-Price-currencySymbol\">&#070;&#116;<\/span><\/span><\/div>\n\t\t\t\t\n\t\t\t\t<div class=\"wp-block-button wc-block-grid__product-add-to-cart\"><a href=\"https:\/\/angels-garden-egeszsegkozpont.salonic.hu\/giftcards\/details\/stresszoldo-hatmasszazs-30-perces-2851\" aria-label=\"Megveszem\" data-quantity=\"1\" data-product_id=\"1482\" data-product_sku=\"\" data-price=\"5000\" rel=\"nofollow\" class=\"wp-block-button__link  add_to_cart_button\">Megveszem<\/a><\/div>\n\t\t\t<\/li><\/ul><\/div><\/div>\n<\/div>\n","protected":false},"excerpt":{"rendered":"","protected":false},"author":1,"featured_media":0,"parent":0,"menu_order":0,"comment_status":"closed","ping_status":"closed","template":"","meta":{"footnotes":""},"class_list":["post-1302","page","type-page","status-publish","hentry"],"yoast_head":"<!-- This site is optimized with the Yoast SEO plugin v27.5 - https:\/\/yoast.com\/product\/yoast-seo-wordpress\/ -->\n<title>Kos\u00e1r - lpg.angels-garden.hu<\/title>\n<meta name=\"robots\" content=\"index, follow, max-snippet:-1, max-image-preview:large, max-video-preview:-1\" \/>\n<link rel=\"canonical\" href=\"https:\/\/lpg.angels-garden.hu\/index.php\/kosar\/\" \/>\n<meta property=\"og:locale\" content=\"hu_HU\" \/>\n<meta property=\"og:type\" content=\"article\" \/>\n<meta property=\"og:title\" content=\"Kos\u00e1r - lpg.angels-garden.hu\" \/>\n<meta property=\"og:url\" content=\"https:\/\/lpg.angels-garden.hu\/index.php\/kosar\/\" \/>\n<meta property=\"og:site_name\" content=\"lpg.angels-garden.hu\" \/>\n<meta property=\"article:modified_time\" content=\"2024-10-07T19:27:21+00:00\" \/>\n<meta name=\"twitter:card\" content=\"summary_large_image\" \/>\n<script type=\"application\/ld+json\" class=\"yoast-schema-graph\">{\"@context\":\"https:\\\/\\\/schema.org\",\"@graph\":[{\"@type\":\"WebPage\",\"@id\":\"https:\\\/\\\/lpg.angels-garden.hu\\\/index.php\\\/kosar\\\/\",\"url\":\"https:\\\/\\\/lpg.angels-garden.hu\\\/index.php\\\/kosar\\\/\",\"name\":\"Kos\u00e1r - lpg.angels-garden.hu\",\"isPartOf\":{\"@id\":\"https:\\\/\\\/lpg.angels-garden.hu\\\/#website\"},\"datePublished\":\"2024-10-07T19:22:12+00:00\",\"dateModified\":\"2024-10-07T19:27:21+00:00\",\"breadcrumb\":{\"@id\":\"https:\\\/\\\/lpg.angels-garden.hu\\\/index.php\\\/kosar\\\/#breadcrumb\"},\"inLanguage\":\"hu\",\"potentialAction\":[{\"@type\":\"ReadAction\",\"target\":[\"https:\\\/\\\/lpg.angels-garden.hu\\\/index.php\\\/kosar\\\/\"]}]},{\"@type\":\"BreadcrumbList\",\"@id\":\"https:\\\/\\\/lpg.angels-garden.hu\\\/index.php\\\/kosar\\\/#breadcrumb\",\"itemListElement\":[{\"@type\":\"ListItem\",\"position\":1,\"name\":\"Kezd\u0151lap\",\"item\":\"https:\\\/\\\/lpg.angels-garden.hu\\\/\"},{\"@type\":\"ListItem\",\"position\":2,\"name\":\"Kos\u00e1r\"}]},{\"@type\":\"WebSite\",\"@id\":\"https:\\\/\\\/lpg.angels-garden.hu\\\/#website\",\"url\":\"https:\\\/\\\/lpg.angels-garden.hu\\\/\",\"name\":\"lpg.angels-garden.hu\",\"description\":\"Massz\u00e1zsok arc \u00e9s testkezel\u00e9sek Lpg kezel\u00e9s\",\"potentialAction\":[{\"@type\":\"SearchAction\",\"target\":{\"@type\":\"EntryPoint\",\"urlTemplate\":\"https:\\\/\\\/lpg.angels-garden.hu\\\/?s={search_term_string}\"},\"query-input\":{\"@type\":\"PropertyValueSpecification\",\"valueRequired\":true,\"valueName\":\"search_term_string\"}}],\"inLanguage\":\"hu\"}]}<\/script>\n<!-- \/ Yoast SEO plugin. -->","yoast_head_json":{"title":"Kos\u00e1r - lpg.angels-garden.hu","robots":{"index":"index","follow":"follow","max-snippet":"max-snippet:-1","max-image-preview":"max-image-preview:large","max-video-preview":"max-video-preview:-1"},"canonical":"https:\/\/lpg.angels-garden.hu\/index.php\/kosar\/","og_locale":"hu_HU","og_type":"article","og_title":"Kos\u00e1r - lpg.angels-garden.hu","og_url":"https:\/\/lpg.angels-garden.hu\/index.php\/kosar\/","og_site_name":"lpg.angels-garden.hu","article_modified_time":"2024-10-07T19:27:21+00:00","twitter_card":"summary_large_image","schema":{"@context":"https:\/\/schema.org","@graph":[{"@type":"WebPage","@id":"https:\/\/lpg.angels-garden.hu\/index.php\/kosar\/","url":"https:\/\/lpg.angels-garden.hu\/index.php\/kosar\/","name":"Kos\u00e1r - lpg.angels-garden.hu","isPartOf":{"@id":"https:\/\/lpg.angels-garden.hu\/#website"},"datePublished":"2024-10-07T19:22:12+00:00","dateModified":"2024-10-07T19:27:21+00:00","breadcrumb":{"@id":"https:\/\/lpg.angels-garden.hu\/index.php\/kosar\/#breadcrumb"},"inLanguage":"hu","potentialAction":[{"@type":"ReadAction","target":["https:\/\/lpg.angels-garden.hu\/index.php\/kosar\/"]}]},{"@type":"BreadcrumbList","@id":"https:\/\/lpg.angels-garden.hu\/index.php\/kosar\/#breadcrumb","itemListElement":[{"@type":"ListItem","position":1,"name":"Kezd\u0151lap","item":"https:\/\/lpg.angels-garden.hu\/"},{"@type":"ListItem","position":2,"name":"Kos\u00e1r"}]},{"@type":"WebSite","@id":"https:\/\/lpg.angels-garden.hu\/#website","url":"https:\/\/lpg.angels-garden.hu\/","name":"lpg.angels-garden.hu","description":"Massz\u00e1zsok arc \u00e9s testkezel\u00e9sek Lpg kezel\u00e9s","potentialAction":[{"@type":"SearchAction","target":{"@type":"EntryPoint","urlTemplate":"https:\/\/lpg.angels-garden.hu\/?s={search_term_string}"},"query-input":{"@type":"PropertyValueSpecification","valueRequired":true,"valueName":"search_term_string"}}],"inLanguage":"hu"}]}},"_links":{"self":[{"href":"https:\/\/lpg.angels-garden.hu\/index.php\/wp-json\/wp\/v2\/pages\/1302","targetHints":{"allow":["GET"]}}],"collection":[{"href":"https:\/\/lpg.angels-garden.hu\/index.php\/wp-json\/wp\/v2\/pages"}],"about":[{"href":"https:\/\/lpg.angels-garden.hu\/index.php\/wp-json\/wp\/v2\/types\/page"}],"author":[{"embeddable":true,"href":"https:\/\/lpg.angels-garden.hu\/index.php\/wp-json\/wp\/v2\/users\/1"}],"replies":[{"embeddable":true,"href":"https:\/\/lpg.angels-garden.hu\/index.php\/wp-json\/wp\/v2\/comments?post=1302"}],"version-history":[{"count":1,"href":"https:\/\/lpg.angels-garden.hu\/index.php\/wp-json\/wp\/v2\/pages\/1302\/revisions"}],"predecessor-version":[{"id":1309,"href":"https:\/\/lpg.angels-garden.hu\/index.php\/wp-json\/wp\/v2\/pages\/1302\/revisions\/1309"}],"wp:attachment":[{"href":"https:\/\/lpg.angels-garden.hu\/index.php\/wp-json\/wp\/v2\/media?parent=1302"}],"curies":[{"name":"wp","href":"https:\/\/api.w.org\/{rel}","templated":true}]}}