{"id":1761,"date":"2025-09-11T09:18:37","date_gmt":"2025-09-11T09:18:37","guid":{"rendered":"https:\/\/lpg.angels-garden.hu\/?page_id=1761"},"modified":"2025-09-11T10:16:11","modified_gmt":"2025-09-11T10:16:11","slug":"venus-new-life-izom-stimulacio-passziv-izomedzes-szalkasitas-fajdalomcsillapitas","status":"publish","type":"page","link":"https:\/\/lpg.angels-garden.hu\/index.php\/venus-new-life-izom-stimulacio-passziv-izomedzes-szalkasitas-fajdalomcsillapitas\/","title":{"rendered":"Venus  Passz\u00edv izomedz\u00e9s"},"content":{"rendered":"\n<style type=\"text\/css\" data-created_by=\"avia_inline_auto\" id=\"style-css-av-mff7cll2-b95a1602cbd882b0e69faf20cdeb2b8d\">\n#top .av-special-heading.av-mff7cll2-b95a1602cbd882b0e69faf20cdeb2b8d{\npadding-bottom:10px;\n}\nbody .av-special-heading.av-mff7cll2-b95a1602cbd882b0e69faf20cdeb2b8d .av-special-heading-tag .heading-char{\nfont-size:25px;\n}\n.av-special-heading.av-mff7cll2-b95a1602cbd882b0e69faf20cdeb2b8d .av-subheading{\nfont-size:15px;\n}\n<\/style>\n<div  class='av-special-heading av-mff7cll2-b95a1602cbd882b0e69faf20cdeb2b8d av-special-heading-h1 blockquote modern-quote modern-centered  avia-builder-el-0  el_before_av_hr  avia-builder-el-first '><h1 class='av-special-heading-tag '  itemprop=\"headline\"  >Venus new life izom stimul\u00e1ci\u00f3 &#8211; passz\u00edv izomedz\u00e9sv  sz\u00e1lk\u00e1s\u00edt\u00e1s, f\u00e1jdalomcsillapit\u00e1s<\/h1><div class=\"special-heading-border\"><div class=\"special-heading-inner-border\"><\/div><\/div><\/div>\n\n<style type=\"text\/css\" data-created_by=\"avia_inline_auto\" id=\"style-css-av-kdhd0xpk-489ffe0be5cfbffeb40cd960e48ba892\">\n#top .hr.av-kdhd0xpk-489ffe0be5cfbffeb40cd960e48ba892{\nmargin-top:30px;\nmargin-bottom:30px;\n}\n.hr.av-kdhd0xpk-489ffe0be5cfbffeb40cd960e48ba892 .hr-inner{\nwidth:100px;\nborder-color:#e8b8b8;\nmax-width:45%;\n}\n<\/style>\n<div  class='hr av-kdhd0xpk-489ffe0be5cfbffeb40cd960e48ba892 hr-custom  avia-builder-el-1  el_after_av_heading  el_before_av_textblock  hr-center hr-icon-yes'><span class='hr-inner inner-border-av-border-fat'><span class=\"hr-inner-style\"><\/span><\/span><span class='av-seperator-icon avia-iconfont avia-font-entypo-fontello' data-av_icon='\ue8b8' data-av_iconfont='entypo-fontello' ><\/span><span class='hr-inner inner-border-av-border-fat'><span class=\"hr-inner-style\"><\/span><\/span><\/div>\n<section  class='av_textblock_section av-fw4j4h-a484f5a86d4a397471fa2da3cd197466 '   itemscope=\"itemscope\" itemtype=\"https:\/\/schema.org\/CreativeWork\" ><div class='avia_textblock'  itemprop=\"text\" ><p style=\"text-align: center;\">Egy alkalom el\u0151tte -ut\u00e1na , 50 perces passz\u00edvizomedz\u00e9s.<\/p>\n<p style=\"text-align: center;\">.<\/p>\n<p><img loading=\"lazy\" decoding=\"async\" class=\"alignnone size-medium wp-image-1767\" src=\"http:\/\/lpg.angels-garden.hu\/wp-content\/uploads\/2025\/09\/Star-Dust-Elegant-Dotted-Background-Woman-Posing-Photo-Collage-2-300x240.png\" alt=\"\" width=\"300\" height=\"240\" srcset=\"https:\/\/lpg.angels-garden.hu\/wp-content\/uploads\/2025\/09\/Star-Dust-Elegant-Dotted-Background-Woman-Posing-Photo-Collage-2-300x240.png 300w, https:\/\/lpg.angels-garden.hu\/wp-content\/uploads\/2025\/09\/Star-Dust-Elegant-Dotted-Background-Woman-Posing-Photo-Collage-2-1030x824.png 1030w, https:\/\/lpg.angels-garden.hu\/wp-content\/uploads\/2025\/09\/Star-Dust-Elegant-Dotted-Background-Woman-Posing-Photo-Collage-2-768x614.png 768w, https:\/\/lpg.angels-garden.hu\/wp-content\/uploads\/2025\/09\/Star-Dust-Elegant-Dotted-Background-Woman-Posing-Photo-Collage-2-1536x1229.png 1536w, https:\/\/lpg.angels-garden.hu\/wp-content\/uploads\/2025\/09\/Star-Dust-Elegant-Dotted-Background-Woman-Posing-Photo-Collage-2-1500x1200.png 1500w, https:\/\/lpg.angels-garden.hu\/wp-content\/uploads\/2025\/09\/Star-Dust-Elegant-Dotted-Background-Woman-Posing-Photo-Collage-2-705x564.png 705w, https:\/\/lpg.angels-garden.hu\/wp-content\/uploads\/2025\/09\/Star-Dust-Elegant-Dotted-Background-Woman-Posing-Photo-Collage-2-450x360.png 450w, https:\/\/lpg.angels-garden.hu\/wp-content\/uploads\/2025\/09\/Star-Dust-Elegant-Dotted-Background-Woman-Posing-Photo-Collage-2-1320x1056.png 1320w, https:\/\/lpg.angels-garden.hu\/wp-content\/uploads\/2025\/09\/Star-Dust-Elegant-Dotted-Background-Woman-Posing-Photo-Collage-2-600x480.png 600w, https:\/\/lpg.angels-garden.hu\/wp-content\/uploads\/2025\/09\/Star-Dust-Elegant-Dotted-Background-Woman-Posing-Photo-Collage-2.png 2000w\" sizes=\"auto, (max-width: 300px) 100vw, 300px\" \/><\/p>\n<p><img loading=\"lazy\" decoding=\"async\" class=\"alignnone size-medium wp-image-1766\" src=\"http:\/\/lpg.angels-garden.hu\/wp-content\/uploads\/2025\/09\/Star-Dust-Elegant-Dotted-Background-Woman-Posing-Photo-Collage-1-300x240.png\" alt=\"\" width=\"300\" height=\"240\" srcset=\"https:\/\/lpg.angels-garden.hu\/wp-content\/uploads\/2025\/09\/Star-Dust-Elegant-Dotted-Background-Woman-Posing-Photo-Collage-1-300x240.png 300w, https:\/\/lpg.angels-garden.hu\/wp-content\/uploads\/2025\/09\/Star-Dust-Elegant-Dotted-Background-Woman-Posing-Photo-Collage-1-1030x824.png 1030w, https:\/\/lpg.angels-garden.hu\/wp-content\/uploads\/2025\/09\/Star-Dust-Elegant-Dotted-Background-Woman-Posing-Photo-Collage-1-768x614.png 768w, https:\/\/lpg.angels-garden.hu\/wp-content\/uploads\/2025\/09\/Star-Dust-Elegant-Dotted-Background-Woman-Posing-Photo-Collage-1-1536x1229.png 1536w, https:\/\/lpg.angels-garden.hu\/wp-content\/uploads\/2025\/09\/Star-Dust-Elegant-Dotted-Background-Woman-Posing-Photo-Collage-1-1500x1200.png 1500w, https:\/\/lpg.angels-garden.hu\/wp-content\/uploads\/2025\/09\/Star-Dust-Elegant-Dotted-Background-Woman-Posing-Photo-Collage-1-705x564.png 705w, https:\/\/lpg.angels-garden.hu\/wp-content\/uploads\/2025\/09\/Star-Dust-Elegant-Dotted-Background-Woman-Posing-Photo-Collage-1-450x360.png 450w, https:\/\/lpg.angels-garden.hu\/wp-content\/uploads\/2025\/09\/Star-Dust-Elegant-Dotted-Background-Woman-Posing-Photo-Collage-1-1320x1056.png 1320w, https:\/\/lpg.angels-garden.hu\/wp-content\/uploads\/2025\/09\/Star-Dust-Elegant-Dotted-Background-Woman-Posing-Photo-Collage-1-600x480.png 600w, https:\/\/lpg.angels-garden.hu\/wp-content\/uploads\/2025\/09\/Star-Dust-Elegant-Dotted-Background-Woman-Posing-Photo-Collage-1.png 2000w\" sizes=\"auto, (max-width: 300px) 100vw, 300px\" \/><\/p>\n<p><img loading=\"lazy\" decoding=\"async\" class=\"alignnone size-medium wp-image-1765\" src=\"http:\/\/lpg.angels-garden.hu\/wp-content\/uploads\/2025\/09\/Star-Dust-Elegant-Dotted-Background-Woman-Posing-Photo-Collage-300x240.png\" alt=\"\" width=\"300\" height=\"240\" srcset=\"https:\/\/lpg.angels-garden.hu\/wp-content\/uploads\/2025\/09\/Star-Dust-Elegant-Dotted-Background-Woman-Posing-Photo-Collage-300x240.png 300w, https:\/\/lpg.angels-garden.hu\/wp-content\/uploads\/2025\/09\/Star-Dust-Elegant-Dotted-Background-Woman-Posing-Photo-Collage-1030x824.png 1030w, https:\/\/lpg.angels-garden.hu\/wp-content\/uploads\/2025\/09\/Star-Dust-Elegant-Dotted-Background-Woman-Posing-Photo-Collage-768x614.png 768w, https:\/\/lpg.angels-garden.hu\/wp-content\/uploads\/2025\/09\/Star-Dust-Elegant-Dotted-Background-Woman-Posing-Photo-Collage-1536x1229.png 1536w, https:\/\/lpg.angels-garden.hu\/wp-content\/uploads\/2025\/09\/Star-Dust-Elegant-Dotted-Background-Woman-Posing-Photo-Collage-1500x1200.png 1500w, https:\/\/lpg.angels-garden.hu\/wp-content\/uploads\/2025\/09\/Star-Dust-Elegant-Dotted-Background-Woman-Posing-Photo-Collage-705x564.png 705w, https:\/\/lpg.angels-garden.hu\/wp-content\/uploads\/2025\/09\/Star-Dust-Elegant-Dotted-Background-Woman-Posing-Photo-Collage-450x360.png 450w, https:\/\/lpg.angels-garden.hu\/wp-content\/uploads\/2025\/09\/Star-Dust-Elegant-Dotted-Background-Woman-Posing-Photo-Collage-1320x1056.png 1320w, https:\/\/lpg.angels-garden.hu\/wp-content\/uploads\/2025\/09\/Star-Dust-Elegant-Dotted-Background-Woman-Posing-Photo-Collage-600x480.png 600w, https:\/\/lpg.angels-garden.hu\/wp-content\/uploads\/2025\/09\/Star-Dust-Elegant-Dotted-Background-Woman-Posing-Photo-Collage.png 2000w\" sizes=\"auto, (max-width: 300px) 100vw, 300px\" \/><\/p>\n<p>Minimum 6 alkalom sz\u00fcks\u00e9ges a tart\u00f3s eredm\u00e8ny el\u00e9r\u00e9s\u00e9hez.<\/p>\n<p>A New-Life egy vadonat\u00faj, k\u00fcls\u0151dleges\u00a0<strong>izomstimul\u00e1tor<\/strong>, mely pontosan \u00e9s prec\u00edzen a test bio-elektromos folyamatait, az el\u0151re meghat\u00e1rozott elektromos impulzosokkal. Az izmok akt\u00edv m\u0171k\u00f6d\u00e9sbe j\u00f6nnek, val\u00f3di\u00a0<strong>izommunka<\/strong>\u00a0folyik l\u00e9trej\u00f6n az alakform\u00e1l\u00e1s.\u00a0<strong>50 perces haskezel\u00e9s 300 fel\u00fcl\u00e9snek felel meg<\/strong>, \u00e9s mindez izoml\u00e1z n\u00e9lk\u00fcl\u00a0<strong>sz\u00e1lk\u00e1s\u00edt<\/strong>ja hasfalad!<\/p>\n<p>A\u00a0<strong>hasizommunka<\/strong>\u00a0\u00e1ltal a szervezet eg\u00e9sz\u00e9ben elindulnak azok a folyamatok, amelyeknek k\u00f6sz\u00f6nhet\u0151en m\u00e1r az els\u0151 alkalom ut\u00e1n\u00a0<strong>2-5 cm-es ker\u00fcletcs\u00f6kken\u00e9s<\/strong>j\u00f6n l\u00e9tre.\u00a0<strong>Sz\u00e1lk\u00e1sodik feszesedik hasfalad.<\/strong><\/p>\n<p><strong>Mell\u00e9k eredm\u00e9ny, de nem mell\u00e9kes:<\/strong><\/p>\n<p>A kezel\u00e9s hat\u00e1s\u00e1ra a v\u00e9rkering\u00e9s az anyagcsere fokoz\u00f3dik, a nyirokkering\u00e9s aktiv\u00e1l\u00f3dik, megindulnak a m\u00e9regtelen\u00edt\u00e9si folyamatok. Ezek hat\u00e1s\u00e1ra cs\u00f6kken a cellulit automatiz\u00e1l\u00f3dik a r\u00e1nctalan\u00edt\u00e1s.<\/p>\n<p>Az akt\u00edv izommunka hat\u00e1s\u00e1ra n\u0151 a szervezet aktivit\u00e1sa energi\u00e1t haszn\u00e1l fel ez\u00e1ltal\u00a0<strong>zs\u00edrt \u00e9get, \u00edgy l\u00e1tv\u00e1nyosan form\u00e1l\u00f3dik a test<\/strong>. Cs\u00f6kken a b\u0151r alatti cellulit tartalom \u00edgy l\u00e9trej\u00f6n a b\u0151r feszes\u00edt\u00e9s \u00e9s a ker\u00fcletcs\u00f6kken\u00e9s, r\u00e1nctalan\u00edt\u00e1s.<\/p>\n<p>A kezel\u00e9s szem\u00e9lyre szabottan, a vend\u00e9g ig\u00e9nyeit, probl\u00e9m\u00e1it, egy\u00e9ni jellemz\u0151it figyelembe v\u00e9ve alak\u00edthat\u00f3.<\/p>\n<p>A kezel\u00e9seket \u00e1ltal\u00e1ban heti k\u00e9t alkalommal, (6-8 alkalmas) k\u00far\u00e1ban javasoljuk. Az aj\u00e1nlott kezel\u00e9sek sz\u00e1ma f\u00fcgg a Vend\u00e9g\u00fcnk b\u0151rt\u00edpus\u00e1t\u00f3l, r\u00e1ncai m\u00e9lys\u00e9g\u00e9t\u0151l, b\u0151re \u00e1llag\u00e1t\u00f3l \u00e9s az eg\u00e9szs\u00e9g\u00fcgyi \u00e1llapot\u00e1t\u00f3l. Mindezeket figyelembe v\u00e9ve. Az el\u00e9rt eredm\u00e9nyek havi 1-2 szinten tart\u00f3 kezel\u00e9ssel meg\u0151rizhet\u0151ek.<br \/>\nM\u00e1r az els\u0151 kezel\u00e9s ut\u00e1n szemmel l\u00e1that\u00f3 v\u00e1ltoz\u00e1st hoz\u00f3, fantasztikus \u00e9rz\u00e9st ny\u00fajt\u00f3, igazi meg\u00faj\u00edt\u00f3 kezel\u00e9sek t\u00e1rh\u00e1z\u00e1t (alakform\u00e1l\u00e1s kozmetika) k\u00edn\u00e1lja a VENUS TECHNOLOGI.<\/p>\n<\/div><\/section>\n<div  class='flex_column av-3pdckx-1b241d14c08af25ceb9ee26dfde99aa9 av_one_fifth  avia-builder-el-3  el_after_av_textblock  el_before_av_postcontent  avia-builder-el-last  first flex_column_div  column-top-margin'     ><\/div>\n\n<div  class='av-catalogue-container av-1eo0xt-cc1c62638bc2e74e765a409d0c479370  avia-builder-el-5  el_after_av_postcontent  avia-builder-el-no-sibling '><ul class='av-catalogue-list'>\n<li><div class='av-catalogue-item av-c241dt-a265123e9a13f0b215ea9440a053fc38' ><div class=\"av-catalogue-item-inner\"><div class=\"av-catalogue-title-container\"><div class='av-catalogue-title'>Venus Passziv izomedz\u00e9s, sz\u00e1lk\u00e1sit\u00e1s<\/div><div class='av-catalogue-price'>9.500,-Ft<\/div><\/div><div class=\"av-catalogue-content\">\n50 minutes<br \/>\n<\/div><\/div><\/div><\/li>\n<li><div class='av-catalogue-item av-bcejhd-66baec3b91a0aeaa813f1c72d0889fe3' ><div class=\"av-catalogue-item-inner\"><div class=\"av-catalogue-title-container\"><div class='av-catalogue-title'> 6 alkalmas Venusizomedz\u00e9s b\u00e9rlet<\/div><div class='av-catalogue-price'>54.900,- Ft<\/div><\/div><div class=\"av-catalogue-content\">\n50 minutes<br \/>\n<\/div><\/div><\/div><\/li>\n<li><div class='av-catalogue-item av-8zgmlt-a84eeca8fca3283c7689c01e8a434b72' ><div class=\"av-catalogue-item-inner\"><div class=\"av-catalogue-title-container\"><div class='av-catalogue-title'>12 alkalmas Venusizomedz\u00e9s b\u00e9rlet<\/div><div class='av-catalogue-price'>102.000,- Ft<\/div><\/div><div class=\"av-catalogue-content\">\n12 x 50 minutes<br \/>\n<\/div><\/div><\/div><\/li>\n<li><div class='av-catalogue-item av-7muss1-98c13bcc0312c2f4d83a0b7bb3cad3fe' ><div class=\"av-catalogue-item-inner\"><div class=\"av-catalogue-title-container\"><div class='av-catalogue-title'>Fen\u00e9k Lifting     kezel\u00e9s<\/div><div class='av-catalogue-price'>8.500,-Ft<\/div><\/div><div class=\"av-catalogue-content\">\n30 minutes<br \/>\n<\/div><\/div><\/div><\/li>\n<li><div class='av-catalogue-item av-6a3ec1-dfd323d37b4fc486df7029c9e1c67026' ><div class=\"av-catalogue-item-inner\"><div class=\"av-catalogue-title-container\"><div class='av-catalogue-title'> 6 alkalmas Fen\u00e9k lifting b\u00e9rlet<\/div><div class='av-catalogue-price'>48.450,-<\/div><\/div><div class=\"av-catalogue-content\">\n6 x 30 minutes<br \/>\n<\/div><\/div><\/div><\/li>\n<li><div class='av-catalogue-item av-3v33zl-cd2b8bbd9d4dac69fc7b7eb3ef8aa4f7' ><div class=\"av-catalogue-item-inner\"><div class=\"av-catalogue-title-container\"><div class='av-catalogue-title'>Mell lifting kezel\u00e9s<\/div><div class='av-catalogue-price'>8.500,- Ft<\/div><\/div><div class=\"av-catalogue-content\">\n30 minutes<br \/>\n<\/div><\/div><\/div><\/li>\n<li><div class='av-catalogue-item av-2sdxo1-e259141405c544b2ef3a43881daae5bf' ><div class=\"av-catalogue-item-inner\"><div class=\"av-catalogue-title-container\"><div class='av-catalogue-title'> 6 alkalmas mell lifitng <\/div><div class='av-catalogue-price'>48.450,- Ft<\/div><\/div><div class=\"av-catalogue-content\">\n6 x 30 minutes<br \/>\n<\/div><\/div><\/div><\/li>\n<\/ul><\/div>\n","protected":false},"excerpt":{"rendered":"","protected":false},"author":1,"featured_media":0,"parent":0,"menu_order":0,"comment_status":"closed","ping_status":"closed","template":"","meta":{"footnotes":""},"class_list":["post-1761","page","type-page","status-publish","hentry"],"yoast_head":"<!-- This site is optimized with the Yoast SEO plugin v27.5 - https:\/\/yoast.com\/product\/yoast-seo-wordpress\/ -->\n<title>Venus new life izom stimul\u00e1ci\u00f3 - passz\u00edv izomedz\u00e9sv sz\u00e1lk\u00e1s\u00edt\u00e1s<\/title>\n<meta name=\"description\" content=\"Venus new life izom stimul\u00e1ci\u00f3 - passz\u00edv izomedz\u00e9sv sz\u00e1lk\u00e1s\u00edt\u00e1s, f\u00e1jdalomcsillapit\u00e1s, azonnal l\u00e1that\u00f3 eredm\u00e9ny.\" \/>\n<meta name=\"robots\" content=\"index, follow, max-snippet:-1, max-image-preview:large, max-video-preview:-1\" \/>\n<link rel=\"canonical\" href=\"https:\/\/lpg.angels-garden.hu\/index.php\/venus-new-life-izom-stimulacio-passziv-izomedzes-szalkasitas-fajdalomcsillapitas\/\" \/>\n<meta property=\"og:locale\" content=\"hu_HU\" \/>\n<meta property=\"og:type\" content=\"article\" \/>\n<meta property=\"og:title\" content=\"Venus new life izom stimul\u00e1ci\u00f3 - passz\u00edv izomedz\u00e9sv sz\u00e1lk\u00e1s\u00edt\u00e1s\" \/>\n<meta property=\"og:description\" content=\"Venus new life izom stimul\u00e1ci\u00f3 - passz\u00edv izomedz\u00e9sv sz\u00e1lk\u00e1s\u00edt\u00e1s, f\u00e1jdalomcsillapit\u00e1s, azonnal l\u00e1that\u00f3 eredm\u00e9ny.\" \/>\n<meta property=\"og:url\" content=\"https:\/\/lpg.angels-garden.hu\/index.php\/venus-new-life-izom-stimulacio-passziv-izomedzes-szalkasitas-fajdalomcsillapitas\/\" \/>\n<meta property=\"og:site_name\" content=\"lpg.angels-garden.hu\" \/>\n<meta property=\"article:modified_time\" content=\"2025-09-11T10:16:11+00:00\" \/>\n<meta property=\"og:image\" content=\"https:\/\/lpg.angels-garden.hu\/wp-content\/uploads\/2025\/09\/Star-Dust-Elegant-Dotted-Background-Woman-Posing-Photo-Collage-2-1030x824.png\" \/>\n\t<meta property=\"og:image:width\" content=\"1030\" \/>\n\t<meta property=\"og:image:height\" content=\"824\" \/>\n\t<meta property=\"og:image:type\" content=\"image\/png\" \/>\n<meta name=\"twitter:card\" content=\"summary_large_image\" \/>\n<meta name=\"twitter:label1\" content=\"Becs\u00fclt olvas\u00e1si id\u0151\" \/>\n\t<meta name=\"twitter:data1\" content=\"3 perc\" \/>\n<script type=\"application\/ld+json\" class=\"yoast-schema-graph\">{\"@context\":\"https:\\\/\\\/schema.org\",\"@graph\":[{\"@type\":\"WebPage\",\"@id\":\"https:\\\/\\\/lpg.angels-garden.hu\\\/index.php\\\/venus-new-life-izom-stimulacio-passziv-izomedzes-szalkasitas-fajdalomcsillapitas\\\/\",\"url\":\"https:\\\/\\\/lpg.angels-garden.hu\\\/index.php\\\/venus-new-life-izom-stimulacio-passziv-izomedzes-szalkasitas-fajdalomcsillapitas\\\/\",\"name\":\"Venus new life izom stimul\u00e1ci\u00f3 - passz\u00edv izomedz\u00e9sv sz\u00e1lk\u00e1s\u00edt\u00e1s\",\"isPartOf\":{\"@id\":\"https:\\\/\\\/lpg.angels-garden.hu\\\/#website\"},\"primaryImageOfPage\":{\"@id\":\"https:\\\/\\\/lpg.angels-garden.hu\\\/index.php\\\/venus-new-life-izom-stimulacio-passziv-izomedzes-szalkasitas-fajdalomcsillapitas\\\/#primaryimage\"},\"image\":{\"@id\":\"https:\\\/\\\/lpg.angels-garden.hu\\\/index.php\\\/venus-new-life-izom-stimulacio-passziv-izomedzes-szalkasitas-fajdalomcsillapitas\\\/#primaryimage\"},\"thumbnailUrl\":\"http:\\\/\\\/lpg.angels-garden.hu\\\/wp-content\\\/uploads\\\/2025\\\/09\\\/Star-Dust-Elegant-Dotted-Background-Woman-Posing-Photo-Collage-2-300x240.png\",\"datePublished\":\"2025-09-11T09:18:37+00:00\",\"dateModified\":\"2025-09-11T10:16:11+00:00\",\"description\":\"Venus new life izom stimul\u00e1ci\u00f3 - passz\u00edv izomedz\u00e9sv sz\u00e1lk\u00e1s\u00edt\u00e1s, f\u00e1jdalomcsillapit\u00e1s, azonnal l\u00e1that\u00f3 eredm\u00e9ny.\",\"breadcrumb\":{\"@id\":\"https:\\\/\\\/lpg.angels-garden.hu\\\/index.php\\\/venus-new-life-izom-stimulacio-passziv-izomedzes-szalkasitas-fajdalomcsillapitas\\\/#breadcrumb\"},\"inLanguage\":\"hu\",\"potentialAction\":[{\"@type\":\"ReadAction\",\"target\":[\"https:\\\/\\\/lpg.angels-garden.hu\\\/index.php\\\/venus-new-life-izom-stimulacio-passziv-izomedzes-szalkasitas-fajdalomcsillapitas\\\/\"]}]},{\"@type\":\"ImageObject\",\"inLanguage\":\"hu\",\"@id\":\"https:\\\/\\\/lpg.angels-garden.hu\\\/index.php\\\/venus-new-life-izom-stimulacio-passziv-izomedzes-szalkasitas-fajdalomcsillapitas\\\/#primaryimage\",\"url\":\"https:\\\/\\\/lpg.angels-garden.hu\\\/wp-content\\\/uploads\\\/2025\\\/09\\\/Star-Dust-Elegant-Dotted-Background-Woman-Posing-Photo-Collage-2.png\",\"contentUrl\":\"https:\\\/\\\/lpg.angels-garden.hu\\\/wp-content\\\/uploads\\\/2025\\\/09\\\/Star-Dust-Elegant-Dotted-Background-Woman-Posing-Photo-Collage-2.png\",\"width\":2000,\"height\":1600},{\"@type\":\"BreadcrumbList\",\"@id\":\"https:\\\/\\\/lpg.angels-garden.hu\\\/index.php\\\/venus-new-life-izom-stimulacio-passziv-izomedzes-szalkasitas-fajdalomcsillapitas\\\/#breadcrumb\",\"itemListElement\":[{\"@type\":\"ListItem\",\"position\":1,\"name\":\"Kezd\u0151lap\",\"item\":\"https:\\\/\\\/lpg.angels-garden.hu\\\/\"},{\"@type\":\"ListItem\",\"position\":2,\"name\":\"Venus Passz\u00edv izomedz\u00e9s\"}]},{\"@type\":\"WebSite\",\"@id\":\"https:\\\/\\\/lpg.angels-garden.hu\\\/#website\",\"url\":\"https:\\\/\\\/lpg.angels-garden.hu\\\/\",\"name\":\"lpg.angels-garden.hu\",\"description\":\"Massz\u00e1zsok arc \u00e9s testkezel\u00e9sek Lpg kezel\u00e9s\",\"potentialAction\":[{\"@type\":\"SearchAction\",\"target\":{\"@type\":\"EntryPoint\",\"urlTemplate\":\"https:\\\/\\\/lpg.angels-garden.hu\\\/?s={search_term_string}\"},\"query-input\":{\"@type\":\"PropertyValueSpecification\",\"valueRequired\":true,\"valueName\":\"search_term_string\"}}],\"inLanguage\":\"hu\"}]}<\/script>\n<!-- \/ Yoast SEO plugin. -->","yoast_head_json":{"title":"Venus new life izom stimul\u00e1ci\u00f3 - passz\u00edv izomedz\u00e9sv sz\u00e1lk\u00e1s\u00edt\u00e1s","description":"Venus new life izom stimul\u00e1ci\u00f3 - passz\u00edv izomedz\u00e9sv sz\u00e1lk\u00e1s\u00edt\u00e1s, f\u00e1jdalomcsillapit\u00e1s, azonnal l\u00e1that\u00f3 eredm\u00e9ny.","robots":{"index":"index","follow":"follow","max-snippet":"max-snippet:-1","max-image-preview":"max-image-preview:large","max-video-preview":"max-video-preview:-1"},"canonical":"https:\/\/lpg.angels-garden.hu\/index.php\/venus-new-life-izom-stimulacio-passziv-izomedzes-szalkasitas-fajdalomcsillapitas\/","og_locale":"hu_HU","og_type":"article","og_title":"Venus new life izom stimul\u00e1ci\u00f3 - passz\u00edv izomedz\u00e9sv sz\u00e1lk\u00e1s\u00edt\u00e1s","og_description":"Venus new life izom stimul\u00e1ci\u00f3 - passz\u00edv izomedz\u00e9sv sz\u00e1lk\u00e1s\u00edt\u00e1s, f\u00e1jdalomcsillapit\u00e1s, azonnal l\u00e1that\u00f3 eredm\u00e9ny.","og_url":"https:\/\/lpg.angels-garden.hu\/index.php\/venus-new-life-izom-stimulacio-passziv-izomedzes-szalkasitas-fajdalomcsillapitas\/","og_site_name":"lpg.angels-garden.hu","article_modified_time":"2025-09-11T10:16:11+00:00","og_image":[{"width":1030,"height":824,"url":"https:\/\/lpg.angels-garden.hu\/wp-content\/uploads\/2025\/09\/Star-Dust-Elegant-Dotted-Background-Woman-Posing-Photo-Collage-2-1030x824.png","type":"image\/png"}],"twitter_card":"summary_large_image","twitter_misc":{"Becs\u00fclt olvas\u00e1si id\u0151":"3 perc"},"schema":{"@context":"https:\/\/schema.org","@graph":[{"@type":"WebPage","@id":"https:\/\/lpg.angels-garden.hu\/index.php\/venus-new-life-izom-stimulacio-passziv-izomedzes-szalkasitas-fajdalomcsillapitas\/","url":"https:\/\/lpg.angels-garden.hu\/index.php\/venus-new-life-izom-stimulacio-passziv-izomedzes-szalkasitas-fajdalomcsillapitas\/","name":"Venus new life izom stimul\u00e1ci\u00f3 - passz\u00edv izomedz\u00e9sv sz\u00e1lk\u00e1s\u00edt\u00e1s","isPartOf":{"@id":"https:\/\/lpg.angels-garden.hu\/#website"},"primaryImageOfPage":{"@id":"https:\/\/lpg.angels-garden.hu\/index.php\/venus-new-life-izom-stimulacio-passziv-izomedzes-szalkasitas-fajdalomcsillapitas\/#primaryimage"},"image":{"@id":"https:\/\/lpg.angels-garden.hu\/index.php\/venus-new-life-izom-stimulacio-passziv-izomedzes-szalkasitas-fajdalomcsillapitas\/#primaryimage"},"thumbnailUrl":"http:\/\/lpg.angels-garden.hu\/wp-content\/uploads\/2025\/09\/Star-Dust-Elegant-Dotted-Background-Woman-Posing-Photo-Collage-2-300x240.png","datePublished":"2025-09-11T09:18:37+00:00","dateModified":"2025-09-11T10:16:11+00:00","description":"Venus new life izom stimul\u00e1ci\u00f3 - passz\u00edv izomedz\u00e9sv sz\u00e1lk\u00e1s\u00edt\u00e1s, f\u00e1jdalomcsillapit\u00e1s, azonnal l\u00e1that\u00f3 eredm\u00e9ny.","breadcrumb":{"@id":"https:\/\/lpg.angels-garden.hu\/index.php\/venus-new-life-izom-stimulacio-passziv-izomedzes-szalkasitas-fajdalomcsillapitas\/#breadcrumb"},"inLanguage":"hu","potentialAction":[{"@type":"ReadAction","target":["https:\/\/lpg.angels-garden.hu\/index.php\/venus-new-life-izom-stimulacio-passziv-izomedzes-szalkasitas-fajdalomcsillapitas\/"]}]},{"@type":"ImageObject","inLanguage":"hu","@id":"https:\/\/lpg.angels-garden.hu\/index.php\/venus-new-life-izom-stimulacio-passziv-izomedzes-szalkasitas-fajdalomcsillapitas\/#primaryimage","url":"https:\/\/lpg.angels-garden.hu\/wp-content\/uploads\/2025\/09\/Star-Dust-Elegant-Dotted-Background-Woman-Posing-Photo-Collage-2.png","contentUrl":"https:\/\/lpg.angels-garden.hu\/wp-content\/uploads\/2025\/09\/Star-Dust-Elegant-Dotted-Background-Woman-Posing-Photo-Collage-2.png","width":2000,"height":1600},{"@type":"BreadcrumbList","@id":"https:\/\/lpg.angels-garden.hu\/index.php\/venus-new-life-izom-stimulacio-passziv-izomedzes-szalkasitas-fajdalomcsillapitas\/#breadcrumb","itemListElement":[{"@type":"ListItem","position":1,"name":"Kezd\u0151lap","item":"https:\/\/lpg.angels-garden.hu\/"},{"@type":"ListItem","position":2,"name":"Venus Passz\u00edv izomedz\u00e9s"}]},{"@type":"WebSite","@id":"https:\/\/lpg.angels-garden.hu\/#website","url":"https:\/\/lpg.angels-garden.hu\/","name":"lpg.angels-garden.hu","description":"Massz\u00e1zsok arc \u00e9s testkezel\u00e9sek Lpg kezel\u00e9s","potentialAction":[{"@type":"SearchAction","target":{"@type":"EntryPoint","urlTemplate":"https:\/\/lpg.angels-garden.hu\/?s={search_term_string}"},"query-input":{"@type":"PropertyValueSpecification","valueRequired":true,"valueName":"search_term_string"}}],"inLanguage":"hu"}]}},"_links":{"self":[{"href":"https:\/\/lpg.angels-garden.hu\/index.php\/wp-json\/wp\/v2\/pages\/1761","targetHints":{"allow":["GET"]}}],"collection":[{"href":"https:\/\/lpg.angels-garden.hu\/index.php\/wp-json\/wp\/v2\/pages"}],"about":[{"href":"https:\/\/lpg.angels-garden.hu\/index.php\/wp-json\/wp\/v2\/types\/page"}],"author":[{"embeddable":true,"href":"https:\/\/lpg.angels-garden.hu\/index.php\/wp-json\/wp\/v2\/users\/1"}],"replies":[{"embeddable":true,"href":"https:\/\/lpg.angels-garden.hu\/index.php\/wp-json\/wp\/v2\/comments?post=1761"}],"version-history":[{"count":10,"href":"https:\/\/lpg.angels-garden.hu\/index.php\/wp-json\/wp\/v2\/pages\/1761\/revisions"}],"predecessor-version":[{"id":1792,"href":"https:\/\/lpg.angels-garden.hu\/index.php\/wp-json\/wp\/v2\/pages\/1761\/revisions\/1792"}],"wp:attachment":[{"href":"https:\/\/lpg.angels-garden.hu\/index.php\/wp-json\/wp\/v2\/media?parent=1761"}],"curies":[{"name":"wp","href":"https:\/\/api.w.org\/{rel}","templated":true}]}}