{"id":1794,"date":"2025-09-11T10:32:14","date_gmt":"2025-09-11T10:32:14","guid":{"rendered":"https:\/\/lpg.angels-garden.hu\/?page_id=1794"},"modified":"2025-09-11T10:32:17","modified_gmt":"2025-09-11T10:32:17","slug":"mell-lifting-kezeles","status":"publish","type":"page","link":"https:\/\/lpg.angels-garden.hu\/index.php\/mell-lifting-kezeles\/","title":{"rendered":"Mell lifting kezel\u00e9s"},"content":{"rendered":"<section  class='av_textblock_section av-mff9lfcr-2613a1809edb7435df21f9aafdc4374a '   itemscope=\"itemscope\" itemtype=\"https:\/\/schema.org\/CreativeWork\" ><div class='avia_textblock'  itemprop=\"text\" ><div class=\"entry-thumb\"><img loading=\"lazy\" decoding=\"async\" class=\"alignnone size-medium wp-image-716\" src=\"http:\/\/lpg.angels-garden.hu\/wp-content\/uploads\/2020\/08\/mellLifting-1-300x290.png\" alt=\"\" width=\"300\" height=\"290\" srcset=\"https:\/\/lpg.angels-garden.hu\/wp-content\/uploads\/2020\/08\/mellLifting-1-300x290.png 300w, https:\/\/lpg.angels-garden.hu\/wp-content\/uploads\/2020\/08\/mellLifting-1-36x36.png 36w, https:\/\/lpg.angels-garden.hu\/wp-content\/uploads\/2020\/08\/mellLifting-1.png 375w\" sizes=\"auto, (max-width: 300px) 100vw, 300px\" \/><\/div>\n<div class=\"entry-details\">\n<div class=\"entry-metadata\"><\/div>\n<div class=\"entry-body\">\n<div class=\"border-title \">\n<h1 style=\"text-align: center;\">Mell Lifting<\/h1>\n<div class=\"ico-border\" style=\"text-align: center;\"><\/div>\n<p><span class=\"tag-line\">Venus Technologies &#8211; passz\u00edv izomedz\u00e9s, lifting.<\/span><\/div>\n<h3 style=\"text-align: center;\">Mell lifting:<\/h3>\n<p style=\"text-align: center;\"><strong>Csinos\u00edtsd, kerek\u00edtsd melleid, f\u00e1raszt\u00f3 edz\u00e9sek n\u00e9lk\u00fcl.<\/strong><\/p>\n<p style=\"text-align: center;\">A mell a n\u0151i test legszebb \u00e9ke, m\u00e9gis keveseknek adatik meg, hogy sz\u00e1z sz\u00e1zal\u00e9kig el\u00e9gedettek legyenek a saj\u00e1tjukkal. Van, aki t\u00fal kicsinek, van, aki t\u00fal nagynak l\u00e1tja, m\u00e1snak pedig az a baja, hogy a gravit\u00e1ci\u00f3 er\u0151sebben hat r\u00e1, mint amennyire szeretn\u00e9.<\/p>\n<p style=\"text-align: center;\">Ha te is a mell\u00e9vel el\u00e9gedetlenked\u0151k n\u00e9pes t\u00e1bor\u00e1t gyarap\u00edtod, de <strong>nem szeretn\u00e9l k\u00e9s al\u00e1 fek\u00fcdni, pr\u00f3b\u00e1ld ki az Angels\u2019 Garden Sz\u00e9ps\u00e9gszalon mellcsinos\u00edt\u00f3 \u00e9s mell-megemel\u0151 kezel\u00e9s\u00e9t<\/strong>.<\/p>\n<p style=\"text-align: center;\">A Venus Technologies leg\u00fajabb kezel\u0151g\u00e9pe, a New-Life, ami egy vadonat\u00faj, k\u00fcls\u0151dleges izomstimul\u00e1tor. Ez a g\u00e9p el\u0151re meghat\u00e1rozott elektromos impulzusokkal pontosan \u00e9s prec\u00edzen imit\u00e1lja tested bioelektromos folyamatait. A kezel\u00e9sek sor\u00e1n <strong>mellizmaid akt\u00edv m\u0171k\u00f6d\u00e9sbe j\u00f6nnek<\/strong>, \u00e9s \u00edgy a kezel\u00e9s a melledet egy kem\u00e9ny edz\u00e9snek megfelel\u0151 m\u00f3don, de izzads\u00e1g \u00e9s f\u00e1radts\u00e1g n\u00e9lk\u00fcl <strong>form\u00e1lja \u00e9s emeli<\/strong>.<\/p>\n<p style=\"text-align: center;\">Gondolj bele, minden n\u0151 arra v\u00e1gyik, hogy feszes, hetyke mellei legyenek. Visszaid\u00e9zheted serd\u00fcl\u0151korod eml\u00e9keit, ez olyan \u00e9rz\u00e9s, mint egy id\u0151utaz\u00e1s. <strong>Te is el\u00e9rheted.\u00a0<\/strong><\/p>\n<p style=\"text-align: center;\">A kezel\u00e9seket \u00e1ltal\u00e1ban heti k\u00e9t alkalommal, (6-8 alkalmas) k\u00far\u00e1ban javasoljuk. Az aj\u00e1nlott kezel\u00e9sek sz\u00e1ma f\u00fcgg a Vend\u00e9g\u00fcnk b\u0151rt\u00edpus\u00e1t\u00f3l, r\u00e1ncai m\u00e9lys\u00e9g\u00e9t\u0151l, b\u0151re \u00e1llag\u00e1t\u00f3l \u00e9s az eg\u00e9szs\u00e9g\u00fcgyi \u00e1llapot\u00e1t\u00f3l. Mindezeket figyelembe v\u00e9ve. Az el\u00e9rt eredm\u00e9nyek havi 1-2 szinten tart\u00f3 kezel\u00e9ssel meg\u0151rizhet\u0151ek.<br \/>\nM\u00e1r az els\u0151 kezel\u00e9s ut\u00e1n szemmel l\u00e1that\u00f3 v\u00e1ltoz\u00e1st hoz\u00f3, fantasztikus \u00e9rz\u00e9st ny\u00fajt\u00f3, igazi meg\u00faj\u00edt\u00f3 kezel\u00e9sek t\u00e1rh\u00e1z\u00e1t (alakform\u00e1l\u00e1s kozmetika) k\u00edn\u00e1lja a VENUS TECHNOLOGI.<\/p>\n<\/div>\n<\/div>\n<\/div><\/section>\n<div  class='av-catalogue-container av-av_catalogue-b1a5df7448f4053a11a86473755e8aef  avia-builder-el-1  el_after_av_textblock  avia-builder-el-last '><ul class='av-catalogue-list'>\n<li><div class='av-catalogue-item av-av_catalogue_item-3cc676dde995f2366bd9baf6573a6e08' ><div class=\"av-catalogue-item-inner\"><div class=\"av-catalogue-title-container\"><div class='av-catalogue-title'>Venus Passziv izomedz\u00e9s, sz\u00e1lk\u00e1sit\u00e1s<\/div><div class='av-catalogue-price'>9.500,-Ft<\/div><\/div><div class=\"av-catalogue-content\">\n50 minutes<br \/>\n<\/div><\/div><\/div><\/li>\n<li><div class='av-catalogue-item av-av_catalogue_item-4dae1eb0fd1175f9967426b72316765f' ><div class=\"av-catalogue-item-inner\"><div class=\"av-catalogue-title-container\"><div class='av-catalogue-title'> 6 alkalmas Venusizomedz\u00e9s b\u00e9rlet<\/div><div class='av-catalogue-price'>54.900,- Ft<\/div><\/div><div class=\"av-catalogue-content\">\n50 minutes<br \/>\n<\/div><\/div><\/div><\/li>\n<li><div class='av-catalogue-item av-av_catalogue_item-579d3aef5067f0e0298e5d7b96fccf93' ><div class=\"av-catalogue-item-inner\"><div class=\"av-catalogue-title-container\"><div class='av-catalogue-title'>12 alkalmas Venusizomedz\u00e9s b\u00e9rlet<\/div><div class='av-catalogue-price'>102.000,- Ft<\/div><\/div><div class=\"av-catalogue-content\">\n12 x 50 minutes<br \/>\n<\/div><\/div><\/div><\/li>\n<li><div class='av-catalogue-item av-av_catalogue_item-b56be9f339be7dd1c15ecfe3b2cd6ae9' ><div class=\"av-catalogue-item-inner\"><div class=\"av-catalogue-title-container\"><div class='av-catalogue-title'>Fen\u00e9k Lifting     kezel\u00e9s<\/div><div class='av-catalogue-price'>8.500,-Ft<\/div><\/div><div class=\"av-catalogue-content\">\n30 minutes<br \/>\n<\/div><\/div><\/div><\/li>\n<li><div class='av-catalogue-item av-av_catalogue_item-1fa63e2eef98b0cd7cc0a6ac60af6351' ><div class=\"av-catalogue-item-inner\"><div class=\"av-catalogue-title-container\"><div class='av-catalogue-title'> 6 alkalmas Fen\u00e9k lifting b\u00e9rlet<\/div><div class='av-catalogue-price'>48.450,-<\/div><\/div><div class=\"av-catalogue-content\">\n6 x 30 minutes<br \/>\n<\/div><\/div><\/div><\/li>\n<li><div class='av-catalogue-item av-av_catalogue_item-2dff34e41a4e0a8504849092d55cbf6d' ><div class=\"av-catalogue-item-inner\"><div class=\"av-catalogue-title-container\"><div class='av-catalogue-title'>Mell lifting kezel\u00e9s<\/div><div class='av-catalogue-price'>8.500,- Ft<\/div><\/div><div class=\"av-catalogue-content\">\n30 minutes<br \/>\n<\/div><\/div><\/div><\/li>\n<li><div class='av-catalogue-item av-av_catalogue_item-d6534cccf8e81c691ebb6adfb674408c' ><div class=\"av-catalogue-item-inner\"><div class=\"av-catalogue-title-container\"><div class='av-catalogue-title'> 6 alkalmas mell lifitng <\/div><div class='av-catalogue-price'>48.450,- Ft<\/div><\/div><div class=\"av-catalogue-content\">\n6 x 30 minutes<br \/>\n<\/div><\/div><\/div><\/li>\n<\/ul><\/div>\n","protected":false},"excerpt":{"rendered":"","protected":false},"author":1,"featured_media":0,"parent":0,"menu_order":0,"comment_status":"closed","ping_status":"closed","template":"","meta":{"footnotes":""},"class_list":["post-1794","page","type-page","status-publish","hentry"],"yoast_head":"<!-- This site is optimized with the Yoast SEO plugin v27.5 - https:\/\/yoast.com\/product\/yoast-seo-wordpress\/ -->\n<title>Mell lifting kezel\u00e9s - lpg.angels-garden.hu Mell lifting kezel\u00e9s<\/title>\n<meta name=\"description\" content=\"Mell lifting kezel\u00e9s a csod\u00e1s dekolt\u00e1zs\u00e9rt m\u0171t\u00e9t n\u00e9lk\u00fcl passziv izomedz\u00e8s az \u00f6nbizalom\u00e9rt \u00e9s k\u00e9nyelem\u00e9rt\" \/>\n<meta name=\"robots\" content=\"index, follow, max-snippet:-1, max-image-preview:large, max-video-preview:-1\" \/>\n<link rel=\"canonical\" href=\"https:\/\/lpg.angels-garden.hu\/index.php\/mell-lifting-kezeles\/\" \/>\n<meta property=\"og:locale\" content=\"hu_HU\" \/>\n<meta property=\"og:type\" content=\"article\" \/>\n<meta property=\"og:title\" content=\"Mell lifting kezel\u00e9s - lpg.angels-garden.hu Mell lifting kezel\u00e9s\" \/>\n<meta property=\"og:description\" content=\"Mell lifting kezel\u00e9s a csod\u00e1s dekolt\u00e1zs\u00e9rt m\u0171t\u00e9t n\u00e9lk\u00fcl passziv izomedz\u00e8s az \u00f6nbizalom\u00e9rt \u00e9s k\u00e9nyelem\u00e9rt\" \/>\n<meta property=\"og:url\" content=\"https:\/\/lpg.angels-garden.hu\/index.php\/mell-lifting-kezeles\/\" \/>\n<meta property=\"og:site_name\" content=\"lpg.angels-garden.hu\" \/>\n<meta property=\"article:modified_time\" content=\"2025-09-11T10:32:17+00:00\" \/>\n<meta property=\"og:image\" content=\"https:\/\/lpg.angels-garden.hu\/wp-content\/uploads\/2020\/08\/mellLifting-1.png\" \/>\n\t<meta property=\"og:image:width\" content=\"375\" \/>\n\t<meta property=\"og:image:height\" content=\"362\" \/>\n\t<meta property=\"og:image:type\" content=\"image\/png\" \/>\n<meta name=\"twitter:card\" content=\"summary_large_image\" \/>\n<meta name=\"twitter:label1\" content=\"Becs\u00fclt olvas\u00e1si id\u0151\" \/>\n\t<meta name=\"twitter:data1\" content=\"2 perc\" \/>\n<script type=\"application\/ld+json\" class=\"yoast-schema-graph\">{\"@context\":\"https:\\\/\\\/schema.org\",\"@graph\":[{\"@type\":\"WebPage\",\"@id\":\"https:\\\/\\\/lpg.angels-garden.hu\\\/index.php\\\/mell-lifting-kezeles\\\/\",\"url\":\"https:\\\/\\\/lpg.angels-garden.hu\\\/index.php\\\/mell-lifting-kezeles\\\/\",\"name\":\"Mell lifting kezel\u00e9s - lpg.angels-garden.hu Mell lifting kezel\u00e9s\",\"isPartOf\":{\"@id\":\"https:\\\/\\\/lpg.angels-garden.hu\\\/#website\"},\"primaryImageOfPage\":{\"@id\":\"https:\\\/\\\/lpg.angels-garden.hu\\\/index.php\\\/mell-lifting-kezeles\\\/#primaryimage\"},\"image\":{\"@id\":\"https:\\\/\\\/lpg.angels-garden.hu\\\/index.php\\\/mell-lifting-kezeles\\\/#primaryimage\"},\"thumbnailUrl\":\"http:\\\/\\\/lpg.angels-garden.hu\\\/wp-content\\\/uploads\\\/2020\\\/08\\\/mellLifting-1-300x290.png\",\"datePublished\":\"2025-09-11T10:32:14+00:00\",\"dateModified\":\"2025-09-11T10:32:17+00:00\",\"description\":\"Mell lifting kezel\u00e9s a csod\u00e1s dekolt\u00e1zs\u00e9rt m\u0171t\u00e9t n\u00e9lk\u00fcl passziv izomedz\u00e8s az \u00f6nbizalom\u00e9rt \u00e9s k\u00e9nyelem\u00e9rt\",\"breadcrumb\":{\"@id\":\"https:\\\/\\\/lpg.angels-garden.hu\\\/index.php\\\/mell-lifting-kezeles\\\/#breadcrumb\"},\"inLanguage\":\"hu\",\"potentialAction\":[{\"@type\":\"ReadAction\",\"target\":[\"https:\\\/\\\/lpg.angels-garden.hu\\\/index.php\\\/mell-lifting-kezeles\\\/\"]}]},{\"@type\":\"ImageObject\",\"inLanguage\":\"hu\",\"@id\":\"https:\\\/\\\/lpg.angels-garden.hu\\\/index.php\\\/mell-lifting-kezeles\\\/#primaryimage\",\"url\":\"https:\\\/\\\/lpg.angels-garden.hu\\\/wp-content\\\/uploads\\\/2020\\\/08\\\/mellLifting-1.png\",\"contentUrl\":\"https:\\\/\\\/lpg.angels-garden.hu\\\/wp-content\\\/uploads\\\/2020\\\/08\\\/mellLifting-1.png\",\"width\":375,\"height\":362},{\"@type\":\"BreadcrumbList\",\"@id\":\"https:\\\/\\\/lpg.angels-garden.hu\\\/index.php\\\/mell-lifting-kezeles\\\/#breadcrumb\",\"itemListElement\":[{\"@type\":\"ListItem\",\"position\":1,\"name\":\"Kezd\u0151lap\",\"item\":\"https:\\\/\\\/lpg.angels-garden.hu\\\/\"},{\"@type\":\"ListItem\",\"position\":2,\"name\":\"Mell lifting kezel\u00e9s\"}]},{\"@type\":\"WebSite\",\"@id\":\"https:\\\/\\\/lpg.angels-garden.hu\\\/#website\",\"url\":\"https:\\\/\\\/lpg.angels-garden.hu\\\/\",\"name\":\"lpg.angels-garden.hu\",\"description\":\"Massz\u00e1zsok arc \u00e9s testkezel\u00e9sek Lpg kezel\u00e9s\",\"potentialAction\":[{\"@type\":\"SearchAction\",\"target\":{\"@type\":\"EntryPoint\",\"urlTemplate\":\"https:\\\/\\\/lpg.angels-garden.hu\\\/?s={search_term_string}\"},\"query-input\":{\"@type\":\"PropertyValueSpecification\",\"valueRequired\":true,\"valueName\":\"search_term_string\"}}],\"inLanguage\":\"hu\"}]}<\/script>\n<!-- \/ Yoast SEO plugin. -->","yoast_head_json":{"title":"Mell lifting kezel\u00e9s - lpg.angels-garden.hu Mell lifting kezel\u00e9s","description":"Mell lifting kezel\u00e9s a csod\u00e1s dekolt\u00e1zs\u00e9rt m\u0171t\u00e9t n\u00e9lk\u00fcl passziv izomedz\u00e8s az \u00f6nbizalom\u00e9rt \u00e9s k\u00e9nyelem\u00e9rt","robots":{"index":"index","follow":"follow","max-snippet":"max-snippet:-1","max-image-preview":"max-image-preview:large","max-video-preview":"max-video-preview:-1"},"canonical":"https:\/\/lpg.angels-garden.hu\/index.php\/mell-lifting-kezeles\/","og_locale":"hu_HU","og_type":"article","og_title":"Mell lifting kezel\u00e9s - lpg.angels-garden.hu Mell lifting kezel\u00e9s","og_description":"Mell lifting kezel\u00e9s a csod\u00e1s dekolt\u00e1zs\u00e9rt m\u0171t\u00e9t n\u00e9lk\u00fcl passziv izomedz\u00e8s az \u00f6nbizalom\u00e9rt \u00e9s k\u00e9nyelem\u00e9rt","og_url":"https:\/\/lpg.angels-garden.hu\/index.php\/mell-lifting-kezeles\/","og_site_name":"lpg.angels-garden.hu","article_modified_time":"2025-09-11T10:32:17+00:00","og_image":[{"width":375,"height":362,"url":"https:\/\/lpg.angels-garden.hu\/wp-content\/uploads\/2020\/08\/mellLifting-1.png","type":"image\/png"}],"twitter_card":"summary_large_image","twitter_misc":{"Becs\u00fclt olvas\u00e1si id\u0151":"2 perc"},"schema":{"@context":"https:\/\/schema.org","@graph":[{"@type":"WebPage","@id":"https:\/\/lpg.angels-garden.hu\/index.php\/mell-lifting-kezeles\/","url":"https:\/\/lpg.angels-garden.hu\/index.php\/mell-lifting-kezeles\/","name":"Mell lifting kezel\u00e9s - lpg.angels-garden.hu Mell lifting kezel\u00e9s","isPartOf":{"@id":"https:\/\/lpg.angels-garden.hu\/#website"},"primaryImageOfPage":{"@id":"https:\/\/lpg.angels-garden.hu\/index.php\/mell-lifting-kezeles\/#primaryimage"},"image":{"@id":"https:\/\/lpg.angels-garden.hu\/index.php\/mell-lifting-kezeles\/#primaryimage"},"thumbnailUrl":"http:\/\/lpg.angels-garden.hu\/wp-content\/uploads\/2020\/08\/mellLifting-1-300x290.png","datePublished":"2025-09-11T10:32:14+00:00","dateModified":"2025-09-11T10:32:17+00:00","description":"Mell lifting kezel\u00e9s a csod\u00e1s dekolt\u00e1zs\u00e9rt m\u0171t\u00e9t n\u00e9lk\u00fcl passziv izomedz\u00e8s az \u00f6nbizalom\u00e9rt \u00e9s k\u00e9nyelem\u00e9rt","breadcrumb":{"@id":"https:\/\/lpg.angels-garden.hu\/index.php\/mell-lifting-kezeles\/#breadcrumb"},"inLanguage":"hu","potentialAction":[{"@type":"ReadAction","target":["https:\/\/lpg.angels-garden.hu\/index.php\/mell-lifting-kezeles\/"]}]},{"@type":"ImageObject","inLanguage":"hu","@id":"https:\/\/lpg.angels-garden.hu\/index.php\/mell-lifting-kezeles\/#primaryimage","url":"https:\/\/lpg.angels-garden.hu\/wp-content\/uploads\/2020\/08\/mellLifting-1.png","contentUrl":"https:\/\/lpg.angels-garden.hu\/wp-content\/uploads\/2020\/08\/mellLifting-1.png","width":375,"height":362},{"@type":"BreadcrumbList","@id":"https:\/\/lpg.angels-garden.hu\/index.php\/mell-lifting-kezeles\/#breadcrumb","itemListElement":[{"@type":"ListItem","position":1,"name":"Kezd\u0151lap","item":"https:\/\/lpg.angels-garden.hu\/"},{"@type":"ListItem","position":2,"name":"Mell lifting kezel\u00e9s"}]},{"@type":"WebSite","@id":"https:\/\/lpg.angels-garden.hu\/#website","url":"https:\/\/lpg.angels-garden.hu\/","name":"lpg.angels-garden.hu","description":"Massz\u00e1zsok arc \u00e9s testkezel\u00e9sek Lpg kezel\u00e9s","potentialAction":[{"@type":"SearchAction","target":{"@type":"EntryPoint","urlTemplate":"https:\/\/lpg.angels-garden.hu\/?s={search_term_string}"},"query-input":{"@type":"PropertyValueSpecification","valueRequired":true,"valueName":"search_term_string"}}],"inLanguage":"hu"}]}},"_links":{"self":[{"href":"https:\/\/lpg.angels-garden.hu\/index.php\/wp-json\/wp\/v2\/pages\/1794","targetHints":{"allow":["GET"]}}],"collection":[{"href":"https:\/\/lpg.angels-garden.hu\/index.php\/wp-json\/wp\/v2\/pages"}],"about":[{"href":"https:\/\/lpg.angels-garden.hu\/index.php\/wp-json\/wp\/v2\/types\/page"}],"author":[{"embeddable":true,"href":"https:\/\/lpg.angels-garden.hu\/index.php\/wp-json\/wp\/v2\/users\/1"}],"replies":[{"embeddable":true,"href":"https:\/\/lpg.angels-garden.hu\/index.php\/wp-json\/wp\/v2\/comments?post=1794"}],"version-history":[{"count":1,"href":"https:\/\/lpg.angels-garden.hu\/index.php\/wp-json\/wp\/v2\/pages\/1794\/revisions"}],"predecessor-version":[{"id":1796,"href":"https:\/\/lpg.angels-garden.hu\/index.php\/wp-json\/wp\/v2\/pages\/1794\/revisions\/1796"}],"wp:attachment":[{"href":"https:\/\/lpg.angels-garden.hu\/index.php\/wp-json\/wp\/v2\/media?parent=1794"}],"curies":[{"name":"wp","href":"https:\/\/api.w.org\/{rel}","templated":true}]}}