{"id":725,"date":"2020-08-03T10:24:37","date_gmt":"2020-08-03T10:24:37","guid":{"rendered":"http:\/\/lpg.angels-garden.hu\/?page_id=725"},"modified":"2025-08-31T15:37:50","modified_gmt":"2025-08-31T15:37:50","slug":"varazskesztyus-arckezeles","status":"publish","type":"page","link":"https:\/\/lpg.angels-garden.hu\/index.php\/varazskesztyus-arckezeles\/","title":{"rendered":"Var\u00e1zskeszty\u0171s Arckezel\u00e9s"},"content":{"rendered":"\n<div class=\"wp-block-group is-layout-flow wp-block-group-is-layout-flow\">\n<blockquote class=\"wp-block-quote has-text-align-center is-layout-flow wp-block-quote-is-layout-flow\"><p>Var\u00e1zskeszty\u0171s arckezel\u00e9s<\/p><cite><strong>Sejtszint\u0171 regener\u00e1l\u00e1s hat\u00f3anyag \u00e9s t\u0171 n\u00e9lk\u00fcl.<\/strong><br><strong>F\u00e1jdalom, injekci\u00f3 \u00e9s fel\u00e9p\u00fcl\u00e9si id\u0151 n\u00e9lk\u00fcl, azonnali eredm\u00e9nnyel.<\/strong><br>K\u00e9ptelens\u00e9g? Pedig igaz!<br><br>Var\u00e1zskeszty\u0171s arckezel\u00e9s,\u00a0ami egyszer\u0171 \u00e9s biztons\u00e1gos.<br><strong>Miben m\u00e1s, mint b\u00e1rmely m\u00e1s r\u00e1nctalan\u00edt\u00f3 kezel\u00e9s?<\/strong><br>A probl\u00e9ma gy\u00f6ker\u00e9t kezeli, nem csak a t\u00fcneteket. Sejt szinten regener\u00e1l, \u00e9s ez\u00e1ltal nincs es\u00e9lye, a hat\u00f3anyag elveszt\u00e9se ut\u00e1ni drasztikus visszaes\u00e9snek!<strong>\u00a0F\u00e9msz\u00e1las elektromos keszty\u0171 professzion\u00e1lis arckezel\u00e9se hat\u00f3anyagmentesen, a gy\u00f6ny\u00f6r\u0171 \u00e9s sima arcb\u0151r\u00e9rt.<\/strong><br><br><br><img loading=\"lazy\" decoding=\"async\" width=\"450\" height=\"202\" src=\"http:\/\/posta.angels-garden.hu\/wg\/files\/images\/54\/bcab73b7969a6k771a71kc5b6b1324a6d6ke.jpg\" alt=\"\"><br><br><br>Egyszerre\u00a0<strong>hidrat\u00e1l, feszes\u00edt, toniz\u00e1l, liftinggel, szem alatti t\u00e1sk\u00e1k \u00e9s a mimikai r\u00e1ncok ellens\u00e9ge.\u00a0<\/strong><br>\u00c1sv\u00e1nyv\u00edzbe m\u00e1rtott massz\u00e1zskeszty\u0171vel relax\u00e1l\u00f3 nyirokmassz\u00e1zst v\u00e9gz\u00fcnk az arc \u00e9s a nyak ter\u00fclet\u00e9n k\u00fcl\u00f6n\u00f6sen a probl\u00e9m\u00e1s ter\u00fcletekre f\u00f3kusz\u00e1lva. A kellemesen bizserget\u0151 \u00e1ram stimul\u00e1lja az izmokat, er\u0151s\u00edti a b\u0151r t\u00f3nus\u00e1t, jav\u00edtja a t\u00e1panyagell\u00e1t\u00e1s\u00e1t, seg\u00edti a felgy\u00fclemlett folyad\u00e9k elsz\u00e1ll\u00edt\u00e1s\u00e1t, feszes\u00edti a b\u0151rt.<br>A kezel\u00e9s \u00f6nmag\u00e1ban is j\u00f3t\u00e9kony hat\u00e1sa b\u0151r fiatals\u00e1g\u00e1hoz vezet\u0151 folyamat.<br><br>Fontos tudni arcizmok \u00f6sszeh\u00faz\u00f3d\u00e1s\u00e1r\u00f3l:<br>A k\u00fcl\u00f6n-k\u00fcl\u00f6n \u00e9s egy\u00fctt is m\u0171k\u00f6d\u0151 arcizmokat \u00fagy kell elk\u00e9pzelni, mint t\u00f6bb r\u00e9tegben megfesz\u00edtett rugalmas lapokat. M\u00edg a v\u00e1zizomzat a csontokhoz tapad, addig az arcizmok vagy m\u00e1s izmokhoz vagy pedig a b\u0151rh\u00f6z kapcsol\u00f3dnak. Ez azt jelenti, hogy egy arcizom apr\u00f3 \u00f6sszeh\u00faz\u00f3d\u00e1sakor az arcb\u0151r is megh\u00faz\u00f3dik.<br><strong>Az arcizmok \u00f6sszeh\u00faz\u00f3d\u00e1s\u00e1val n\u00f6vekszik a b\u0151r t\u00f3nusa \u00e9s a b\u0151r rugalmasabb\u00e1 v\u00e1lik. Az arcizmok \u00f6sszeh\u00faz\u00e1s\u00e1val feszes\u00edtj\u00fck a b\u0151rt \u00e9s kisim\u00edtjuk a r\u00e1ncokat.<\/strong><br><br>A kezel\u00e9s hat\u00e1smechanizmusa:<br>Az arcizmok \u00f6sszeh\u00faz\u00e1s\u00e1val feszes\u00edtj\u00fck a b\u0151rt \u00e9s kisim\u00edtjuk a r\u00e1ncokat. Az arc lifting \u00e9s b\u0151rfeszes\u00edt\u00e9s sor\u00e1n alacsonyabb fesz\u00fclts\u00e9g\u0171 \u00e1rammal dolgozunk, mely sokkal hat\u00e9konyabb. Az \u00e1ram hat\u00e1s\u00e1ra a b\u0151r t\u00f6bb oxig\u00e9nhez \u00e9s v\u00e9rhez, ez\u00e1ltal t\u00f6bb t\u00e1panyaghoz jut. Az arcizmok \u00f6sszeh\u00faz\u00f3d\u00e1sa a kialak\u00edt\u00e1s k\u00f6vetkezt\u00e9ben kev\u00e9sb\u00e9 er\u0151teljes, mint a v\u00e1zizmok eset\u00e9ben. Ezzel a kezel\u00e9ssel a b\u0151rsejtek er\u0151sebb\u00e9 v\u00e1lnak \u00e9s \u00edgy er\u0151s\u00f6dik a k\u00f6t\u0151sz\u00f6vet. Stimul\u00e1lhatjuk a kollag\u00e9n termel\u00e9st \u00e9s az akn\u00e9k gy\u00f3gyul\u00e1s\u00e1t egyar\u00e1nt.\u00a0<br><strong>Milyen hat\u00e1sa van?<\/strong><br>A kezel\u00e9s sor\u00e1n a\u00a0<strong>fibroblaszt m\u0171k\u00f6d\u00e9st serkenti, \u00edgy a szervezet kollag\u00e9ntermel\u0151 folyamatai aktiv\u00e1l\u00f3dnak, valamint a megl\u00e9v\u0151 rostok rugalmasabbak lesznek<\/strong>.<br><br><strong>Mi\u00e9rt van erre sz\u00fcks\u00e9g?<\/strong><br>A m\u00e1r megjelen\u0151 bem\u00e9lyed\u00e9sek arcunkon, lehetnek \u00f6r\u00f6kletesek is, de nem minden esetben.<br>Hiszen a szervezet\u00fcnkben a kollag\u00e9n rostok termel\u00e9se mindannyiunkn\u00e1l cs\u00f6kken korunk el\u0151rehaladt\u00e1val, ami azt jelenti, hogy a b\u0151r\u00fcnk elveszti elasztikuss\u00e1g\u00e1t, rugalmass\u00e1g\u00e1t. Aminek a k\u00f6vetkezm\u00e9nye, hogy a m\u00e1r megny\u00falt b\u0151r nehezen vagy egy\u00e1ltal\u00e1n nem tud regener\u00e1l\u00f3dni.<br><br><strong>Azonnali eredm\u00e9nnyel!<\/strong><br>A kezel\u00e9s hat\u00e1s\u00e1ra j\u00f3l\u00a0<strong>l\u00e1that\u00f3an feszesebb, rugalmasabb lesz a b\u0151r, a laza megereszkedett b\u0151rnek tart\u00e1sa lesz.\u00a0<\/strong><br> Legfontosabb feladata, a sejtek v\u00edzmegtart\u00e1s\u00e1nak szab\u00e1lyoz\u00e1sa.\u00a0<br><strong>Garant\u00e1ltan gy\u00f6ny\u00f6r\u0171en sima \u00e9s feszes arcb\u0151r, mell\u00e9khat\u00e1sok \u00e9s f\u00e1jdalom n\u00e9lk\u00fcl!<\/strong><br>\u00a0<\/cite><\/blockquote>\n<\/div>\n\n\n\n<figure class=\"wp-block-image size-large\"><img loading=\"lazy\" decoding=\"async\" width=\"928\" height=\"1030\" src=\"http:\/\/lpg.angels-garden.hu\/wp-content\/uploads\/2025\/08\/IMG_4059-928x1030.jpeg\" alt=\"\" class=\"wp-image-1671\" srcset=\"https:\/\/lpg.angels-garden.hu\/wp-content\/uploads\/2025\/08\/IMG_4059-928x1030.jpeg 928w, https:\/\/lpg.angels-garden.hu\/wp-content\/uploads\/2025\/08\/IMG_4059-270x300.jpeg 270w, https:\/\/lpg.angels-garden.hu\/wp-content\/uploads\/2025\/08\/IMG_4059-768x853.jpeg 768w, https:\/\/lpg.angels-garden.hu\/wp-content\/uploads\/2025\/08\/IMG_4059-635x705.jpeg 635w, https:\/\/lpg.angels-garden.hu\/wp-content\/uploads\/2025\/08\/IMG_4059-450x500.jpeg 450w, https:\/\/lpg.angels-garden.hu\/wp-content\/uploads\/2025\/08\/IMG_4059-600x666.jpeg 600w, https:\/\/lpg.angels-garden.hu\/wp-content\/uploads\/2025\/08\/IMG_4059.jpeg 1007w\" sizes=\"auto, (max-width: 928px) 100vw, 928px\" \/><\/figure>\n\n\n","protected":false},"excerpt":{"rendered":"","protected":false},"author":2,"featured_media":0,"parent":0,"menu_order":0,"comment_status":"closed","ping_status":"closed","template":"","meta":{"footnotes":""},"class_list":["post-725","page","type-page","status-publish","hentry"],"yoast_head":"<!-- This site is optimized with the Yoast SEO plugin v27.5 - https:\/\/yoast.com\/product\/yoast-seo-wordpress\/ -->\n<title>Var\u00e1zskeszty\u0171s Arckezel\u00e9s Var\u00e1zskeszty\u0171s Arckezel\u00e9s - lpg.angels-garden.hu<\/title>\n<meta name=\"description\" content=\"Var\u00e1zskeszty\u0171s arckezel\u00e9s\" \/>\n<meta name=\"robots\" content=\"index, follow, max-snippet:-1, max-image-preview:large, max-video-preview:-1\" \/>\n<link rel=\"canonical\" href=\"https:\/\/lpg.angels-garden.hu\/index.php\/varazskesztyus-arckezeles\/\" \/>\n<meta property=\"og:locale\" content=\"hu_HU\" \/>\n<meta property=\"og:type\" content=\"article\" \/>\n<meta property=\"og:title\" content=\"Var\u00e1zskeszty\u0171s Arckezel\u00e9s Var\u00e1zskeszty\u0171s Arckezel\u00e9s - lpg.angels-garden.hu\" \/>\n<meta property=\"og:description\" content=\"Var\u00e1zskeszty\u0171s arckezel\u00e9s\" \/>\n<meta property=\"og:url\" content=\"https:\/\/lpg.angels-garden.hu\/index.php\/varazskesztyus-arckezeles\/\" \/>\n<meta property=\"og:site_name\" content=\"lpg.angels-garden.hu\" \/>\n<meta property=\"article:modified_time\" content=\"2025-08-31T15:37:50+00:00\" \/>\n<meta property=\"og:image\" content=\"http:\/\/lpg.angels-garden.hu\/wp-content\/uploads\/2025\/08\/IMG_4059-928x1030.jpeg\" \/>\n<meta name=\"twitter:card\" content=\"summary_large_image\" \/>\n<meta name=\"twitter:label1\" content=\"Becs\u00fclt olvas\u00e1si id\u0151\" \/>\n\t<meta name=\"twitter:data1\" content=\"1 perc\" \/>\n<script type=\"application\/ld+json\" class=\"yoast-schema-graph\">{\"@context\":\"https:\\\/\\\/schema.org\",\"@graph\":[{\"@type\":\"WebPage\",\"@id\":\"https:\\\/\\\/lpg.angels-garden.hu\\\/index.php\\\/varazskesztyus-arckezeles\\\/\",\"url\":\"https:\\\/\\\/lpg.angels-garden.hu\\\/index.php\\\/varazskesztyus-arckezeles\\\/\",\"name\":\"Var\u00e1zskeszty\u0171s Arckezel\u00e9s Var\u00e1zskeszty\u0171s Arckezel\u00e9s - lpg.angels-garden.hu\",\"isPartOf\":{\"@id\":\"https:\\\/\\\/lpg.angels-garden.hu\\\/#website\"},\"primaryImageOfPage\":{\"@id\":\"https:\\\/\\\/lpg.angels-garden.hu\\\/index.php\\\/varazskesztyus-arckezeles\\\/#primaryimage\"},\"image\":{\"@id\":\"https:\\\/\\\/lpg.angels-garden.hu\\\/index.php\\\/varazskesztyus-arckezeles\\\/#primaryimage\"},\"thumbnailUrl\":\"http:\\\/\\\/lpg.angels-garden.hu\\\/wp-content\\\/uploads\\\/2025\\\/08\\\/IMG_4059-928x1030.jpeg\",\"datePublished\":\"2020-08-03T10:24:37+00:00\",\"dateModified\":\"2025-08-31T15:37:50+00:00\",\"description\":\"Var\u00e1zskeszty\u0171s arckezel\u00e9s\",\"breadcrumb\":{\"@id\":\"https:\\\/\\\/lpg.angels-garden.hu\\\/index.php\\\/varazskesztyus-arckezeles\\\/#breadcrumb\"},\"inLanguage\":\"hu\",\"potentialAction\":[{\"@type\":\"ReadAction\",\"target\":[\"https:\\\/\\\/lpg.angels-garden.hu\\\/index.php\\\/varazskesztyus-arckezeles\\\/\"]}]},{\"@type\":\"ImageObject\",\"inLanguage\":\"hu\",\"@id\":\"https:\\\/\\\/lpg.angels-garden.hu\\\/index.php\\\/varazskesztyus-arckezeles\\\/#primaryimage\",\"url\":\"https:\\\/\\\/lpg.angels-garden.hu\\\/wp-content\\\/uploads\\\/2025\\\/08\\\/IMG_4059.jpeg\",\"contentUrl\":\"https:\\\/\\\/lpg.angels-garden.hu\\\/wp-content\\\/uploads\\\/2025\\\/08\\\/IMG_4059.jpeg\",\"width\":1007,\"height\":1118},{\"@type\":\"BreadcrumbList\",\"@id\":\"https:\\\/\\\/lpg.angels-garden.hu\\\/index.php\\\/varazskesztyus-arckezeles\\\/#breadcrumb\",\"itemListElement\":[{\"@type\":\"ListItem\",\"position\":1,\"name\":\"Kezd\u0151lap\",\"item\":\"https:\\\/\\\/lpg.angels-garden.hu\\\/\"},{\"@type\":\"ListItem\",\"position\":2,\"name\":\"Var\u00e1zskeszty\u0171s Arckezel\u00e9s\"}]},{\"@type\":\"WebSite\",\"@id\":\"https:\\\/\\\/lpg.angels-garden.hu\\\/#website\",\"url\":\"https:\\\/\\\/lpg.angels-garden.hu\\\/\",\"name\":\"lpg.angels-garden.hu\",\"description\":\"Massz\u00e1zsok arc \u00e9s testkezel\u00e9sek Lpg kezel\u00e9s\",\"potentialAction\":[{\"@type\":\"SearchAction\",\"target\":{\"@type\":\"EntryPoint\",\"urlTemplate\":\"https:\\\/\\\/lpg.angels-garden.hu\\\/?s={search_term_string}\"},\"query-input\":{\"@type\":\"PropertyValueSpecification\",\"valueRequired\":true,\"valueName\":\"search_term_string\"}}],\"inLanguage\":\"hu\"}]}<\/script>\n<!-- \/ Yoast SEO plugin. -->","yoast_head_json":{"title":"Var\u00e1zskeszty\u0171s Arckezel\u00e9s Var\u00e1zskeszty\u0171s Arckezel\u00e9s - lpg.angels-garden.hu","description":"Var\u00e1zskeszty\u0171s arckezel\u00e9s","robots":{"index":"index","follow":"follow","max-snippet":"max-snippet:-1","max-image-preview":"max-image-preview:large","max-video-preview":"max-video-preview:-1"},"canonical":"https:\/\/lpg.angels-garden.hu\/index.php\/varazskesztyus-arckezeles\/","og_locale":"hu_HU","og_type":"article","og_title":"Var\u00e1zskeszty\u0171s Arckezel\u00e9s Var\u00e1zskeszty\u0171s Arckezel\u00e9s - lpg.angels-garden.hu","og_description":"Var\u00e1zskeszty\u0171s arckezel\u00e9s","og_url":"https:\/\/lpg.angels-garden.hu\/index.php\/varazskesztyus-arckezeles\/","og_site_name":"lpg.angels-garden.hu","article_modified_time":"2025-08-31T15:37:50+00:00","og_image":[{"url":"http:\/\/lpg.angels-garden.hu\/wp-content\/uploads\/2025\/08\/IMG_4059-928x1030.jpeg","type":"","width":"","height":""}],"twitter_card":"summary_large_image","twitter_misc":{"Becs\u00fclt olvas\u00e1si id\u0151":"1 perc"},"schema":{"@context":"https:\/\/schema.org","@graph":[{"@type":"WebPage","@id":"https:\/\/lpg.angels-garden.hu\/index.php\/varazskesztyus-arckezeles\/","url":"https:\/\/lpg.angels-garden.hu\/index.php\/varazskesztyus-arckezeles\/","name":"Var\u00e1zskeszty\u0171s Arckezel\u00e9s Var\u00e1zskeszty\u0171s Arckezel\u00e9s - lpg.angels-garden.hu","isPartOf":{"@id":"https:\/\/lpg.angels-garden.hu\/#website"},"primaryImageOfPage":{"@id":"https:\/\/lpg.angels-garden.hu\/index.php\/varazskesztyus-arckezeles\/#primaryimage"},"image":{"@id":"https:\/\/lpg.angels-garden.hu\/index.php\/varazskesztyus-arckezeles\/#primaryimage"},"thumbnailUrl":"http:\/\/lpg.angels-garden.hu\/wp-content\/uploads\/2025\/08\/IMG_4059-928x1030.jpeg","datePublished":"2020-08-03T10:24:37+00:00","dateModified":"2025-08-31T15:37:50+00:00","description":"Var\u00e1zskeszty\u0171s arckezel\u00e9s","breadcrumb":{"@id":"https:\/\/lpg.angels-garden.hu\/index.php\/varazskesztyus-arckezeles\/#breadcrumb"},"inLanguage":"hu","potentialAction":[{"@type":"ReadAction","target":["https:\/\/lpg.angels-garden.hu\/index.php\/varazskesztyus-arckezeles\/"]}]},{"@type":"ImageObject","inLanguage":"hu","@id":"https:\/\/lpg.angels-garden.hu\/index.php\/varazskesztyus-arckezeles\/#primaryimage","url":"https:\/\/lpg.angels-garden.hu\/wp-content\/uploads\/2025\/08\/IMG_4059.jpeg","contentUrl":"https:\/\/lpg.angels-garden.hu\/wp-content\/uploads\/2025\/08\/IMG_4059.jpeg","width":1007,"height":1118},{"@type":"BreadcrumbList","@id":"https:\/\/lpg.angels-garden.hu\/index.php\/varazskesztyus-arckezeles\/#breadcrumb","itemListElement":[{"@type":"ListItem","position":1,"name":"Kezd\u0151lap","item":"https:\/\/lpg.angels-garden.hu\/"},{"@type":"ListItem","position":2,"name":"Var\u00e1zskeszty\u0171s Arckezel\u00e9s"}]},{"@type":"WebSite","@id":"https:\/\/lpg.angels-garden.hu\/#website","url":"https:\/\/lpg.angels-garden.hu\/","name":"lpg.angels-garden.hu","description":"Massz\u00e1zsok arc \u00e9s testkezel\u00e9sek Lpg kezel\u00e9s","potentialAction":[{"@type":"SearchAction","target":{"@type":"EntryPoint","urlTemplate":"https:\/\/lpg.angels-garden.hu\/?s={search_term_string}"},"query-input":{"@type":"PropertyValueSpecification","valueRequired":true,"valueName":"search_term_string"}}],"inLanguage":"hu"}]}},"_links":{"self":[{"href":"https:\/\/lpg.angels-garden.hu\/index.php\/wp-json\/wp\/v2\/pages\/725","targetHints":{"allow":["GET"]}}],"collection":[{"href":"https:\/\/lpg.angels-garden.hu\/index.php\/wp-json\/wp\/v2\/pages"}],"about":[{"href":"https:\/\/lpg.angels-garden.hu\/index.php\/wp-json\/wp\/v2\/types\/page"}],"author":[{"embeddable":true,"href":"https:\/\/lpg.angels-garden.hu\/index.php\/wp-json\/wp\/v2\/users\/2"}],"replies":[{"embeddable":true,"href":"https:\/\/lpg.angels-garden.hu\/index.php\/wp-json\/wp\/v2\/comments?post=725"}],"version-history":[{"count":4,"href":"https:\/\/lpg.angels-garden.hu\/index.php\/wp-json\/wp\/v2\/pages\/725\/revisions"}],"predecessor-version":[{"id":1731,"href":"https:\/\/lpg.angels-garden.hu\/index.php\/wp-json\/wp\/v2\/pages\/725\/revisions\/1731"}],"wp:attachment":[{"href":"https:\/\/lpg.angels-garden.hu\/index.php\/wp-json\/wp\/v2\/media?parent=725"}],"curies":[{"name":"wp","href":"https:\/\/api.w.org\/{rel}","templated":true}]}}