{"id":864,"date":"2020-08-05T20:38:20","date_gmt":"2020-08-05T20:38:20","guid":{"rendered":"http:\/\/lpg.angels-garden.hu\/?page_id=864"},"modified":"2020-10-16T10:41:06","modified_gmt":"2020-10-16T10:41:06","slug":"lpg-narancsbor-kezeles","status":"publish","type":"page","link":"https:\/\/lpg.angels-garden.hu\/index.php\/lpg-kezeles-nyirokmasszazs\/lpg-kezeles\/lpg-narancsbor-kezeles\/","title":{"rendered":"Lpg -narancsb\u0151r kezel\u00e9s"},"content":{"rendered":"\n<div class=\"wp-block-media-text alignwide is-stacked-on-mobile\" style=\"grid-template-columns:22% auto\"><figure class=\"wp-block-media-text__media\"><img loading=\"lazy\" decoding=\"async\" width=\"650\" height=\"433\" src=\"http:\/\/lpg.angels-garden.hu\/wp-content\/uploads\/2020\/07\/lpg-logo-1.jpg\" alt=\"\" class=\"wp-image-541\" srcset=\"https:\/\/lpg.angels-garden.hu\/wp-content\/uploads\/2020\/07\/lpg-logo-1.jpg 650w, https:\/\/lpg.angels-garden.hu\/wp-content\/uploads\/2020\/07\/lpg-logo-1-600x400.jpg 600w, https:\/\/lpg.angels-garden.hu\/wp-content\/uploads\/2020\/07\/lpg-logo-1-300x200.jpg 300w\" sizes=\"auto, (max-width: 650px) 100vw, 650px\" \/><\/figure><div class=\"wp-block-media-text__content\">\n<p class=\"has-large-font-size\">Gondolom Te is szeretn\u00e9l sima, narancsb\u0151rmentes combokat \u00e9s popsit, nem csak hogy eg\u00e9szs\u00e9gesebb legy\u00e9l, hanem, hogy jobban is \u00e9rezd magad a b\u0151r\u0151dben.<\/p>\n\n\n\n<p>Felszabadultan v\u00e1s\u00e1rolj olyan ruh\u00e1kat amiket szeretsz, megel\u00e9gedve n\u00e9zz a pr\u00f3ba f\u00fclke t\u00fckr\u00e9be. A nyaral\u00e1son is \u00f6nbizalom teljesen b\u00fajj bele a f\u00fcrd\u0151ruh\u00e1ba \u00e9s napozz, \u00fassz \u00e9s feszeng\u00e9s n\u00e9lk\u00fcl kikapcsolhass a h\u00e9tk\u00f6znapokb\u00f3l.<\/p>\n\n\n\n<p>De m\u00e9gis hogy szabadulhatsz meg a narancsb\u0151rt\u0151l? Mi miatt neh\u00e9z megszabadulni t\u0151le?Kipr\u00f3b\u00e1lt\u00e1l m\u00e1r sok fajta narancsb\u0151r elleni kezel\u00e9st, de nem hatot, s\u0151t m\u00e9g koplalnod is kellett mellette \u00e9s ezen fel\u00fcl m\u00e9g rengeteg id\u0151det \u00e9s p\u00e9nzedet elvitte eredm\u00e9ny n\u00e9lk\u00fcl.Ha azonban olyan kezel\u00e9sen veszel r\u00e9szt ahol megvizsg\u00e1lj\u00e1k, hogy mi az oka a narancsb\u0151r\u00f6d makacs ragaszkod\u00e1s\u00e1nak \u00e9s ez\u00e1ltal egy\u00e9nre szabott megold\u00e1st ny\u00fajt. Mindemellett csup\u00e1n heti 1-1,5 \u00f3ra r\u00e1ford\u00edt\u00e1ssal \u00e9s nem kell koplalnod sem. R\u00e1ad\u00e1sk\u00e9nt p\u00e9nzvisszafizet\u00e9si garanci\u00e1val.<\/p>\n<\/div><\/div>\n\n\n\n<p><\/p>\n","protected":false},"excerpt":{"rendered":"<p>Gondolom Te is szeretn\u00e9l sima, narancsb\u0151rmentes combokat \u00e9s popsit, nem csak hogy eg\u00e9szs\u00e9gesebb legy\u00e9l, hanem, hogy jobban is \u00e9rezd magad a b\u0151r\u0151dben. Felszabadultan v\u00e1s\u00e1rolj olyan ruh\u00e1kat amiket szeretsz, megel\u00e9gedve n\u00e9zz a pr\u00f3ba f\u00fclke t\u00fckr\u00e9be. A nyaral\u00e1son is \u00f6nbizalom teljesen b\u00fajj bele a f\u00fcrd\u0151ruh\u00e1ba \u00e9s napozz, \u00fassz \u00e9s feszeng\u00e9s n\u00e9lk\u00fcl kikapcsolhass a h\u00e9tk\u00f6znapokb\u00f3l. De m\u00e9gis hogy [&hellip;]<\/p>\n","protected":false},"author":2,"featured_media":0,"parent":154,"menu_order":1,"comment_status":"closed","ping_status":"closed","template":"","meta":{"footnotes":""},"class_list":["post-864","page","type-page","status-publish","hentry"],"yoast_head":"<!-- This site is optimized with the Yoast SEO plugin v27.5 - https:\/\/yoast.com\/product\/yoast-seo-wordpress\/ -->\n<title>Lpg -narancsb\u0151r kezel\u00e9s - lpg.angels-garden.hu<\/title>\n<meta name=\"robots\" content=\"index, follow, max-snippet:-1, max-image-preview:large, max-video-preview:-1\" \/>\n<link rel=\"canonical\" href=\"https:\/\/lpg.angels-garden.hu\/index.php\/lpg-masszazs-egeszseg-angels\/lpg-kezeles\/lpg-narancsbor-kezeles\/\" \/>\n<meta property=\"og:locale\" content=\"hu_HU\" \/>\n<meta property=\"og:type\" content=\"article\" \/>\n<meta property=\"og:title\" content=\"Lpg -narancsb\u0151r kezel\u00e9s - lpg.angels-garden.hu\" \/>\n<meta property=\"og:description\" content=\"Gondolom Te is szeretn\u00e9l sima, narancsb\u0151rmentes combokat \u00e9s popsit, nem csak hogy eg\u00e9szs\u00e9gesebb legy\u00e9l, hanem, hogy jobban is \u00e9rezd magad a b\u0151r\u0151dben. Felszabadultan v\u00e1s\u00e1rolj olyan ruh\u00e1kat amiket szeretsz, megel\u00e9gedve n\u00e9zz a pr\u00f3ba f\u00fclke t\u00fckr\u00e9be. A nyaral\u00e1son is \u00f6nbizalom teljesen b\u00fajj bele a f\u00fcrd\u0151ruh\u00e1ba \u00e9s napozz, \u00fassz \u00e9s feszeng\u00e9s n\u00e9lk\u00fcl kikapcsolhass a h\u00e9tk\u00f6znapokb\u00f3l. De m\u00e9gis hogy [&hellip;]\" \/>\n<meta property=\"og:url\" content=\"https:\/\/lpg.angels-garden.hu\/index.php\/lpg-masszazs-egeszseg-angels\/lpg-kezeles\/lpg-narancsbor-kezeles\/\" \/>\n<meta property=\"og:site_name\" content=\"lpg.angels-garden.hu\" \/>\n<meta property=\"article:modified_time\" content=\"2020-10-16T10:41:06+00:00\" \/>\n<meta property=\"og:image\" content=\"http:\/\/lpg.angels-garden.hu\/wp-content\/uploads\/2020\/07\/lpg-logo-1.jpg\" \/>\n<meta name=\"twitter:card\" content=\"summary_large_image\" \/>\n<meta name=\"twitter:label1\" content=\"Becs\u00fclt olvas\u00e1si id\u0151\" \/>\n\t<meta name=\"twitter:data1\" content=\"1 perc\" \/>\n<script type=\"application\/ld+json\" class=\"yoast-schema-graph\">{\"@context\":\"https:\\\/\\\/schema.org\",\"@graph\":[{\"@type\":\"WebPage\",\"@id\":\"https:\\\/\\\/lpg.angels-garden.hu\\\/index.php\\\/lpg-masszazs-egeszseg-angels\\\/lpg-kezeles\\\/lpg-narancsbor-kezeles\\\/\",\"url\":\"https:\\\/\\\/lpg.angels-garden.hu\\\/index.php\\\/lpg-masszazs-egeszseg-angels\\\/lpg-kezeles\\\/lpg-narancsbor-kezeles\\\/\",\"name\":\"Lpg -narancsb\u0151r kezel\u00e9s - lpg.angels-garden.hu\",\"isPartOf\":{\"@id\":\"https:\\\/\\\/lpg.angels-garden.hu\\\/#website\"},\"primaryImageOfPage\":{\"@id\":\"https:\\\/\\\/lpg.angels-garden.hu\\\/index.php\\\/lpg-masszazs-egeszseg-angels\\\/lpg-kezeles\\\/lpg-narancsbor-kezeles\\\/#primaryimage\"},\"image\":{\"@id\":\"https:\\\/\\\/lpg.angels-garden.hu\\\/index.php\\\/lpg-masszazs-egeszseg-angels\\\/lpg-kezeles\\\/lpg-narancsbor-kezeles\\\/#primaryimage\"},\"thumbnailUrl\":\"http:\\\/\\\/lpg.angels-garden.hu\\\/wp-content\\\/uploads\\\/2020\\\/07\\\/lpg-logo-1.jpg\",\"datePublished\":\"2020-08-05T20:38:20+00:00\",\"dateModified\":\"2020-10-16T10:41:06+00:00\",\"breadcrumb\":{\"@id\":\"https:\\\/\\\/lpg.angels-garden.hu\\\/index.php\\\/lpg-masszazs-egeszseg-angels\\\/lpg-kezeles\\\/lpg-narancsbor-kezeles\\\/#breadcrumb\"},\"inLanguage\":\"hu\",\"potentialAction\":[{\"@type\":\"ReadAction\",\"target\":[\"https:\\\/\\\/lpg.angels-garden.hu\\\/index.php\\\/lpg-masszazs-egeszseg-angels\\\/lpg-kezeles\\\/lpg-narancsbor-kezeles\\\/\"]}]},{\"@type\":\"ImageObject\",\"inLanguage\":\"hu\",\"@id\":\"https:\\\/\\\/lpg.angels-garden.hu\\\/index.php\\\/lpg-masszazs-egeszseg-angels\\\/lpg-kezeles\\\/lpg-narancsbor-kezeles\\\/#primaryimage\",\"url\":\"https:\\\/\\\/lpg.angels-garden.hu\\\/wp-content\\\/uploads\\\/2020\\\/07\\\/lpg-logo-1.jpg\",\"contentUrl\":\"https:\\\/\\\/lpg.angels-garden.hu\\\/wp-content\\\/uploads\\\/2020\\\/07\\\/lpg-logo-1.jpg\",\"width\":650,\"height\":433},{\"@type\":\"BreadcrumbList\",\"@id\":\"https:\\\/\\\/lpg.angels-garden.hu\\\/index.php\\\/lpg-masszazs-egeszseg-angels\\\/lpg-kezeles\\\/lpg-narancsbor-kezeles\\\/#breadcrumb\",\"itemListElement\":[{\"@type\":\"ListItem\",\"position\":1,\"name\":\"Kezd\u0151lap\",\"item\":\"https:\\\/\\\/lpg.angels-garden.hu\\\/\"},{\"@type\":\"ListItem\",\"position\":2,\"name\":\"F\u0151oldal\",\"item\":\"https:\\\/\\\/lpg.angels-garden.hu\\\/\"},{\"@type\":\"ListItem\",\"position\":3,\"name\":\"Lpg Lipomassage Kezel\u00e9sek\",\"item\":\"https:\\\/\\\/lpg.angels-garden.hu\\\/index.php\\\/lpg-masszazs-egeszseg-angels\\\/lpg-kezeles\\\/\"},{\"@type\":\"ListItem\",\"position\":4,\"name\":\"Lpg -narancsb\u0151r kezel\u00e9s\"}]},{\"@type\":\"WebSite\",\"@id\":\"https:\\\/\\\/lpg.angels-garden.hu\\\/#website\",\"url\":\"https:\\\/\\\/lpg.angels-garden.hu\\\/\",\"name\":\"lpg.angels-garden.hu\",\"description\":\"Massz\u00e1zsok arc \u00e9s testkezel\u00e9sek Lpg kezel\u00e9s\",\"potentialAction\":[{\"@type\":\"SearchAction\",\"target\":{\"@type\":\"EntryPoint\",\"urlTemplate\":\"https:\\\/\\\/lpg.angels-garden.hu\\\/?s={search_term_string}\"},\"query-input\":{\"@type\":\"PropertyValueSpecification\",\"valueRequired\":true,\"valueName\":\"search_term_string\"}}],\"inLanguage\":\"hu\"}]}<\/script>\n<!-- \/ Yoast SEO plugin. -->","yoast_head_json":{"title":"Lpg -narancsb\u0151r kezel\u00e9s - lpg.angels-garden.hu","robots":{"index":"index","follow":"follow","max-snippet":"max-snippet:-1","max-image-preview":"max-image-preview:large","max-video-preview":"max-video-preview:-1"},"canonical":"https:\/\/lpg.angels-garden.hu\/index.php\/lpg-masszazs-egeszseg-angels\/lpg-kezeles\/lpg-narancsbor-kezeles\/","og_locale":"hu_HU","og_type":"article","og_title":"Lpg -narancsb\u0151r kezel\u00e9s - lpg.angels-garden.hu","og_description":"Gondolom Te is szeretn\u00e9l sima, narancsb\u0151rmentes combokat \u00e9s popsit, nem csak hogy eg\u00e9szs\u00e9gesebb legy\u00e9l, hanem, hogy jobban is \u00e9rezd magad a b\u0151r\u0151dben. Felszabadultan v\u00e1s\u00e1rolj olyan ruh\u00e1kat amiket szeretsz, megel\u00e9gedve n\u00e9zz a pr\u00f3ba f\u00fclke t\u00fckr\u00e9be. A nyaral\u00e1son is \u00f6nbizalom teljesen b\u00fajj bele a f\u00fcrd\u0151ruh\u00e1ba \u00e9s napozz, \u00fassz \u00e9s feszeng\u00e9s n\u00e9lk\u00fcl kikapcsolhass a h\u00e9tk\u00f6znapokb\u00f3l. De m\u00e9gis hogy [&hellip;]","og_url":"https:\/\/lpg.angels-garden.hu\/index.php\/lpg-masszazs-egeszseg-angels\/lpg-kezeles\/lpg-narancsbor-kezeles\/","og_site_name":"lpg.angels-garden.hu","article_modified_time":"2020-10-16T10:41:06+00:00","og_image":[{"url":"http:\/\/lpg.angels-garden.hu\/wp-content\/uploads\/2020\/07\/lpg-logo-1.jpg","type":"","width":"","height":""}],"twitter_card":"summary_large_image","twitter_misc":{"Becs\u00fclt olvas\u00e1si id\u0151":"1 perc"},"schema":{"@context":"https:\/\/schema.org","@graph":[{"@type":"WebPage","@id":"https:\/\/lpg.angels-garden.hu\/index.php\/lpg-masszazs-egeszseg-angels\/lpg-kezeles\/lpg-narancsbor-kezeles\/","url":"https:\/\/lpg.angels-garden.hu\/index.php\/lpg-masszazs-egeszseg-angels\/lpg-kezeles\/lpg-narancsbor-kezeles\/","name":"Lpg -narancsb\u0151r kezel\u00e9s - lpg.angels-garden.hu","isPartOf":{"@id":"https:\/\/lpg.angels-garden.hu\/#website"},"primaryImageOfPage":{"@id":"https:\/\/lpg.angels-garden.hu\/index.php\/lpg-masszazs-egeszseg-angels\/lpg-kezeles\/lpg-narancsbor-kezeles\/#primaryimage"},"image":{"@id":"https:\/\/lpg.angels-garden.hu\/index.php\/lpg-masszazs-egeszseg-angels\/lpg-kezeles\/lpg-narancsbor-kezeles\/#primaryimage"},"thumbnailUrl":"http:\/\/lpg.angels-garden.hu\/wp-content\/uploads\/2020\/07\/lpg-logo-1.jpg","datePublished":"2020-08-05T20:38:20+00:00","dateModified":"2020-10-16T10:41:06+00:00","breadcrumb":{"@id":"https:\/\/lpg.angels-garden.hu\/index.php\/lpg-masszazs-egeszseg-angels\/lpg-kezeles\/lpg-narancsbor-kezeles\/#breadcrumb"},"inLanguage":"hu","potentialAction":[{"@type":"ReadAction","target":["https:\/\/lpg.angels-garden.hu\/index.php\/lpg-masszazs-egeszseg-angels\/lpg-kezeles\/lpg-narancsbor-kezeles\/"]}]},{"@type":"ImageObject","inLanguage":"hu","@id":"https:\/\/lpg.angels-garden.hu\/index.php\/lpg-masszazs-egeszseg-angels\/lpg-kezeles\/lpg-narancsbor-kezeles\/#primaryimage","url":"https:\/\/lpg.angels-garden.hu\/wp-content\/uploads\/2020\/07\/lpg-logo-1.jpg","contentUrl":"https:\/\/lpg.angels-garden.hu\/wp-content\/uploads\/2020\/07\/lpg-logo-1.jpg","width":650,"height":433},{"@type":"BreadcrumbList","@id":"https:\/\/lpg.angels-garden.hu\/index.php\/lpg-masszazs-egeszseg-angels\/lpg-kezeles\/lpg-narancsbor-kezeles\/#breadcrumb","itemListElement":[{"@type":"ListItem","position":1,"name":"Kezd\u0151lap","item":"https:\/\/lpg.angels-garden.hu\/"},{"@type":"ListItem","position":2,"name":"F\u0151oldal","item":"https:\/\/lpg.angels-garden.hu\/"},{"@type":"ListItem","position":3,"name":"Lpg Lipomassage Kezel\u00e9sek","item":"https:\/\/lpg.angels-garden.hu\/index.php\/lpg-masszazs-egeszseg-angels\/lpg-kezeles\/"},{"@type":"ListItem","position":4,"name":"Lpg -narancsb\u0151r kezel\u00e9s"}]},{"@type":"WebSite","@id":"https:\/\/lpg.angels-garden.hu\/#website","url":"https:\/\/lpg.angels-garden.hu\/","name":"lpg.angels-garden.hu","description":"Massz\u00e1zsok arc \u00e9s testkezel\u00e9sek Lpg kezel\u00e9s","potentialAction":[{"@type":"SearchAction","target":{"@type":"EntryPoint","urlTemplate":"https:\/\/lpg.angels-garden.hu\/?s={search_term_string}"},"query-input":{"@type":"PropertyValueSpecification","valueRequired":true,"valueName":"search_term_string"}}],"inLanguage":"hu"}]}},"_links":{"self":[{"href":"https:\/\/lpg.angels-garden.hu\/index.php\/wp-json\/wp\/v2\/pages\/864","targetHints":{"allow":["GET"]}}],"collection":[{"href":"https:\/\/lpg.angels-garden.hu\/index.php\/wp-json\/wp\/v2\/pages"}],"about":[{"href":"https:\/\/lpg.angels-garden.hu\/index.php\/wp-json\/wp\/v2\/types\/page"}],"author":[{"embeddable":true,"href":"https:\/\/lpg.angels-garden.hu\/index.php\/wp-json\/wp\/v2\/users\/2"}],"replies":[{"embeddable":true,"href":"https:\/\/lpg.angels-garden.hu\/index.php\/wp-json\/wp\/v2\/comments?post=864"}],"version-history":[{"count":4,"href":"https:\/\/lpg.angels-garden.hu\/index.php\/wp-json\/wp\/v2\/pages\/864\/revisions"}],"predecessor-version":[{"id":1172,"href":"https:\/\/lpg.angels-garden.hu\/index.php\/wp-json\/wp\/v2\/pages\/864\/revisions\/1172"}],"up":[{"embeddable":true,"href":"https:\/\/lpg.angels-garden.hu\/index.php\/wp-json\/wp\/v2\/pages\/154"}],"wp:attachment":[{"href":"https:\/\/lpg.angels-garden.hu\/index.php\/wp-json\/wp\/v2\/media?parent=864"}],"curies":[{"name":"wp","href":"https:\/\/api.w.org\/{rel}","templated":true}]}}