{"id":1337,"date":"2024-10-08T11:09:42","date_gmt":"2024-10-08T11:09:42","guid":{"rendered":"https:\/\/lpg.angels-garden.hu\/?post_type=product&#038;p=1337"},"modified":"2025-08-31T15:14:09","modified_gmt":"2025-08-31T15:14:09","slug":"6-alkalmas-lpg-35-berlet","status":"publish","type":"product","link":"https:\/\/lpg.angels-garden.hu\/index.php\/termek\/6-alkalmas-lpg-35-berlet\/","title":{"rendered":"6 alkalmas Lpg 35\u2019 b\u00e9rlet"},"content":{"rendered":"<p>Lpg lipomassage -g\u00e9pinyirokmassz\u00e1zs<\/p>\n","protected":false},"excerpt":{"rendered":"<p>Narancsb\u0151r ellen leghat\u00e9konyabb<\/p>\n","protected":false},"featured_media":1061,"comment_status":"open","ping_status":"closed","template":"","meta":[],"product_brand":[],"product_cat":[40],"product_tag":[41],"class_list":{"0":"post-1337","1":"product","2":"type-product","3":"status-publish","4":"has-post-thumbnail","6":"product_cat-egyeb","7":"product_tag-nyirokmasszazs","9":"first","10":"instock","11":"shipping-taxable","12":"product-type-external"},"yoast_head":"<!-- This site is optimized with the Yoast SEO plugin v27.5 - https:\/\/yoast.com\/product\/yoast-seo-wordpress\/ -->\n<title>6 alkalmas Lpg 35\u2019 b\u00e9rlet - lpg.angels-garden.hu<\/title>\n<meta name=\"robots\" content=\"index, follow, max-snippet:-1, max-image-preview:large, max-video-preview:-1\" \/>\n<link rel=\"canonical\" href=\"https:\/\/lpg.angels-garden.hu\/index.php\/termek\/6-alkalmas-lpg-35-berlet\/\" \/>\n<meta property=\"og:locale\" content=\"hu_HU\" \/>\n<meta property=\"og:type\" content=\"article\" \/>\n<meta property=\"og:title\" content=\"6 alkalmas Lpg 35\u2019 b\u00e9rlet - lpg.angels-garden.hu\" \/>\n<meta property=\"og:description\" content=\"Narancsb\u0151r ellen leghat\u00e9konyabb\" \/>\n<meta property=\"og:url\" content=\"https:\/\/lpg.angels-garden.hu\/index.php\/termek\/6-alkalmas-lpg-35-berlet\/\" \/>\n<meta property=\"og:site_name\" content=\"lpg.angels-garden.hu\" \/>\n<meta property=\"article:modified_time\" content=\"2025-08-31T15:14:09+00:00\" \/>\n<meta property=\"og:image\" content=\"http:\/\/lpg.angels-garden.hu\/wp-content\/uploads\/2020\/09\/116799607_109645090845387_2851344752710653704_n.jpg\" \/>\n\t<meta property=\"og:image:width\" content=\"818\" \/>\n\t<meta property=\"og:image:height\" content=\"735\" \/>\n\t<meta property=\"og:image:type\" content=\"image\/jpeg\" \/>\n<meta name=\"twitter:card\" content=\"summary_large_image\" \/>\n<script type=\"application\/ld+json\" class=\"yoast-schema-graph\">{\"@context\":\"https:\\\/\\\/schema.org\",\"@graph\":[{\"@type\":\"WebPage\",\"@id\":\"https:\\\/\\\/lpg.angels-garden.hu\\\/index.php\\\/termek\\\/6-alkalmas-lpg-35-berlet\\\/\",\"url\":\"https:\\\/\\\/lpg.angels-garden.hu\\\/index.php\\\/termek\\\/6-alkalmas-lpg-35-berlet\\\/\",\"name\":\"6 alkalmas Lpg 35\u2019 b\u00e9rlet - lpg.angels-garden.hu\",\"isPartOf\":{\"@id\":\"https:\\\/\\\/lpg.angels-garden.hu\\\/#website\"},\"primaryImageOfPage\":{\"@id\":\"https:\\\/\\\/lpg.angels-garden.hu\\\/index.php\\\/termek\\\/6-alkalmas-lpg-35-berlet\\\/#primaryimage\"},\"image\":{\"@id\":\"https:\\\/\\\/lpg.angels-garden.hu\\\/index.php\\\/termek\\\/6-alkalmas-lpg-35-berlet\\\/#primaryimage\"},\"thumbnailUrl\":\"https:\\\/\\\/lpg.angels-garden.hu\\\/wp-content\\\/uploads\\\/2020\\\/09\\\/116799607_109645090845387_2851344752710653704_n.jpg\",\"datePublished\":\"2024-10-08T11:09:42+00:00\",\"dateModified\":\"2025-08-31T15:14:09+00:00\",\"breadcrumb\":{\"@id\":\"https:\\\/\\\/lpg.angels-garden.hu\\\/index.php\\\/termek\\\/6-alkalmas-lpg-35-berlet\\\/#breadcrumb\"},\"inLanguage\":\"hu\",\"potentialAction\":[{\"@type\":\"ReadAction\",\"target\":[\"https:\\\/\\\/lpg.angels-garden.hu\\\/index.php\\\/termek\\\/6-alkalmas-lpg-35-berlet\\\/\"]}]},{\"@type\":\"ImageObject\",\"inLanguage\":\"hu\",\"@id\":\"https:\\\/\\\/lpg.angels-garden.hu\\\/index.php\\\/termek\\\/6-alkalmas-lpg-35-berlet\\\/#primaryimage\",\"url\":\"https:\\\/\\\/lpg.angels-garden.hu\\\/wp-content\\\/uploads\\\/2020\\\/09\\\/116799607_109645090845387_2851344752710653704_n.jpg\",\"contentUrl\":\"https:\\\/\\\/lpg.angels-garden.hu\\\/wp-content\\\/uploads\\\/2020\\\/09\\\/116799607_109645090845387_2851344752710653704_n.jpg\",\"width\":818,\"height\":735},{\"@type\":\"BreadcrumbList\",\"@id\":\"https:\\\/\\\/lpg.angels-garden.hu\\\/index.php\\\/termek\\\/6-alkalmas-lpg-35-berlet\\\/#breadcrumb\",\"itemListElement\":[{\"@type\":\"ListItem\",\"position\":1,\"name\":\"Kezd\u0151lap\",\"item\":\"https:\\\/\\\/lpg.angels-garden.hu\\\/\"},{\"@type\":\"ListItem\",\"position\":2,\"name\":\"Shop\",\"item\":\"https:\\\/\\\/lpg.angels-garden.hu\\\/index.php\\\/uzlet\\\/\"},{\"@type\":\"ListItem\",\"position\":3,\"name\":\"6 alkalmas Lpg 35\u2019 b\u00e9rlet\"}]},{\"@type\":\"WebSite\",\"@id\":\"https:\\\/\\\/lpg.angels-garden.hu\\\/#website\",\"url\":\"https:\\\/\\\/lpg.angels-garden.hu\\\/\",\"name\":\"lpg.angels-garden.hu\",\"description\":\"Massz\u00e1zsok arc \u00e9s testkezel\u00e9sek Lpg kezel\u00e9s\",\"potentialAction\":[{\"@type\":\"SearchAction\",\"target\":{\"@type\":\"EntryPoint\",\"urlTemplate\":\"https:\\\/\\\/lpg.angels-garden.hu\\\/?s={search_term_string}\"},\"query-input\":{\"@type\":\"PropertyValueSpecification\",\"valueRequired\":true,\"valueName\":\"search_term_string\"}}],\"inLanguage\":\"hu\"}]}<\/script>\n<!-- \/ Yoast SEO plugin. -->","yoast_head_json":{"title":"6 alkalmas Lpg 35\u2019 b\u00e9rlet - lpg.angels-garden.hu","robots":{"index":"index","follow":"follow","max-snippet":"max-snippet:-1","max-image-preview":"max-image-preview:large","max-video-preview":"max-video-preview:-1"},"canonical":"https:\/\/lpg.angels-garden.hu\/index.php\/termek\/6-alkalmas-lpg-35-berlet\/","og_locale":"hu_HU","og_type":"article","og_title":"6 alkalmas Lpg 35\u2019 b\u00e9rlet - lpg.angels-garden.hu","og_description":"Narancsb\u0151r ellen leghat\u00e9konyabb","og_url":"https:\/\/lpg.angels-garden.hu\/index.php\/termek\/6-alkalmas-lpg-35-berlet\/","og_site_name":"lpg.angels-garden.hu","article_modified_time":"2025-08-31T15:14:09+00:00","og_image":[{"width":818,"height":735,"url":"http:\/\/lpg.angels-garden.hu\/wp-content\/uploads\/2020\/09\/116799607_109645090845387_2851344752710653704_n.jpg","type":"image\/jpeg"}],"twitter_card":"summary_large_image","schema":{"@context":"https:\/\/schema.org","@graph":[{"@type":"WebPage","@id":"https:\/\/lpg.angels-garden.hu\/index.php\/termek\/6-alkalmas-lpg-35-berlet\/","url":"https:\/\/lpg.angels-garden.hu\/index.php\/termek\/6-alkalmas-lpg-35-berlet\/","name":"6 alkalmas Lpg 35\u2019 b\u00e9rlet - lpg.angels-garden.hu","isPartOf":{"@id":"https:\/\/lpg.angels-garden.hu\/#website"},"primaryImageOfPage":{"@id":"https:\/\/lpg.angels-garden.hu\/index.php\/termek\/6-alkalmas-lpg-35-berlet\/#primaryimage"},"image":{"@id":"https:\/\/lpg.angels-garden.hu\/index.php\/termek\/6-alkalmas-lpg-35-berlet\/#primaryimage"},"thumbnailUrl":"https:\/\/lpg.angels-garden.hu\/wp-content\/uploads\/2020\/09\/116799607_109645090845387_2851344752710653704_n.jpg","datePublished":"2024-10-08T11:09:42+00:00","dateModified":"2025-08-31T15:14:09+00:00","breadcrumb":{"@id":"https:\/\/lpg.angels-garden.hu\/index.php\/termek\/6-alkalmas-lpg-35-berlet\/#breadcrumb"},"inLanguage":"hu","potentialAction":[{"@type":"ReadAction","target":["https:\/\/lpg.angels-garden.hu\/index.php\/termek\/6-alkalmas-lpg-35-berlet\/"]}]},{"@type":"ImageObject","inLanguage":"hu","@id":"https:\/\/lpg.angels-garden.hu\/index.php\/termek\/6-alkalmas-lpg-35-berlet\/#primaryimage","url":"https:\/\/lpg.angels-garden.hu\/wp-content\/uploads\/2020\/09\/116799607_109645090845387_2851344752710653704_n.jpg","contentUrl":"https:\/\/lpg.angels-garden.hu\/wp-content\/uploads\/2020\/09\/116799607_109645090845387_2851344752710653704_n.jpg","width":818,"height":735},{"@type":"BreadcrumbList","@id":"https:\/\/lpg.angels-garden.hu\/index.php\/termek\/6-alkalmas-lpg-35-berlet\/#breadcrumb","itemListElement":[{"@type":"ListItem","position":1,"name":"Kezd\u0151lap","item":"https:\/\/lpg.angels-garden.hu\/"},{"@type":"ListItem","position":2,"name":"Shop","item":"https:\/\/lpg.angels-garden.hu\/index.php\/uzlet\/"},{"@type":"ListItem","position":3,"name":"6 alkalmas Lpg 35\u2019 b\u00e9rlet"}]},{"@type":"WebSite","@id":"https:\/\/lpg.angels-garden.hu\/#website","url":"https:\/\/lpg.angels-garden.hu\/","name":"lpg.angels-garden.hu","description":"Massz\u00e1zsok arc \u00e9s testkezel\u00e9sek Lpg kezel\u00e9s","potentialAction":[{"@type":"SearchAction","target":{"@type":"EntryPoint","urlTemplate":"https:\/\/lpg.angels-garden.hu\/?s={search_term_string}"},"query-input":{"@type":"PropertyValueSpecification","valueRequired":true,"valueName":"search_term_string"}}],"inLanguage":"hu"}]}},"_links":{"self":[{"href":"https:\/\/lpg.angels-garden.hu\/index.php\/wp-json\/wp\/v2\/product\/1337","targetHints":{"allow":["GET"]}}],"collection":[{"href":"https:\/\/lpg.angels-garden.hu\/index.php\/wp-json\/wp\/v2\/product"}],"about":[{"href":"https:\/\/lpg.angels-garden.hu\/index.php\/wp-json\/wp\/v2\/types\/product"}],"replies":[{"embeddable":true,"href":"https:\/\/lpg.angels-garden.hu\/index.php\/wp-json\/wp\/v2\/comments?post=1337"}],"wp:featuredmedia":[{"embeddable":true,"href":"https:\/\/lpg.angels-garden.hu\/index.php\/wp-json\/wp\/v2\/media\/1061"}],"wp:attachment":[{"href":"https:\/\/lpg.angels-garden.hu\/index.php\/wp-json\/wp\/v2\/media?parent=1337"}],"wp:term":[{"taxonomy":"product_brand","embeddable":true,"href":"https:\/\/lpg.angels-garden.hu\/index.php\/wp-json\/wp\/v2\/product_brand?post=1337"},{"taxonomy":"product_cat","embeddable":true,"href":"https:\/\/lpg.angels-garden.hu\/index.php\/wp-json\/wp\/v2\/product_cat?post=1337"},{"taxonomy":"product_tag","embeddable":true,"href":"https:\/\/lpg.angels-garden.hu\/index.php\/wp-json\/wp\/v2\/product_tag?post=1337"}],"curies":[{"name":"wp","href":"https:\/\/api.w.org\/{rel}","templated":true}]}}