{"id":1473,"date":"2025-02-19T18:40:22","date_gmt":"2025-02-19T18:40:22","guid":{"rendered":"https:\/\/lpg.angels-garden.hu\/?post_type=product&#038;p=1473"},"modified":"2025-08-31T15:18:08","modified_gmt":"2025-08-31T15:18:08","slug":"masszazs-online-vasarlas-ajandekutalvany-shop","status":"publish","type":"product","link":"https:\/\/lpg.angels-garden.hu\/index.php\/termek\/masszazs-online-vasarlas-ajandekutalvany-shop\/","title":{"rendered":"Probl\u00e9mamegold\u00f3 massz\u00e1zs 30 perc Az eg\u00e9szs\u00e9get Mindenki meg\u00e9rdemli."},"content":{"rendered":"<section class=\"av_textblock_section av-m6kw4ni8-aa3fad2f278d1079a291c633005f5b63 \">\n<div class=\"avia_textblock\"><strong>.<\/strong><\/p>\n<\/div>\n<p><\/section>\n<p><\/p>\n<div class=\"avia-button-wrap av-m7c5wser-02fb7c1d51d9b1e36df45634820fd2d8-wrap avia-button-center avia-builder-el-6 el_after_av_textblock el_before_av_content_slider \"><a class=\"avia-button av-m7c5wser-02fb7c1d51d9b1e36df45634820fd2d8 av-link-btn avia-icon_select-yes-left-icon avia-size-small avia-position-center avia-color-theme-color\" aria-label=\"Aj\u00e1nd\u00e9kutalv\u00e1ny v\u00e1s\u00e1rl\u00e1sa\" href=\"https:\/\/angels-garden-egeszsegkozpont.salonic.hu\/giftcards\"><span class=\"avia_iconbox_title\">Aj\u00e1nd\u00e9kutalv\u00e1ny v\u00e1s\u00e1rl\u00e1sa<\/span><\/a><\/div>\n","protected":false},"excerpt":{"rendered":"<p>Legyen sz\u00f3 h\u00e1tf\u00e1j\u00e1sr\u00f3l, \u00edz\u00fcleti panaszokr\u00f3l vagy stressz okozta t\u00fcnetekr\u0151l \u2013 mi a megold\u00e1sra koncentr\u00e1lunk!<\/p>\n","protected":false},"featured_media":1342,"comment_status":"open","ping_status":"closed","template":"","meta":[],"product_brand":[],"product_cat":[40],"product_tag":[49,45,46,48,47],"class_list":{"0":"post-1473","1":"product","2":"type-product","3":"status-publish","4":"has-post-thumbnail","6":"product_cat-egyeb","7":"product_tag-akcio","8":"product_tag-masszazs","9":"product_tag-shop","10":"product_tag-utalv-ny","11":"product_tag-vasarlas","13":"first","14":"instock","15":"shipping-taxable","16":"product-type-external"},"yoast_head":"<!-- This site is optimized with the Yoast SEO plugin v27.5 - https:\/\/yoast.com\/product\/yoast-seo-wordpress\/ -->\n<title>Probl\u00e9mamegold\u00f3 massz\u00e1zs 30 perc Az eg\u00e9szs\u00e9get Mindenki meg\u00e9rdemli. - lpg.angels-garden.hu<\/title>\n<meta name=\"description\" content=\"Aj\u00e1nd\u00e9kozz eg\u00e9szs\u00e9get, felt\u0151lt\u0151d\u00e9st \u00e9s f\u00e1jdalommentes \u00e9letet.\u00a0Az eg\u00e9szs\u00e9get Mindenki meg\u00e9rdemli.\" \/>\n<meta name=\"robots\" content=\"index, follow, max-snippet:-1, max-image-preview:large, max-video-preview:-1\" \/>\n<link rel=\"canonical\" href=\"https:\/\/lpg.angels-garden.hu\/index.php\/termek\/masszazs-online-vasarlas-ajandekutalvany-shop\/\" \/>\n<meta property=\"og:locale\" content=\"hu_HU\" \/>\n<meta property=\"og:type\" content=\"article\" \/>\n<meta property=\"og:title\" content=\"Probl\u00e9mamegold\u00f3 massz\u00e1zs 30 perc Az eg\u00e9szs\u00e9get Mindenki meg\u00e9rdemli. - lpg.angels-garden.hu\" \/>\n<meta property=\"og:description\" content=\"Aj\u00e1nd\u00e9kozz eg\u00e9szs\u00e9get, felt\u0151lt\u0151d\u00e9st \u00e9s f\u00e1jdalommentes \u00e9letet.\u00a0Az eg\u00e9szs\u00e9get Mindenki meg\u00e9rdemli.\" \/>\n<meta property=\"og:url\" content=\"https:\/\/lpg.angels-garden.hu\/index.php\/termek\/masszazs-online-vasarlas-ajandekutalvany-shop\/\" \/>\n<meta property=\"og:site_name\" content=\"lpg.angels-garden.hu\" \/>\n<meta property=\"article:modified_time\" content=\"2025-08-31T15:18:08+00:00\" \/>\n<meta property=\"og:image\" content=\"https:\/\/lpg.angels-garden.hu\/wp-content\/uploads\/2025\/01\/IMG_3174.jpeg\" \/>\n\t<meta property=\"og:image:width\" content=\"1151\" \/>\n\t<meta property=\"og:image:height\" content=\"1616\" \/>\n\t<meta property=\"og:image:type\" content=\"image\/jpeg\" \/>\n<meta name=\"twitter:card\" content=\"summary_large_image\" \/>\n<script type=\"application\/ld+json\" class=\"yoast-schema-graph\">{\"@context\":\"https:\\\/\\\/schema.org\",\"@graph\":[{\"@type\":\"WebPage\",\"@id\":\"https:\\\/\\\/lpg.angels-garden.hu\\\/index.php\\\/termek\\\/masszazs-online-vasarlas-ajandekutalvany-shop\\\/\",\"url\":\"https:\\\/\\\/lpg.angels-garden.hu\\\/index.php\\\/termek\\\/masszazs-online-vasarlas-ajandekutalvany-shop\\\/\",\"name\":\"Probl\u00e9mamegold\u00f3 massz\u00e1zs 30 perc Az eg\u00e9szs\u00e9get Mindenki meg\u00e9rdemli. - lpg.angels-garden.hu\",\"isPartOf\":{\"@id\":\"https:\\\/\\\/lpg.angels-garden.hu\\\/#website\"},\"primaryImageOfPage\":{\"@id\":\"https:\\\/\\\/lpg.angels-garden.hu\\\/index.php\\\/termek\\\/masszazs-online-vasarlas-ajandekutalvany-shop\\\/#primaryimage\"},\"image\":{\"@id\":\"https:\\\/\\\/lpg.angels-garden.hu\\\/index.php\\\/termek\\\/masszazs-online-vasarlas-ajandekutalvany-shop\\\/#primaryimage\"},\"thumbnailUrl\":\"https:\\\/\\\/lpg.angels-garden.hu\\\/wp-content\\\/uploads\\\/2025\\\/01\\\/IMG_3174.jpeg\",\"datePublished\":\"2025-02-19T18:40:22+00:00\",\"dateModified\":\"2025-08-31T15:18:08+00:00\",\"description\":\"Aj\u00e1nd\u00e9kozz eg\u00e9szs\u00e9get, felt\u0151lt\u0151d\u00e9st \u00e9s f\u00e1jdalommentes \u00e9letet.\u00a0Az eg\u00e9szs\u00e9get Mindenki meg\u00e9rdemli.\",\"breadcrumb\":{\"@id\":\"https:\\\/\\\/lpg.angels-garden.hu\\\/index.php\\\/termek\\\/masszazs-online-vasarlas-ajandekutalvany-shop\\\/#breadcrumb\"},\"inLanguage\":\"hu\",\"potentialAction\":[{\"@type\":\"ReadAction\",\"target\":[\"https:\\\/\\\/lpg.angels-garden.hu\\\/index.php\\\/termek\\\/masszazs-online-vasarlas-ajandekutalvany-shop\\\/\"]}]},{\"@type\":\"ImageObject\",\"inLanguage\":\"hu\",\"@id\":\"https:\\\/\\\/lpg.angels-garden.hu\\\/index.php\\\/termek\\\/masszazs-online-vasarlas-ajandekutalvany-shop\\\/#primaryimage\",\"url\":\"https:\\\/\\\/lpg.angels-garden.hu\\\/wp-content\\\/uploads\\\/2025\\\/01\\\/IMG_3174.jpeg\",\"contentUrl\":\"https:\\\/\\\/lpg.angels-garden.hu\\\/wp-content\\\/uploads\\\/2025\\\/01\\\/IMG_3174.jpeg\",\"width\":1151,\"height\":1616},{\"@type\":\"BreadcrumbList\",\"@id\":\"https:\\\/\\\/lpg.angels-garden.hu\\\/index.php\\\/termek\\\/masszazs-online-vasarlas-ajandekutalvany-shop\\\/#breadcrumb\",\"itemListElement\":[{\"@type\":\"ListItem\",\"position\":1,\"name\":\"Kezd\u0151lap\",\"item\":\"https:\\\/\\\/lpg.angels-garden.hu\\\/\"},{\"@type\":\"ListItem\",\"position\":2,\"name\":\"Shop\",\"item\":\"https:\\\/\\\/lpg.angels-garden.hu\\\/index.php\\\/uzlet\\\/\"},{\"@type\":\"ListItem\",\"position\":3,\"name\":\"Probl\u00e9mamegold\u00f3 massz\u00e1zs 30 perc Az eg\u00e9szs\u00e9get Mindenki meg\u00e9rdemli.\"}]},{\"@type\":\"WebSite\",\"@id\":\"https:\\\/\\\/lpg.angels-garden.hu\\\/#website\",\"url\":\"https:\\\/\\\/lpg.angels-garden.hu\\\/\",\"name\":\"lpg.angels-garden.hu\",\"description\":\"Massz\u00e1zsok arc \u00e9s testkezel\u00e9sek Lpg kezel\u00e9s\",\"potentialAction\":[{\"@type\":\"SearchAction\",\"target\":{\"@type\":\"EntryPoint\",\"urlTemplate\":\"https:\\\/\\\/lpg.angels-garden.hu\\\/?s={search_term_string}\"},\"query-input\":{\"@type\":\"PropertyValueSpecification\",\"valueRequired\":true,\"valueName\":\"search_term_string\"}}],\"inLanguage\":\"hu\"}]}<\/script>\n<!-- \/ Yoast SEO plugin. -->","yoast_head_json":{"title":"Probl\u00e9mamegold\u00f3 massz\u00e1zs 30 perc Az eg\u00e9szs\u00e9get Mindenki meg\u00e9rdemli. - lpg.angels-garden.hu","description":"Aj\u00e1nd\u00e9kozz eg\u00e9szs\u00e9get, felt\u0151lt\u0151d\u00e9st \u00e9s f\u00e1jdalommentes \u00e9letet.\u00a0Az eg\u00e9szs\u00e9get Mindenki meg\u00e9rdemli.","robots":{"index":"index","follow":"follow","max-snippet":"max-snippet:-1","max-image-preview":"max-image-preview:large","max-video-preview":"max-video-preview:-1"},"canonical":"https:\/\/lpg.angels-garden.hu\/index.php\/termek\/masszazs-online-vasarlas-ajandekutalvany-shop\/","og_locale":"hu_HU","og_type":"article","og_title":"Probl\u00e9mamegold\u00f3 massz\u00e1zs 30 perc Az eg\u00e9szs\u00e9get Mindenki meg\u00e9rdemli. - lpg.angels-garden.hu","og_description":"Aj\u00e1nd\u00e9kozz eg\u00e9szs\u00e9get, felt\u0151lt\u0151d\u00e9st \u00e9s f\u00e1jdalommentes \u00e9letet.\u00a0Az eg\u00e9szs\u00e9get Mindenki meg\u00e9rdemli.","og_url":"https:\/\/lpg.angels-garden.hu\/index.php\/termek\/masszazs-online-vasarlas-ajandekutalvany-shop\/","og_site_name":"lpg.angels-garden.hu","article_modified_time":"2025-08-31T15:18:08+00:00","og_image":[{"width":1151,"height":1616,"url":"https:\/\/lpg.angels-garden.hu\/wp-content\/uploads\/2025\/01\/IMG_3174.jpeg","type":"image\/jpeg"}],"twitter_card":"summary_large_image","schema":{"@context":"https:\/\/schema.org","@graph":[{"@type":"WebPage","@id":"https:\/\/lpg.angels-garden.hu\/index.php\/termek\/masszazs-online-vasarlas-ajandekutalvany-shop\/","url":"https:\/\/lpg.angels-garden.hu\/index.php\/termek\/masszazs-online-vasarlas-ajandekutalvany-shop\/","name":"Probl\u00e9mamegold\u00f3 massz\u00e1zs 30 perc Az eg\u00e9szs\u00e9get Mindenki meg\u00e9rdemli. - lpg.angels-garden.hu","isPartOf":{"@id":"https:\/\/lpg.angels-garden.hu\/#website"},"primaryImageOfPage":{"@id":"https:\/\/lpg.angels-garden.hu\/index.php\/termek\/masszazs-online-vasarlas-ajandekutalvany-shop\/#primaryimage"},"image":{"@id":"https:\/\/lpg.angels-garden.hu\/index.php\/termek\/masszazs-online-vasarlas-ajandekutalvany-shop\/#primaryimage"},"thumbnailUrl":"https:\/\/lpg.angels-garden.hu\/wp-content\/uploads\/2025\/01\/IMG_3174.jpeg","datePublished":"2025-02-19T18:40:22+00:00","dateModified":"2025-08-31T15:18:08+00:00","description":"Aj\u00e1nd\u00e9kozz eg\u00e9szs\u00e9get, felt\u0151lt\u0151d\u00e9st \u00e9s f\u00e1jdalommentes \u00e9letet.\u00a0Az eg\u00e9szs\u00e9get Mindenki meg\u00e9rdemli.","breadcrumb":{"@id":"https:\/\/lpg.angels-garden.hu\/index.php\/termek\/masszazs-online-vasarlas-ajandekutalvany-shop\/#breadcrumb"},"inLanguage":"hu","potentialAction":[{"@type":"ReadAction","target":["https:\/\/lpg.angels-garden.hu\/index.php\/termek\/masszazs-online-vasarlas-ajandekutalvany-shop\/"]}]},{"@type":"ImageObject","inLanguage":"hu","@id":"https:\/\/lpg.angels-garden.hu\/index.php\/termek\/masszazs-online-vasarlas-ajandekutalvany-shop\/#primaryimage","url":"https:\/\/lpg.angels-garden.hu\/wp-content\/uploads\/2025\/01\/IMG_3174.jpeg","contentUrl":"https:\/\/lpg.angels-garden.hu\/wp-content\/uploads\/2025\/01\/IMG_3174.jpeg","width":1151,"height":1616},{"@type":"BreadcrumbList","@id":"https:\/\/lpg.angels-garden.hu\/index.php\/termek\/masszazs-online-vasarlas-ajandekutalvany-shop\/#breadcrumb","itemListElement":[{"@type":"ListItem","position":1,"name":"Kezd\u0151lap","item":"https:\/\/lpg.angels-garden.hu\/"},{"@type":"ListItem","position":2,"name":"Shop","item":"https:\/\/lpg.angels-garden.hu\/index.php\/uzlet\/"},{"@type":"ListItem","position":3,"name":"Probl\u00e9mamegold\u00f3 massz\u00e1zs 30 perc Az eg\u00e9szs\u00e9get Mindenki meg\u00e9rdemli."}]},{"@type":"WebSite","@id":"https:\/\/lpg.angels-garden.hu\/#website","url":"https:\/\/lpg.angels-garden.hu\/","name":"lpg.angels-garden.hu","description":"Massz\u00e1zsok arc \u00e9s testkezel\u00e9sek Lpg kezel\u00e9s","potentialAction":[{"@type":"SearchAction","target":{"@type":"EntryPoint","urlTemplate":"https:\/\/lpg.angels-garden.hu\/?s={search_term_string}"},"query-input":{"@type":"PropertyValueSpecification","valueRequired":true,"valueName":"search_term_string"}}],"inLanguage":"hu"}]}},"_links":{"self":[{"href":"https:\/\/lpg.angels-garden.hu\/index.php\/wp-json\/wp\/v2\/product\/1473","targetHints":{"allow":["GET"]}}],"collection":[{"href":"https:\/\/lpg.angels-garden.hu\/index.php\/wp-json\/wp\/v2\/product"}],"about":[{"href":"https:\/\/lpg.angels-garden.hu\/index.php\/wp-json\/wp\/v2\/types\/product"}],"replies":[{"embeddable":true,"href":"https:\/\/lpg.angels-garden.hu\/index.php\/wp-json\/wp\/v2\/comments?post=1473"}],"wp:featuredmedia":[{"embeddable":true,"href":"https:\/\/lpg.angels-garden.hu\/index.php\/wp-json\/wp\/v2\/media\/1342"}],"wp:attachment":[{"href":"https:\/\/lpg.angels-garden.hu\/index.php\/wp-json\/wp\/v2\/media?parent=1473"}],"wp:term":[{"taxonomy":"product_brand","embeddable":true,"href":"https:\/\/lpg.angels-garden.hu\/index.php\/wp-json\/wp\/v2\/product_brand?post=1473"},{"taxonomy":"product_cat","embeddable":true,"href":"https:\/\/lpg.angels-garden.hu\/index.php\/wp-json\/wp\/v2\/product_cat?post=1473"},{"taxonomy":"product_tag","embeddable":true,"href":"https:\/\/lpg.angels-garden.hu\/index.php\/wp-json\/wp\/v2\/product_tag?post=1473"}],"curies":[{"name":"wp","href":"https:\/\/api.w.org\/{rel}","templated":true}]}}