{"id":1500,"date":"2025-02-20T08:24:19","date_gmt":"2025-02-20T08:24:19","guid":{"rendered":"https:\/\/lpg.angels-garden.hu\/?post_type=product&#038;p=1500"},"modified":"2025-08-31T15:16:23","modified_gmt":"2025-08-31T15:16:23","slug":"hatmasszazs-50-perc-stresszoldas-mindenkinek-masolat","status":"publish","type":"product","link":"https:\/\/lpg.angels-garden.hu\/index.php\/termek\/hatmasszazs-50-perc-stresszoldas-mindenkinek-masolat\/","title":{"rendered":"H\u00e1tmassz\u00e1zs 50 perc Stresszold\u00e1s mindenkinek"},"content":{"rendered":"","protected":false},"excerpt":{"rendered":"","protected":false},"featured_media":1501,"comment_status":"open","ping_status":"closed","template":"","meta":[],"product_brand":[],"product_cat":[40],"product_tag":[51,49,50,45,46],"class_list":{"0":"post-1500","1":"product","2":"type-product","3":"status-publish","4":"has-post-thumbnail","6":"product_cat-egyeb","7":"product_tag-ajandekutalvany","8":"product_tag-akcio","9":"product_tag-hatmasszazs","10":"product_tag-masszazs","11":"product_tag-shop","13":"first","14":"instock","15":"shipping-taxable","16":"product-type-external"},"yoast_head":"<!-- This site is optimized with the Yoast SEO plugin v27.5 - https:\/\/yoast.com\/product\/yoast-seo-wordpress\/ -->\n<title>H\u00e1tmassz\u00e1zs 50 perc Stresszold\u00e1s mindenkinek - lpg.angels-garden.hu<\/title>\n<meta name=\"description\" content=\"Tapasztald meg a gy\u00f3gyhat\u00e1s\u00fa massz\u00e1zs erej\u00e9t! Ez a speci\u00e1lis massz\u00e1zster\u00e1pia nemcsak ellaz\u00edt, hanem c\u00e9lzottan kezeli a probl\u00e9m\u00e1s ter\u00fcleteket, enyh\u00edti az izomfesz\u00fclts\u00e9get, serkenti a kering\u00e9st, \u00e9s seg\u00edti a regener\u00e1ci\u00f3t.\" \/>\n<meta name=\"robots\" content=\"index, follow, max-snippet:-1, max-image-preview:large, max-video-preview:-1\" \/>\n<link rel=\"canonical\" href=\"https:\/\/lpg.angels-garden.hu\/index.php\/termek\/hatmasszazs-50-perc-stresszoldas-mindenkinek-masolat\/\" \/>\n<meta property=\"og:locale\" content=\"hu_HU\" \/>\n<meta property=\"og:type\" content=\"article\" \/>\n<meta property=\"og:title\" content=\"H\u00e1tmassz\u00e1zs 50 perc Stresszold\u00e1s mindenkinek - lpg.angels-garden.hu\" \/>\n<meta property=\"og:description\" content=\"Tapasztald meg a gy\u00f3gyhat\u00e1s\u00fa massz\u00e1zs erej\u00e9t! Ez a speci\u00e1lis massz\u00e1zster\u00e1pia nemcsak ellaz\u00edt, hanem c\u00e9lzottan kezeli a probl\u00e9m\u00e1s ter\u00fcleteket, enyh\u00edti az izomfesz\u00fclts\u00e9get, serkenti a kering\u00e9st, \u00e9s seg\u00edti a regener\u00e1ci\u00f3t.\" \/>\n<meta property=\"og:url\" content=\"https:\/\/lpg.angels-garden.hu\/index.php\/termek\/hatmasszazs-50-perc-stresszoldas-mindenkinek-masolat\/\" \/>\n<meta property=\"og:site_name\" content=\"lpg.angels-garden.hu\" \/>\n<meta property=\"article:modified_time\" content=\"2025-08-31T15:16:23+00:00\" \/>\n<meta property=\"og:image\" content=\"https:\/\/lpg.angels-garden.hu\/wp-content\/uploads\/2025\/02\/PKeVrAQY.jpg\" \/>\n\t<meta property=\"og:image:width\" content=\"1024\" \/>\n\t<meta property=\"og:image:height\" content=\"722\" \/>\n\t<meta property=\"og:image:type\" content=\"image\/jpeg\" \/>\n<meta name=\"twitter:card\" content=\"summary_large_image\" \/>\n<script type=\"application\/ld+json\" class=\"yoast-schema-graph\">{\"@context\":\"https:\\\/\\\/schema.org\",\"@graph\":[{\"@type\":\"WebPage\",\"@id\":\"https:\\\/\\\/lpg.angels-garden.hu\\\/index.php\\\/termek\\\/hatmasszazs-50-perc-stresszoldas-mindenkinek-masolat\\\/\",\"url\":\"https:\\\/\\\/lpg.angels-garden.hu\\\/index.php\\\/termek\\\/hatmasszazs-50-perc-stresszoldas-mindenkinek-masolat\\\/\",\"name\":\"H\u00e1tmassz\u00e1zs 50 perc Stresszold\u00e1s mindenkinek - lpg.angels-garden.hu\",\"isPartOf\":{\"@id\":\"https:\\\/\\\/lpg.angels-garden.hu\\\/#website\"},\"primaryImageOfPage\":{\"@id\":\"https:\\\/\\\/lpg.angels-garden.hu\\\/index.php\\\/termek\\\/hatmasszazs-50-perc-stresszoldas-mindenkinek-masolat\\\/#primaryimage\"},\"image\":{\"@id\":\"https:\\\/\\\/lpg.angels-garden.hu\\\/index.php\\\/termek\\\/hatmasszazs-50-perc-stresszoldas-mindenkinek-masolat\\\/#primaryimage\"},\"thumbnailUrl\":\"https:\\\/\\\/lpg.angels-garden.hu\\\/wp-content\\\/uploads\\\/2025\\\/02\\\/PKeVrAQY.jpg\",\"datePublished\":\"2025-02-20T08:24:19+00:00\",\"dateModified\":\"2025-08-31T15:16:23+00:00\",\"description\":\"Tapasztald meg a gy\u00f3gyhat\u00e1s\u00fa massz\u00e1zs erej\u00e9t! Ez a speci\u00e1lis massz\u00e1zster\u00e1pia nemcsak ellaz\u00edt, hanem c\u00e9lzottan kezeli a probl\u00e9m\u00e1s ter\u00fcleteket, enyh\u00edti az izomfesz\u00fclts\u00e9get, serkenti a kering\u00e9st, \u00e9s seg\u00edti a regener\u00e1ci\u00f3t.\",\"breadcrumb\":{\"@id\":\"https:\\\/\\\/lpg.angels-garden.hu\\\/index.php\\\/termek\\\/hatmasszazs-50-perc-stresszoldas-mindenkinek-masolat\\\/#breadcrumb\"},\"inLanguage\":\"hu\",\"potentialAction\":[{\"@type\":\"ReadAction\",\"target\":[\"https:\\\/\\\/lpg.angels-garden.hu\\\/index.php\\\/termek\\\/hatmasszazs-50-perc-stresszoldas-mindenkinek-masolat\\\/\"]}]},{\"@type\":\"ImageObject\",\"inLanguage\":\"hu\",\"@id\":\"https:\\\/\\\/lpg.angels-garden.hu\\\/index.php\\\/termek\\\/hatmasszazs-50-perc-stresszoldas-mindenkinek-masolat\\\/#primaryimage\",\"url\":\"https:\\\/\\\/lpg.angels-garden.hu\\\/wp-content\\\/uploads\\\/2025\\\/02\\\/PKeVrAQY.jpg\",\"contentUrl\":\"https:\\\/\\\/lpg.angels-garden.hu\\\/wp-content\\\/uploads\\\/2025\\\/02\\\/PKeVrAQY.jpg\",\"width\":1024,\"height\":722},{\"@type\":\"BreadcrumbList\",\"@id\":\"https:\\\/\\\/lpg.angels-garden.hu\\\/index.php\\\/termek\\\/hatmasszazs-50-perc-stresszoldas-mindenkinek-masolat\\\/#breadcrumb\",\"itemListElement\":[{\"@type\":\"ListItem\",\"position\":1,\"name\":\"Kezd\u0151lap\",\"item\":\"https:\\\/\\\/lpg.angels-garden.hu\\\/\"},{\"@type\":\"ListItem\",\"position\":2,\"name\":\"Shop\",\"item\":\"https:\\\/\\\/lpg.angels-garden.hu\\\/index.php\\\/uzlet\\\/\"},{\"@type\":\"ListItem\",\"position\":3,\"name\":\"H\u00e1tmassz\u00e1zs 50 perc Stresszold\u00e1s mindenkinek\"}]},{\"@type\":\"WebSite\",\"@id\":\"https:\\\/\\\/lpg.angels-garden.hu\\\/#website\",\"url\":\"https:\\\/\\\/lpg.angels-garden.hu\\\/\",\"name\":\"lpg.angels-garden.hu\",\"description\":\"Massz\u00e1zsok arc \u00e9s testkezel\u00e9sek Lpg kezel\u00e9s\",\"potentialAction\":[{\"@type\":\"SearchAction\",\"target\":{\"@type\":\"EntryPoint\",\"urlTemplate\":\"https:\\\/\\\/lpg.angels-garden.hu\\\/?s={search_term_string}\"},\"query-input\":{\"@type\":\"PropertyValueSpecification\",\"valueRequired\":true,\"valueName\":\"search_term_string\"}}],\"inLanguage\":\"hu\"}]}<\/script>\n<!-- \/ Yoast SEO plugin. -->","yoast_head_json":{"title":"H\u00e1tmassz\u00e1zs 50 perc Stresszold\u00e1s mindenkinek - lpg.angels-garden.hu","description":"Tapasztald meg a gy\u00f3gyhat\u00e1s\u00fa massz\u00e1zs erej\u00e9t! Ez a speci\u00e1lis massz\u00e1zster\u00e1pia nemcsak ellaz\u00edt, hanem c\u00e9lzottan kezeli a probl\u00e9m\u00e1s ter\u00fcleteket, enyh\u00edti az izomfesz\u00fclts\u00e9get, serkenti a kering\u00e9st, \u00e9s seg\u00edti a regener\u00e1ci\u00f3t.","robots":{"index":"index","follow":"follow","max-snippet":"max-snippet:-1","max-image-preview":"max-image-preview:large","max-video-preview":"max-video-preview:-1"},"canonical":"https:\/\/lpg.angels-garden.hu\/index.php\/termek\/hatmasszazs-50-perc-stresszoldas-mindenkinek-masolat\/","og_locale":"hu_HU","og_type":"article","og_title":"H\u00e1tmassz\u00e1zs 50 perc Stresszold\u00e1s mindenkinek - lpg.angels-garden.hu","og_description":"Tapasztald meg a gy\u00f3gyhat\u00e1s\u00fa massz\u00e1zs erej\u00e9t! Ez a speci\u00e1lis massz\u00e1zster\u00e1pia nemcsak ellaz\u00edt, hanem c\u00e9lzottan kezeli a probl\u00e9m\u00e1s ter\u00fcleteket, enyh\u00edti az izomfesz\u00fclts\u00e9get, serkenti a kering\u00e9st, \u00e9s seg\u00edti a regener\u00e1ci\u00f3t.","og_url":"https:\/\/lpg.angels-garden.hu\/index.php\/termek\/hatmasszazs-50-perc-stresszoldas-mindenkinek-masolat\/","og_site_name":"lpg.angels-garden.hu","article_modified_time":"2025-08-31T15:16:23+00:00","og_image":[{"width":1024,"height":722,"url":"https:\/\/lpg.angels-garden.hu\/wp-content\/uploads\/2025\/02\/PKeVrAQY.jpg","type":"image\/jpeg"}],"twitter_card":"summary_large_image","schema":{"@context":"https:\/\/schema.org","@graph":[{"@type":"WebPage","@id":"https:\/\/lpg.angels-garden.hu\/index.php\/termek\/hatmasszazs-50-perc-stresszoldas-mindenkinek-masolat\/","url":"https:\/\/lpg.angels-garden.hu\/index.php\/termek\/hatmasszazs-50-perc-stresszoldas-mindenkinek-masolat\/","name":"H\u00e1tmassz\u00e1zs 50 perc Stresszold\u00e1s mindenkinek - lpg.angels-garden.hu","isPartOf":{"@id":"https:\/\/lpg.angels-garden.hu\/#website"},"primaryImageOfPage":{"@id":"https:\/\/lpg.angels-garden.hu\/index.php\/termek\/hatmasszazs-50-perc-stresszoldas-mindenkinek-masolat\/#primaryimage"},"image":{"@id":"https:\/\/lpg.angels-garden.hu\/index.php\/termek\/hatmasszazs-50-perc-stresszoldas-mindenkinek-masolat\/#primaryimage"},"thumbnailUrl":"https:\/\/lpg.angels-garden.hu\/wp-content\/uploads\/2025\/02\/PKeVrAQY.jpg","datePublished":"2025-02-20T08:24:19+00:00","dateModified":"2025-08-31T15:16:23+00:00","description":"Tapasztald meg a gy\u00f3gyhat\u00e1s\u00fa massz\u00e1zs erej\u00e9t! Ez a speci\u00e1lis massz\u00e1zster\u00e1pia nemcsak ellaz\u00edt, hanem c\u00e9lzottan kezeli a probl\u00e9m\u00e1s ter\u00fcleteket, enyh\u00edti az izomfesz\u00fclts\u00e9get, serkenti a kering\u00e9st, \u00e9s seg\u00edti a regener\u00e1ci\u00f3t.","breadcrumb":{"@id":"https:\/\/lpg.angels-garden.hu\/index.php\/termek\/hatmasszazs-50-perc-stresszoldas-mindenkinek-masolat\/#breadcrumb"},"inLanguage":"hu","potentialAction":[{"@type":"ReadAction","target":["https:\/\/lpg.angels-garden.hu\/index.php\/termek\/hatmasszazs-50-perc-stresszoldas-mindenkinek-masolat\/"]}]},{"@type":"ImageObject","inLanguage":"hu","@id":"https:\/\/lpg.angels-garden.hu\/index.php\/termek\/hatmasszazs-50-perc-stresszoldas-mindenkinek-masolat\/#primaryimage","url":"https:\/\/lpg.angels-garden.hu\/wp-content\/uploads\/2025\/02\/PKeVrAQY.jpg","contentUrl":"https:\/\/lpg.angels-garden.hu\/wp-content\/uploads\/2025\/02\/PKeVrAQY.jpg","width":1024,"height":722},{"@type":"BreadcrumbList","@id":"https:\/\/lpg.angels-garden.hu\/index.php\/termek\/hatmasszazs-50-perc-stresszoldas-mindenkinek-masolat\/#breadcrumb","itemListElement":[{"@type":"ListItem","position":1,"name":"Kezd\u0151lap","item":"https:\/\/lpg.angels-garden.hu\/"},{"@type":"ListItem","position":2,"name":"Shop","item":"https:\/\/lpg.angels-garden.hu\/index.php\/uzlet\/"},{"@type":"ListItem","position":3,"name":"H\u00e1tmassz\u00e1zs 50 perc Stresszold\u00e1s mindenkinek"}]},{"@type":"WebSite","@id":"https:\/\/lpg.angels-garden.hu\/#website","url":"https:\/\/lpg.angels-garden.hu\/","name":"lpg.angels-garden.hu","description":"Massz\u00e1zsok arc \u00e9s testkezel\u00e9sek Lpg kezel\u00e9s","potentialAction":[{"@type":"SearchAction","target":{"@type":"EntryPoint","urlTemplate":"https:\/\/lpg.angels-garden.hu\/?s={search_term_string}"},"query-input":{"@type":"PropertyValueSpecification","valueRequired":true,"valueName":"search_term_string"}}],"inLanguage":"hu"}]}},"_links":{"self":[{"href":"https:\/\/lpg.angels-garden.hu\/index.php\/wp-json\/wp\/v2\/product\/1500","targetHints":{"allow":["GET"]}}],"collection":[{"href":"https:\/\/lpg.angels-garden.hu\/index.php\/wp-json\/wp\/v2\/product"}],"about":[{"href":"https:\/\/lpg.angels-garden.hu\/index.php\/wp-json\/wp\/v2\/types\/product"}],"replies":[{"embeddable":true,"href":"https:\/\/lpg.angels-garden.hu\/index.php\/wp-json\/wp\/v2\/comments?post=1500"}],"wp:featuredmedia":[{"embeddable":true,"href":"https:\/\/lpg.angels-garden.hu\/index.php\/wp-json\/wp\/v2\/media\/1501"}],"wp:attachment":[{"href":"https:\/\/lpg.angels-garden.hu\/index.php\/wp-json\/wp\/v2\/media?parent=1500"}],"wp:term":[{"taxonomy":"product_brand","embeddable":true,"href":"https:\/\/lpg.angels-garden.hu\/index.php\/wp-json\/wp\/v2\/product_brand?post=1500"},{"taxonomy":"product_cat","embeddable":true,"href":"https:\/\/lpg.angels-garden.hu\/index.php\/wp-json\/wp\/v2\/product_cat?post=1500"},{"taxonomy":"product_tag","embeddable":true,"href":"https:\/\/lpg.angels-garden.hu\/index.php\/wp-json\/wp\/v2\/product_tag?post=1500"}],"curies":[{"name":"wp","href":"https:\/\/api.w.org\/{rel}","templated":true}]}}